{"id":3,"date":"2020-11-08T15:24:54","date_gmt":"2020-11-08T13:24:54","guid":{"rendered":"http:\/\/localhost\/dakauf-web\/?page_id=3"},"modified":"2026-03-18T15:48:07","modified_gmt":"2026-03-18T13:48:07","slug":"privacy-policy","status":"publish","type":"page","link":"https:\/\/dakauf.eu\/et\/privacy-policy\/","title":{"rendered":"Privaatsuspoliitika"},"content":{"rendered":"<div class=\"row row-collapse align-center\"  id=\"row-1313059531\">\n\n\t<div id=\"col-222737645\" class=\"col medium-10 small-12 large-8\"  >\n\t\t\t\t<div class=\"col-inner\"  >\n\t\t\t\n\t\t\t\n<h1 style=\"margin-bottom:1em;font-size:1.6em;\">Privaatsuspoliitika<\/h1>\n<p>Dakauf SIA kohustub kaitsma oma klientide ja veebilehe https:\/\/dakauf.eu k\u00fclastajate andmete privaatsust ja turvalisust.\n<\/p>\n<p>K\u00e4esolevas privaatsuspoliitikas kirjeldatakse, milliseid isikuandmeid kogutakse ja kuidas https:\/\/dakauf.eu neid kasutab. Dakauf SIA-l on \u00f5igus k\u00e4esolevat privaatsuspoliitikat uuendada, avaldades veebilehel selle uue versiooni. Muudatustega kursis olemiseks palun kontrollige seda lehek\u00fclge aeg-ajalt.\n<\/p>\n<p>Veebileht https:\/\/dakauf.eu t\u00f6\u00f6tleb, avaldab, s\u00e4ilitab ja kasutab teie isikuandmeid turvaliselt, ausalt ja seaduslikult vastavalt ELi ja rahvusvahelisele \u00f5igusele.\n<\/p>\n<h2 style=\"margin-bottom:.75em;font-size:1.25em;line-height:1.6;\">Isikuandmete kogumine<\/h2>\n<p>Dakauf SIA-l on \u00f5igus koguda ja kasutada j\u00e4rgmisi isikuandmeid:\n<\/p>\n<ul>\n<li>selle veebilehe kasutamise teave (sealhulgas IP-aadress, geograafiline asukoht, brauseri t\u00fc\u00fcp ja versioon, operatsioonis\u00fcsteem, viitamisallikas, k\u00fclastuse pikkus, lehek\u00fclje vaatamine, veebilehe navigeerimisrajad, k\u00fclastuse aeg ja kuup\u00e4ev, muu statistika). Meil on \u00f5igus kasutada ka kolmanda osapoole teenuseid, n\u00e4iteks: e-panga ja tarneteenused, Google Analytics, Yandex.Metrica, Facebook ja Kelkoo Sales Tracking andmete kogumiseks, j\u00e4lgimiseks ja anal\u00fc\u00fcsimiseks, samuti k\u00e4ttetoimetamiseks ja maksete vastuv\u00f5tmiseks;<\/li>\n<li>meievaheline tehingute v\u00f5i k\u00e4esoleva veebilehe teave, sealhulgas teie poolt ostetud kaupade ja teenuste teave;<\/li>\n<li>veebilehele registreerumise teave (sealhulgas e-posti aadress, ees- ja perekonnanimi, arveldus- ja tarneaadressid);<\/li>\n<li>teenuste ja e-posti hoiatuste tellimise teave;<\/li>\n<li>mis tahes muu teie poolt jagatav teave https:\/\/dakauf.eu.<\/li>\n<\/ul>\n<h2 style=\"margin-bottom:.75em;font-size:1.25em;line-height:1.6;\">Muude andmete kogumine<\/h2>\n<p>Samuti kogume anon\u00fc\u00fcmseid andmeid, st andmeid, mida ei ole v\u00f5imalik konkreetse isikuga (sugu, vanus, keele-eelistused, asukoht) seostada. Lisaks on meil \u00f5igus koguda klientide veebipoe tegevuse koondandmeid. Neid andmeid kogutakse ja kasutatakse klientidele asjakohasema teabe pakkumiseks, samuti toodete, teenuste ja sektsioonide teabe saamiseks, mis esmat\u00e4htsat huvi pakuvad. K\u00e4esolevas privaatsuspoliitikas k\u00e4sitletakse koondandmeid anon\u00fc\u00fcmsetena.\n<\/p>\n<h2 style=\"margin-bottom:.75em;font-size:1.25em;line-height:1.6;\">Isikuandmete kasutamine<\/h2>\n<p>Dakauf SIA-l on teie isikuandmete kasutamise \u00f5igus:\n<\/p>\n<ul>\n<li>veebilehe haldamiseks;<\/li>\n<li>veebilehe isikup\u00e4rastamiseks teie jaoks;<\/li>\n<li>veebilehe juurdep\u00e4\u00e4su pakkumiseks ja teenuste v\u00f5imaldamiseks;<\/li>\n<li>kaupade tarneks (logistikapartneritele tarneandmete edastamise kaudu);<\/li>\n<li>teile ostetud teenuste osutamiseks;<\/li>\n<li>teadete ja arvete edastamiseks, maksete kogumiseks;<\/li>\n<li>taotletud e-posti teadete saatmiseks;<\/li>\n<li>teie poolt, teie kohta v\u00f5i seoses teenusega esitatud p\u00e4ringute, tagasiside ja kaebuste t\u00f6\u00f6tlemiseks;<\/li>\n<\/ul>\n<p>Meil on \u00f5igus esitatud e-posti aadressile saata perioodiliselt reklaamkirju uute toodete, eripakkumiste v\u00f5i muu teabe kohta, mida arvame teid huvitavat;<br \/>Samuti v\u00f5ime kasutada teie isikuandmeid teiega \u00fchenduse v\u00f5tmiseks ja meie turundus- v\u00f5i reklaammaterjalides teie ostuajaloo kasutamiseks\/avaldamiseks loa k\u00fcsimiseks.\n<\/p>\n<h2 style=\"margin-bottom:.75em;font-size:1.25em;line-height:1.6;\">Mis on k\u00fcpsised?<\/h2>\n<p>K\u00fcpsised on v\u00e4ikesed tekstifailid, mida k\u00fclastatavad veebilehed teie arvutisse v\u00f5i mobiilseadmesse laadivad. Iga j\u00e4rgneva k\u00fclastuse korral saadetakse need failid neid tuvastavale veebilehele tagasi. K\u00fcpsised toimivad kui konkreetse kodulehe m\u00e4lu, v\u00f5imaldades teid j\u00e4relk\u00fclastuste ajal tuvastada ja teie seaded taastada, muutes veebilehe kasutajas\u00f5bralikumaks. K\u00fcpsiste ja nende haldamise v\u00f5i kustutamise lisateabe leiate veebilehelt http:\/\/www.aboutcookies.org.uk\/managing-cookies.\n<\/p>\n<h2 style=\"margin-bottom:.75em;font-size:1.25em;line-height:1.6;\">Kuidas me k\u00fcpsiseid kasutame?<\/h2>\n<p>Veebileht kasutab k\u00fcpsiseid, et meeles pidada:\n<\/p>\n<ul>\n<li>kas kasutajat on juba k\u00fcpsiste kasutamisest teavitatud;<\/li>\n<li>millal toimus viimane veebilehe tegevus;<\/li>\n<li>autenditud kasutaja andmeid;<\/li>\n<li>kasutaja ostukorvi lisatud tooteid;<\/li>\n<\/ul>\n<h2 style=\"margin-bottom:.75em;font-size:1.25em;line-height:1.6;\">Google Analytics<\/h2>\n<p>Veebileht kasutab Google Analytics&#8217;i k\u00fcpsiseid, mille on v\u00e4lja t\u00f6\u00f6tanud Google Inc. Nende eesm\u00e4rk on veebilehe sisu parandamine ja kohandamine. Lisateavet Google Analyticsi kasutustingimuste kohta leiate aadressilt http:\/\/www.google.com\/analytics\/terms\/us.html. Kui te ei soovi, et Google Analytics teie sirvimistegevust j\u00e4lgiks, l\u00fclitage sisse Google Analytics Opt-out Browser Add-on https:\/\/support.google.com\/analytics\/answer\/181881). See blokeerija teavitab Google Analyticsi JavaScripti (ga.js), et konkreetse k\u00fclastuse andmeid ei tohi Google Analyticsile saata.<\/p>\n<h2 style=\"margin-bottom:.75em;font-size:1.25em;line-height:1.6;\">Yandex.Metrica<\/h2>\n<p>Veebileht kasutab Yandex.Metrica k\u00fcpsiseid, mis esitavad k\u00fclastatavuse isikustamata teavet. K\u00e4ttesaadav statistika h\u00f5lmab kasutajate arvu, liiklusallikaid ja kasutajate k\u00e4itumist veebilehel. Veebilehe kasutajate loendamiseks kasutab Yandex.Metrica anon\u00fc\u00fcmseid brauseri tunnuseid, mis on salvestatud k\u00fcpsistesse v\u00f5i localStorage&#8217;i omadustesse.<\/p>\n<h2 style=\"margin-bottom:.75em;font-size:1.25em;line-height:1.6;\">Facebook Pixel<\/h2>\n<p>Kasutajate k\u00e4itumise j\u00e4lgimiseks kasutame Facebooki pikslit, mis v\u00f5imaldab meil saata Facebooki suunatud asjakohast reklaami. See on j\u00e4lgimispiksel, mis kogub teie kohta teavet, mida kasutatakse Facebooki reklaamide sihtr\u00fchmade loomiseks ja optimeerimiseks. N\u00e4iteks kogub ja saadab see Facebookile andmeid, mis on seotud identifikaatoriga, nagu teie nimi v\u00f5i IP-aadress, selle kohta, et olete meie veebilehte k\u00fclastanud ja millele olete klikanud.<\/p>\n<h2 style=\"margin-bottom:.75em;font-size:1.25em;line-height:1.6;\">Kelkoo Sales Tracking<\/h2>\n<p>Kasutame Kelkoo Sales Tracking&#8217;ut &#8211; Kelkoo Group&#8217;i pakutavat j\u00e4lgimism\u00e4rgendit reklaami tulemuslikkuse m\u00f5\u00f5tmiseks ja optimeerimiseks. See m\u00e4rgend v\u00f5ib koguda andmeid kasutajate tegevuste kohta meie veebilehel p\u00e4rast Kelkoo kaudu suunamist, sealhulgas m\u00fc\u00fcgikonversioonide, tellimuse \u00fcksikasjade parameetrite ja brauseri tehnilise teabe kohta.<\/p>\n<h2 style=\"margin-bottom:.75em;font-size:1.25em;line-height:1.6;\">Cloudflare<\/h2>\n<p>Veebileht kasutab ettev\u00f5tte Cloudflare, Inc. pakutavaid teenuseid veebilehe j\u00f5udluse, t\u00f6\u00f6kindluse ja turvalisuse parandamiseks. Cloudflare v\u00f5ib kasutada k\u00fcpsiseid v\u00f5i sarnaseid tehnoloogiaid sisu t\u00f5husaks edastamiseks, veebilehe kaitsmiseks pahatahtliku tegevuse eest ning v\u00f5rguturvalisuse tagamiseks.<\/p>\n<h2 style=\"margin-bottom:.75em;font-size:1.25em;line-height:1.6;\">Cloudflare Turnstile<\/h2>\n<p>Kasutame Cloudflare Turnstil&#8217;i vormide ja interaktiivsete elementide kaitsmiseks automatiseeritud v\u00e4\u00e4rkasutuse eest. Turnstile t\u00f6\u00f6tleb piiratud tehnilist teavet ning v\u00f5ib kasutada k\u00fcpsiseid v\u00f5i sarnaseid mehhanisme, mis on rangelt vajalikud turvalisuse ja robotit\u00f5rje eesm\u00e4rgil. Neid k\u00fcpsiseid peetakse h\u00e4davajalikeks ning neid ei kasutata turundus- ega j\u00e4lgimiseesm\u00e4rkidel.<\/p>\n<h2 style=\"margin-bottom:.75em;font-size:1.25em;line-height:1.6;\">Kuidas k\u00fcpsised keelata?<\/h2>\n<p>K\u00fcpsiseid saab soovi korral keelata v\u00f5i kustutada. \u00dcksikasjalikumalt vt: www.aboutcookies.org. Saate kustutada k\u00f5ik oma arvutis olevad k\u00fcpsised ja samuti saate enamikke brausereid k\u00fcpsiste salvestamise blokeerimiseks seadistada. Kuid sellisel juhul peate iga kord k\u00f5ik veebilehe seaded k\u00e4sitsi seadistama ja v\u00f5ib juhtuda, et m\u00f5ned teenused ja funktsioonid lakkavad t\u00f6\u00f6tamast.\n<\/p>\n<h2 style=\"margin-bottom:.75em;font-size:1.25em;line-height:1.6;\">Teabe avalikustamine<\/h2>\n<p>Meil on \u00f5igus avaldada teie isikuandmeid ulatuses, mis on k\u00e4esolevas privaatsuspoliitikas s\u00e4testatud eesm\u00e4rkidel m\u00f5istlikult vajalik.\n<\/p>\n<p>Samuti v\u00f5ime avaldada teie isikuandmeid:\n<\/p>\n<ul>\n<li>seadusega n\u00f5utud ulatuses;<\/li>\n<li>seoses k\u00e4imasoleva v\u00f5i eelseisva kohtumenetlusega;<\/li>\n<li>oma seaduslike \u00f5iguste kehtestamiseks, teostamiseks v\u00f5i kaitsmiseks (sealhulgas teabe edastamiseks teistele isikutele, et v\u00e4ltida pettust ja v\u00e4hendada krediidiriski).<\/li>\n<\/ul>\n<h2 style=\"margin-bottom:.75em;font-size:1.25em;line-height:1.6;\">Kontaktandmed<\/h2>\n<p>Vastutav t\u00f6\u00f6tleja: Dakauf SIA, reg. nr. 40003412912<br \/>Juriidiline aadress: Latvia, R\u012bga, Gunara Astras 8, LV-1082<br \/>\u00d5iguslik taust: Dakauf SIA \u00f5igustatud huvid\n<\/p>\n<p>Privaatsuspoliitika tingimustega n\u00f5ustudes annab klient Dakauf SIA-le oma andmete automaatse t\u00f6\u00f6tlemise \u00f5iguse. Kliendil on \u00f5igus oma n\u00f5usolek igal ajal tagasi v\u00f5tta kas meie veebilehe kaudu v\u00f5i kirjaliku avalduse esitamisega. Avalduse v\u00f5i n\u00f5usoleku tagasiv\u00f5tmine ei kehti tagasiulatuvalt.\n<\/p>\n<p class=\"mb-0\">Kui teil tekib k\u00fcsimusi seoses k\u00e4esoleva privaatsuspoliitikaga v\u00f5i sellega, kuidas https:\/\/dakauf.eu teie isikuandmeid kasutab, siis kirjutage meile: &#x73;&#x75;&#112;&#112;o&#x72;&#x74;&#x40;&#100;&#97;k&#x61;&#x75;&#x66;&#46;&#101;u.<\/p>\n\t\t<\/div>\n\t\t\t\t\n<style>\n#col-222737645 > .col-inner {\n  padding: 15px 0px 15px 0px;\n}\n<\/style>\n\t<\/div>\n\n\t\n<\/div>\n","protected":false},"excerpt":{"rendered":"","protected":false},"author":1,"featured_media":0,"parent":0,"menu_order":0,"comment_status":"closed","ping_status":"closed","template":"","meta":{"footnotes":""},"class_list":["post-3","page","type-page","status-publish","hentry"],"_links":{"self":[{"href":"https:\/\/dakauf.eu\/et\/wp-json\/wp\/v2\/pages\/3"}],"collection":[{"href":"https:\/\/dakauf.eu\/et\/wp-json\/wp\/v2\/pages"}],"about":[{"href":"https:\/\/dakauf.eu\/et\/wp-json\/wp\/v2\/types\/page"}],"author":[{"embeddable":true,"href":"https:\/\/dakauf.eu\/et\/wp-json\/wp\/v2\/users\/1"}],"replies":[{"embeddable":true,"href":"https:\/\/dakauf.eu\/et\/wp-json\/wp\/v2\/comments?post=3"}],"version-history":[{"count":5,"href":"https:\/\/dakauf.eu\/et\/wp-json\/wp\/v2\/pages\/3\/revisions"}],"predecessor-version":[{"id":48091,"href":"https:\/\/dakauf.eu\/et\/wp-json\/wp\/v2\/pages\/3\/revisions\/48091"}],"wp:attachment":[{"href":"https:\/\/dakauf.eu\/et\/wp-json\/wp\/v2\/media?parent=3"}],"curies":[{"name":"wp","href":"https:\/\/api.w.org\/{rel}","templated":true}]}}