{"id":731,"date":"2021-03-28T01:23:34","date_gmt":"2021-03-27T23:23:34","guid":{"rendered":"https:\/\/dakauf.eu\/?page_id=731"},"modified":"2024-11-25T18:45:07","modified_gmt":"2024-11-25T16:45:07","slug":"delivery","status":"publish","type":"page","link":"https:\/\/dakauf.eu\/et\/delivery\/","title":{"rendered":"Tarne"},"content":{"rendered":"<div class=\"row row-collapse align-center\"  id=\"row-1894655833\">\n\n\t<div id=\"col-2051035865\" class=\"col medium-10 small-12 large-8\"  >\n\t\t\t\t<div class=\"col-inner text-left\"  >\n\t\t\t\n\t\t\t\n<h1 style=\"margin-bottom: 1em; font-size: 1.6em;\">Tarne<\/h1>\n<p>Loetelu riikidest, kuhu me tarnime: <strong>L\u00e4ti<\/strong>, <strong>Eesti<\/strong>, <strong>Leedu<\/strong>, <strong>Soome<\/strong>, <strong>Austria<\/strong>, <strong>Belgia<\/strong>, <strong>Bulgaaria<\/strong>, <strong>Horvaatia<\/strong>, <strong>K\u00fcpros<\/strong>, <strong>T\u0161ehhi Vabariik<\/strong>, <strong>Taani<\/strong>, <strong>Prantsusmaa<\/strong>, <strong>Saksamaa<\/strong>, <strong>Kreeka<\/strong>, <strong>Ungari<\/strong>, <strong>Iirimaa<\/strong>, <strong>Itaalia<\/strong>, <strong>Luksemburg<\/strong>, <strong>Malta<\/strong>, <strong>Holland<\/strong>, <strong>Poola<\/strong>, <strong>Portugal<\/strong>, <strong>Rumeenia<\/strong>, <strong>Slovakkia<\/strong>, <strong>Sloveenia<\/strong>, <strong>Hispaania<\/strong>, <strong>Rootsi<\/strong>.<\/p>\n<h2 style=\"margin-bottom: .75em; font-size: 1.25em; line-height: 1.6;\">Pakiautomaadid<\/h2>\n<p>Euroopas toimetab saadetisi DPD. Saate oma paki k\u00e4tte DPD pakikapist v\u00f5i DPD kulleriga. Kohaletoimetamine pakikappi v\u00f5tab tavaliselt 3-5 t\u00f6\u00f6p\u00e4eva.<\/p>\n<p>Kui ostate kaupa ja valite pakikapi kaudu k\u00e4ttetoimetamise, veenduge, et paki m\u00f5\u00f5tmed vastavad pakikapi suurusele.<\/p>\n<p>Tarneaeg on igas tsoonis erinev. Tellimuse vormistamisel veenduge, et tarneaeg teie riiki on sobiv. N\u00e4dalavahetustel ja riigip\u00fchadel tehtud tellimused toimetatakse kohale vastavalt DPD poolt m\u00e4\u00e4ratud tarneaegadele. E-pood ei saa m\u00f5jutada kolmanda osapoole m\u00e4\u00e4ratud tarneaega.<\/p>\n<h2 style=\"margin-bottom: .75em; font-size: 1.25em; line-height: 1.6;\">Kulleriga kohaletoimetamine<\/h2>\n<p>Kui soovite, et teie pakk toimetataks kulleriga sobivale aadressile, kasutage DPD kullerteenust. Tasumine toimub vastavalt arvele enne paki k\u00e4ttesaamist. DPD kullerteenuse kaudu toimuv k\u00e4ttetoimetamine v\u00f5tab tavaliselt 1-7 t\u00f6\u00f6p\u00e4eva.<\/p>\n<p>Kuller v\u00f5tab teiega eelnevalt \u00fchendust, et t\u00e4psustada teile sobiv tarneaeg.<\/p>\n<p>Paki k\u00e4ttesaamisel peate saatekirjale alla kirjutama. Enne saatekirja allkirjastamist veenduge, et pakend on terve. Kui leiate puuduse, v\u00f5ite paki kullerile tagastada, m\u00e4rkides, et pakend on kahjustatud. Kui teil on kahtlusi, kas kaup on tervena kohale j\u00f5udnud, v\u00f5ite paki kulleri juuresolekul lahti pakkida ja veenduda, et paki sisu on puutumata. Kui leiate kahjustusi, paluge kulleril need kirja panna ja pildistada. P\u00e4rast seda v\u00f5tke meiega v\u00f5imalikult kiiresti \u00fchendust.<\/p>\n\t\t<\/div>\n\t\t\t\t\n<style>\n#col-2051035865 > .col-inner {\n  padding: 15px 0px 15px 0px;\n}\n<\/style>\n\t<\/div>\n\n\t\n<\/div>\n","protected":false},"excerpt":{"rendered":"","protected":false},"author":1,"featured_media":0,"parent":0,"menu_order":0,"comment_status":"closed","ping_status":"closed","template":"","meta":{"footnotes":""},"class_list":["post-731","page","type-page","status-publish","hentry"],"_links":{"self":[{"href":"https:\/\/dakauf.eu\/et\/wp-json\/wp\/v2\/pages\/731"}],"collection":[{"href":"https:\/\/dakauf.eu\/et\/wp-json\/wp\/v2\/pages"}],"about":[{"href":"https:\/\/dakauf.eu\/et\/wp-json\/wp\/v2\/types\/page"}],"author":[{"embeddable":true,"href":"https:\/\/dakauf.eu\/et\/wp-json\/wp\/v2\/users\/1"}],"replies":[{"embeddable":true,"href":"https:\/\/dakauf.eu\/et\/wp-json\/wp\/v2\/comments?post=731"}],"version-history":[{"count":5,"href":"https:\/\/dakauf.eu\/et\/wp-json\/wp\/v2\/pages\/731\/revisions"}],"predecessor-version":[{"id":26245,"href":"https:\/\/dakauf.eu\/et\/wp-json\/wp\/v2\/pages\/731\/revisions\/26245"}],"wp:attachment":[{"href":"https:\/\/dakauf.eu\/et\/wp-json\/wp\/v2\/media?parent=731"}],"curies":[{"name":"wp","href":"https:\/\/api.w.org\/{rel}","templated":true}]}}