{"id":18738,"date":"2024-07-08T13:01:38","date_gmt":"2024-07-08T10:01:38","guid":{"rendered":"https:\/\/dakauf.eu\/en\/?post_type=product&#038;p=18738"},"modified":"2026-04-11T12:24:20","modified_gmt":"2026-04-11T09:24:20","slug":"rode-wireless-me-dual-compact-wireless-microphone-system-black","status":"publish","type":"product","link":"https:\/\/dakauf.eu\/et\/product\/rode-wireless-me-dual-compact-wireless-microphone-system-black\/","title":{"rendered":"RODE Wireless ME Dual Compact Wireless Microphone System Black"},"content":{"rendered":"","protected":false},"excerpt":{"rendered":"<p><span class=\"success-color\">\u2714<\/span> Series IV 2.4 GHz digital transmission for crystal-clear recording with over 100m range<br \/>\n<span class=\"success-color\">\u2714<\/span> High-quality microphones built into both the transmitter and receiver<br \/>\n<span class=\"success-color\">\u2714<\/span> Intelligent GainAssist technology automatically controls audio levels for perfectly clear sound in any application<br \/>\n<span class=\"success-color\">\u2714<\/span> Works seamlessly with cameras, computers, and iPhones or Android smartphones<br \/>\n<span class=\"success-color\">\u2714<\/span> In-built rechargeable lithium-ion battery \u2013 up to 7 hours battery life<br \/>\n<span class=\"success-color\">\u2714<\/span> Compatible with all R\u00d8DE Series IV devices, including the Wireless GO II, Wireless PRO, R\u00d8DECaster Duo, R\u00d8DECaster Pro II and Streamer X<\/p>\n","protected":false},"featured_media":18739,"template":"","meta":[],"product_cat":[69,276,277],"product_tag":[],"class_list":{"0":"post-18738","1":"product","2":"type-product","3":"status-publish","4":"has-post-thumbnail","6":"product_cat-audio","7":"product_cat-other-audio","8":"product_cat-microphones","10":"first","11":"onbackorder","12":"taxable","13":"shipping-taxable","14":"purchasable","15":"product-type-simple"},"_links":{"self":[{"href":"https:\/\/dakauf.eu\/et\/wp-json\/wp\/v2\/product\/18738"}],"collection":[{"href":"https:\/\/dakauf.eu\/et\/wp-json\/wp\/v2\/product"}],"about":[{"href":"https:\/\/dakauf.eu\/et\/wp-json\/wp\/v2\/types\/product"}],"wp:featuredmedia":[{"embeddable":true,"href":"https:\/\/dakauf.eu\/et\/wp-json\/wp\/v2\/media\/18739"}],"wp:attachment":[{"href":"https:\/\/dakauf.eu\/et\/wp-json\/wp\/v2\/media?parent=18738"}],"wp:term":[{"taxonomy":"product_cat","embeddable":true,"href":"https:\/\/dakauf.eu\/et\/wp-json\/wp\/v2\/product_cat?post=18738"},{"taxonomy":"product_tag","embeddable":true,"href":"https:\/\/dakauf.eu\/et\/wp-json\/wp\/v2\/product_tag?post=18738"}],"curies":[{"name":"wp","href":"https:\/\/api.w.org\/{rel}","templated":true}]}}