{"id":2260,"date":"2021-07-09T18:25:52","date_gmt":"2021-07-09T15:25:52","guid":{"rendered":"https:\/\/dakauf.eu\/product\/product\/"},"modified":"2025-08-04T10:37:02","modified_gmt":"2025-08-04T07:37:02","slug":"sony-wh-1000xm4-wireless-noise-canceling-headphones-black","status":"publish","type":"product","link":"https:\/\/dakauf.eu\/et\/product\/sony-wh-1000xm4-wireless-noise-canceling-headphones-black\/","title":{"rendered":"Sony WH-1000XM4 Wireless Noise-Canceling Headphones Black"},"content":{"rendered":"<div class=\"row\">\n<div class=\"col large-7\">\n<div class=\"product-description__label mb-0.25\">&#8211; Nautige muusikat ilma h\u00e4iringuteta<\/div>\n<p>Sony WH-1000XM4 k\u00f5rvaklapid kasutavad hulgaliselt nutikaid kuulamistehnoloogiaid, mis kohanduvad taibukalt teie \u00fcmbruse ja isiklike eelistustega, et luua sujuv k\u00e4ed-vaba kuulamiskogemus.<\/p>\n<div class=\"product-description__label mb-0.25\">&#8211; T\u00e4iustatud m\u00fcrasummutus<\/div>\n<p class=\"mb-0.5\">M\u00f5lemas k\u00f5rvaklapis asuva kahe m\u00fcraanduri t\u00f5ttu p\u00fc\u00fctakse kinni \u00fcmbritsev m\u00fcra ja andmed edastatakse HD-m\u00fcrasummutusprotsessorile QN1. HD m\u00fcrasummutusprotsessor QN1 kasutab uut algoritmi, et rakendada m\u00fcrasummutust\u00f6\u00f6tlust erinevates akustilistes keskkondades reaalajas. See toimib koos Bluetooth\u00ae Audio SoC-ga (System on Chip) ning kohandub muusika ja m\u00fcra signaalidega \u00fcle 700 korra sekundis.<\/p>\n<p>Olenemata sellest, kas olete pikal lennul v\u00f5i kohvikus l\u00f5\u00f5gastumas, pakuvad Sony k\u00f5rvaklapid WH-1000XM4 t\u00e4iustatud m\u00fcrasummutust, isoleerides veelgi rohkem k\u00f5rge ja keskmise sagedusega helisid.<\/p>\n<div class=\"product-description__label mb-0.25\">&#8211; Esmaklassiline helikvaliteet ja juhtmeta vabadus<\/div>\n<p>Maksimaalse \u00fclekandekiirusega 990 kbit\/s edastab LDAC ligikaudu kolm korda rohkem andmeid kui tavap\u00e4rane Bluetooth\u00ae-heli, v\u00f5imaldades kuulata laia sagedusvahemikuga helisisu juhtmega \u00fchendusele ligil\u00e4hedase kvaliteediga.<\/p>\n<div class=\"product-description__label mb-0.25\">&#8211; M\u00f5eldud kandmiseks kogu p\u00e4eva<\/div>\n<p>Sony WH-1000XM4 k\u00f5rvaklappides on \u00fchendatud stiilne disain ja erakordne mugavus. V\u00e4ga pehmed, mugavad ja survet leevendavad k\u00f5rvapadjad jaotavad \u00fchtlaselt survet ja suurendavad k\u00f5rva kontakti padjaga, et tagada stabiilne sobitumine. Lisaks muudab kerge konstruktsioon need kandmisel vaevum\u00e4rgatavaks.<\/p>\n<div class=\"product-description__label mb-0.25\">&#8211; Kogu p\u00e4eva kestev ja kiiresti laetav aku<\/div>\n<p class=\"mb-0\">T\u00e4nu koguni 30 tundi kestvale akule on Sony WH-1000XM4 k\u00f5rvaklapid t\u00f6\u00f6kindlad ka pikkade reiside ajal.<\/p>\n<\/div>\n<div class=\"col large-5\">\n<iframe loading=\"lazy\" class=\"mb-1.5\" src=\"https:\/\/www.youtube-nocookie.com\/embed\/vuoxprrEwbg\" width=\"500\" height=\"280\" frameborder=\"0\" allowfullscreen=\"allowfullscreen\"><\/iframe><img loading=\"lazy\" decoding=\"async\" src=\"https:\/\/dakauf.eu\/wp-content\/uploads\/2022\/05\/sony-wh-1000xm4-whathifi.png\" alt=\"\" width=\"289\" height=\"91\" \/>\n<\/div>\n<\/div>\n","protected":false},"excerpt":{"rendered":"<p><span class=\"success-color\">\u2714<\/span> Custom Sound for Activities &#038; Locations<br \/>\n<span class=\"success-color\">\u2714<\/span> Automatically Adjusts Ambient Sound<br \/>\n<span class=\"success-color\">\u2714<\/span> Wearing Detection &#038; Speak-to-Chat<br \/>\n<span class=\"success-color\">\u2714<\/span> DSEE Extreme Audio Upscaling<\/p>\n","protected":false},"featured_media":3400,"template":"","meta":[],"product_cat":[69,70,71],"product_tag":[],"class_list":{"0":"post-2260","1":"product","2":"type-product","3":"status-publish","4":"has-post-thumbnail","6":"product_cat-audio","7":"product_cat-headphones","8":"product_cat-bluetooth-headphones","10":"first","11":"outofstock","12":"sale","13":"taxable","14":"shipping-taxable","15":"purchasable","16":"product-type-simple"},"_links":{"self":[{"href":"https:\/\/dakauf.eu\/et\/wp-json\/wp\/v2\/product\/2260"}],"collection":[{"href":"https:\/\/dakauf.eu\/et\/wp-json\/wp\/v2\/product"}],"about":[{"href":"https:\/\/dakauf.eu\/et\/wp-json\/wp\/v2\/types\/product"}],"wp:featuredmedia":[{"embeddable":true,"href":"https:\/\/dakauf.eu\/et\/wp-json\/wp\/v2\/media\/3400"}],"wp:attachment":[{"href":"https:\/\/dakauf.eu\/et\/wp-json\/wp\/v2\/media?parent=2260"}],"wp:term":[{"taxonomy":"product_cat","embeddable":true,"href":"https:\/\/dakauf.eu\/et\/wp-json\/wp\/v2\/product_cat?post=2260"},{"taxonomy":"product_tag","embeddable":true,"href":"https:\/\/dakauf.eu\/et\/wp-json\/wp\/v2\/product_tag?post=2260"}],"curies":[{"name":"wp","href":"https:\/\/api.w.org\/{rel}","templated":true}]}}