{"id":26023,"date":"2024-11-21T18:40:49","date_gmt":"2024-11-21T16:40:49","guid":{"rendered":"https:\/\/dakauf.eu\/en\/?post_type=product&#038;p=26023"},"modified":"2026-03-07T05:07:23","modified_gmt":"2026-03-07T03:07:23","slug":"rode-wireless-me-dual-compact-wireless-microphone-system-white","status":"publish","type":"product","link":"https:\/\/dakauf.eu\/et\/product\/rode-wireless-me-dual-compact-wireless-microphone-system-white\/","title":{"rendered":"RODE Wireless ME Dual Compact Wireless Microphone System White"},"content":{"rendered":"","protected":false},"excerpt":{"rendered":"<p><span class=\"success-color\">\u2714<\/span> Series IV 2.4 GHz digital transmission for crystal-clear recording with over 100m range<br \/>\n<span class=\"success-color\">\u2714<\/span> High-quality microphones built into both the transmitter and receiver<br \/>\n<span class=\"success-color\">\u2714<\/span> Intelligent GainAssist technology automatically controls audio levels for perfectly clear sound in any application<br \/>\n<span class=\"success-color\">\u2714<\/span> Works seamlessly with cameras, computers, and iPhones or Android smartphones<br \/>\n<span class=\"success-color\">\u2714<\/span> In-built rechargeable lithium-ion battery \u2013 up to 7 hours battery life<br \/>\n<span class=\"success-color\">\u2714<\/span> Compatible with all R\u00d8DE Series IV devices, including the Wireless GO II, Wireless PRO, R\u00d8DECaster Duo, R\u00d8DECaster Pro II and Streamer X<\/p>\n","protected":false},"featured_media":26024,"template":"","meta":[],"product_cat":[69,276,277],"product_tag":[],"class_list":{"0":"post-26023","1":"product","2":"type-product","3":"status-publish","4":"has-post-thumbnail","6":"product_cat-audio","7":"product_cat-other-audio","8":"product_cat-microphones","10":"first","11":"onbackorder","12":"taxable","13":"shipping-taxable","14":"purchasable","15":"product-type-simple"},"_links":{"self":[{"href":"https:\/\/dakauf.eu\/et\/wp-json\/wp\/v2\/product\/26023"}],"collection":[{"href":"https:\/\/dakauf.eu\/et\/wp-json\/wp\/v2\/product"}],"about":[{"href":"https:\/\/dakauf.eu\/et\/wp-json\/wp\/v2\/types\/product"}],"wp:featuredmedia":[{"embeddable":true,"href":"https:\/\/dakauf.eu\/et\/wp-json\/wp\/v2\/media\/26024"}],"wp:attachment":[{"href":"https:\/\/dakauf.eu\/et\/wp-json\/wp\/v2\/media?parent=26023"}],"wp:term":[{"taxonomy":"product_cat","embeddable":true,"href":"https:\/\/dakauf.eu\/et\/wp-json\/wp\/v2\/product_cat?post=26023"},{"taxonomy":"product_tag","embeddable":true,"href":"https:\/\/dakauf.eu\/et\/wp-json\/wp\/v2\/product_tag?post=26023"}],"curies":[{"name":"wp","href":"https:\/\/api.w.org\/{rel}","templated":true}]}}