{"id":110,"date":"2020-11-15T17:42:18","date_gmt":"2020-11-15T15:42:18","guid":{"rendered":"http:\/\/localhost\/dakauf-web\/?page_id=110"},"modified":"2025-06-30T19:37:26","modified_gmt":"2025-06-30T16:37:26","slug":"about-us","status":"publish","type":"page","link":"https:\/\/dakauf.eu\/fi\/about-us\/","title":{"rendered":"Meist\u00e4"},"content":{"rendered":"<div class=\"row row-collapse align-center\"  id=\"row-360828381\">\n\n\t<div id=\"col-1038201386\" class=\"col medium-10 small-12 large-6\"  >\n\t\t\t\t<div class=\"col-inner text-center\"  >\n\t\t\t\n\t\t\t\n<h1 style=\"margin-bottom:2em;line-height:1.05;letter-spacing:.05em;font-size:.85em;text-transform:uppercase;opacity:.8;\">Meist\u00e4<\/h1>\n<h2 class=\"mb-0\" style=\"font-size: 200%;\">Teknologian on oltava kohtuuhintaista ihmisille kaikkialla maailmassa.<\/h2>\n\t\t<\/div>\n\t\t\t\t\n<style>\n#col-1038201386 > .col-inner {\n  margin: 0 0px 25px 0px;\n}\n@media (min-width:550px) {\n  #col-1038201386 > .col-inner {\n    margin: 30px 0px 25px 0px;\n  }\n}\n@media (min-width:850px) {\n  #col-1038201386 > .col-inner {\n    margin: 30px 0px 25px 0px;\n  }\n}\n<\/style>\n\t<\/div>\n\n\t\n<\/div>\n<div class=\"row row-collapse align-center\"  id=\"row-26377548\">\n\n\t<div id=\"col-893083838\" class=\"col medium-10 small-12 large-6\"  >\n\t\t\t\t<div class=\"col-inner text-left\"  >\n\t\t\t\n\t\t\t\n<p>El\u00e4mme maailmassa, joka liikkuu loputtomasti eteenp\u00e4in. Ihmisen evoluutio synnytt\u00e4\u00e4 uusia ideoita ja teknologioita. Maailmamme on globalisoitunut. Valmistajat, v\u00e4litt\u00e4j\u00e4t ja myyntipaikat laajenevat ja muuttuvat j\u00e4ttil\u00e4isiksi. Valmistajat toimittavat tuotteita v\u00e4litt\u00e4jille, jotka j\u00e4lleenmyyv\u00e4t ne myyntiverkostoissa. Valmistajasta alkava ketju nostaa tuotekustannuksia loppukuluttajalle r\u00e4j\u00e4hdysm\u00e4isesti.<\/p>\n<p>Dakauf muuttaa s\u00e4hk\u00f6isen kaupank\u00e4ynnin s\u00e4\u00e4nt\u00f6j\u00e4.<\/p>\n<p>Aluksi yrityksemme p\u00e4\u00e4toimialana oli tukkumyynti. Olemme yli viidentoista vuoden ajan toimineet tukkukauppiaana suurten valokuvausv\u00e4line- ja elektroniikkayritysten ja j\u00e4lleenmyyjien kanssa.<\/p>\n<p>Joidenkin markkinoilla tapahtuneiden muutosten vuoksi meill\u00e4 oli tilaisuus ohittaa j\u00e4lleenmyyj\u00e4linkki ja tarjota tuotteita loppuk\u00e4ytt\u00e4j\u00e4lle tukkuhintaan.<\/p>\n<p class=\"lead\" style=\"margin-bottom: 1em;\">Tiimimme perusti Dakauf-verkkokaupan sitoutuen tarjoamaan mahdollisimman alhaiset hinnat tinkim\u00e4tt\u00e4 erinomaisesta palvelusta. Tarjoamme vain korkealaatuisia tuotteita, joiden toimitus on nopea ja asiakaspalvelu luotettavaa, samalla pit\u00e4en kustannukset kurissa. Laatua ja edullisuutta ilman kompromisseja!<\/p>\n<p class=\"mb-0\">Mottomme \u2013 teknologian on oltava kohtuuhintaista ihmisille kaikkialla maailmassa.<\/p>\n\t\t<\/div>\n\t\t\t\t\n<style>\n#col-893083838 > .col-inner {\n  margin: 0px 0px 20px 0px;\n}\n@media (min-width:550px) {\n  #col-893083838 > .col-inner {\n    margin: 0px 0px 20px 0px;\n  }\n}\n@media (min-width:850px) {\n  #col-893083838 > .col-inner {\n    margin: 0px 0px 50px 0px;\n  }\n}\n<\/style>\n\t<\/div>\n\n\t\n<\/div>\n<div class=\"row row-collapse align-middle align-center hide-for-medium\"  id=\"row-1579933945\">\n\n\t<div id=\"col-7613491\" class=\"col medium-4 small-12 large-2\"  >\n\t\t\t\t<div class=\"col-inner text-center\"  >\n\t\t\t\n\t\t\t\n<p class=\"mb-0\"><svg width=\"68\" height=\"68\" viewBox=\"0 0 68 68\" fill=\"none\" xmlns=\"http:\/\/www.w3.org\/2000\/svg\">\n<path d=\"M68 0H0V68H68V0Z\" fill=\"#FFE100\"><\/path>\n<path d=\"M51.5193 48.1509C36.4002 50.8193 21.2614 54.3673 6.16794 58.8288C4.10346 59.4393 2.04714 60.0649 0 60.7049V66.0348C2.55153 65.3332 5.10306 64.6054 7.65306 63.852C22.7455 59.389 37.3801 54.1343 51.5193 48.1509Z\" fill=\"url(#paint0_linear)\"><\/path>\n<path d=\"M55.8118 38.1499C41.3003 41.2368 26.7787 45.1179 12.307 49.8231C8.16765 51.1687 4.0647 52.5713 0 54.0298V58.5174C4.59034 57.1923 9.17779 55.7852 13.7605 54.2953C28.2317 49.59 42.2601 44.1876 55.8118 38.1499Z\" fill=\"url(#paint1_linear)\"><\/path>\n<path d=\"M59.9259 28.6013C45.9661 32.0493 32.0076 36.2384 18.107 41.1941C11.9852 43.3765 5.94847 45.6809 0 48.103V51.765C6.53191 49.777 13.0575 47.6238 19.5704 45.3025C33.471 40.3463 46.9324 34.7611 59.9259 28.6013Z\" fill=\"url(#paint2_linear)\"><\/path>\n<path d=\"M63.852 19.4434C50.4157 23.2546 36.9886 27.7549 23.6268 32.964C15.5924 36.0964 7.71511 39.4339 0 42.9641V45.6518C8.3793 42.9473 16.7476 39.9713 25.092 36.7186C38.4523 31.509 51.3837 25.7326 63.852 19.4434Z\" fill=\"url(#paint3_linear)\"><\/path>\n<path d=\"M67.6365 10.6087C54.6934 14.7858 41.7673 19.6014 28.9114 25.0716C19.0191 29.2812 9.37805 33.7882 0 38.572V40.1588C10.1464 36.6655 20.2764 32.7776 30.3642 28.4857C43.2191 23.0153 55.6529 17.0388 67.6365 10.6087Z\" fill=\"url(#paint4_linear)\"><\/path>\n<path d=\"M68 3.92176V3.26233C56.6399 7.50043 45.3016 12.2298 34.0228 17.4575C22.305 22.8899 10.9565 28.7192 0 34.9065V35.2835C11.8529 30.9064 23.6849 25.9961 35.4527 20.5418C46.6451 15.3531 57.4994 9.80138 68 3.92176Z\" fill=\"url(#paint5_linear)\"><\/path>\n<path d=\"M4.33789 29.2764C16.3807 24.3483 28.3999 18.876 40.3492 12.8515C48.4956 8.74327 56.4572 4.45366 64.2252 0H60.1654C53.0772 3.17118 46.0032 6.53276 38.9543 10.0868C27.0069 16.1114 15.4596 22.5235 4.33789 29.2764Z\" fill=\"url(#paint6_linear)\"><\/path>\n<path d=\"M10.3495 22.8075C21.9675 17.4932 33.5645 11.6804 45.0937 5.36418C48.3105 3.60145 51.4966 1.81305 54.6534 0H49.1362C47.3396 0.95795 45.5439 1.92882 43.7502 2.9121C32.2213 9.22862 21.0802 15.8749 10.3495 22.8075Z\" fill=\"url(#paint7_linear)\"><\/path>\n<path d=\"M46.2656 0H41.5255C32.8861 5.30264 24.4791 10.77 16.3177 16.3817C26.3246 11.2849 36.3189 5.82488 46.2656 0Z\" fill=\"url(#paint8_linear)\"><\/path>\n<path d=\"M39.277 0H36.2886C31.549 3.27641 26.8864 6.59481 22.3024 9.95163C27.9657 6.74798 33.6266 3.43094 39.277 0Z\" fill=\"url(#paint9_linear)\"><\/path>\n<path d=\"M24.6467 65.5178L28.3184 48.9743L32.8433 48.9748L30.8708 57.7738L34.5256 53.3618H39.585L35.045 58.8776L36.9167 65.518H32.402L30.536 59.2265L29.0582 65.518H24.6467V65.5178ZM8.3082 57.2023L11.4964 65.5177H15.8329L19.57 48.9741L15.1036 48.9746L13.213 57.3898L10.0844 48.9694H5.55607L1.86401 65.5178H6.41797C6.93494 62.8664 7.62684 60.0659 8.3082 57.2023ZM22.4799 65.5178L25.1889 53.3685H20.7444L18.0359 65.5178H22.4799ZM20.9722 50.7068C20.9722 51.0881 21.0618 52.436 23.4941 52.436C25.5146 52.436 26.2937 51.1413 26.2937 50.1747C26.2937 49.5239 25.7618 48.3946 23.7707 48.3946C21.9368 48.3948 20.9722 49.621 20.9722 50.7068ZM63.7192 53.2046C61.8189 52.6386 59.4641 53.5776 58.3018 55.1863C58.4147 54.6877 58.5354 54.1078 58.6719 53.44H54.162L51.5227 65.5178H56.0109L57.5081 58.6675C57.7833 57.4068 58.797 56.8681 59.6948 57.1001C60.0819 57.2048 60.6143 57.4974 60.438 58.5478L58.9147 65.5177H63.35L65.383 56.2158C65.8138 54.1658 64.1301 53.3276 63.7192 53.2046ZM48.6278 64.4222C50.5762 62.829 51.5397 60.1351 51.5088 57.6006C51.4758 55.1645 49.4127 52.8537 45.8235 52.8537C38.9815 52.8537 37.9863 58.1868 37.7886 59.1602C37.2876 61.6225 37.8449 64.8185 41.0587 65.6654C43.1793 66.2252 46.4953 66.1645 48.6278 64.4222ZM43.6085 57.3806C43.9302 56.4944 44.8058 56.2982 45.2016 56.2943C46.1823 56.286 46.4508 56.8676 46.3654 57.4155C46.1295 58.9344 45.6033 60.8619 45.409 61.4763C45.4066 61.4844 45.4051 61.4922 45.4027 61.499C45.189 62.17 44.5568 62.5607 43.8125 62.5607C43.0591 62.5607 42.6037 62.0869 42.6686 61.4831C42.7791 60.4637 43.4244 57.8871 43.6085 57.3806Z\" fill=\"#150301\"><\/path>\n<defs>\n<linearGradient id=\"paint0_linear\" x1=\"-39.503\" y1=\"75.0623\" x2=\"53.4068\" y2=\"47.5944\" gradientUnits=\"userSpaceOnUse\">\n<stop stop-color=\"#FFE419\"><\/stop>\n<stop offset=\"0.34\" stop-color=\"white\"><\/stop>\n<stop offset=\"0.66\" stop-color=\"white\"><\/stop>\n<stop offset=\"1\" stop-color=\"#FFE419\"><\/stop>\n<\/linearGradient>\n<linearGradient id=\"paint1_linear\" x1=\"-31.5258\" y1=\"66.546\" x2=\"57.6782\" y2=\"37.5447\" gradientUnits=\"userSpaceOnUse\">\n<stop stop-color=\"#FFE419\"><\/stop>\n<stop offset=\"0.355\" stop-color=\"white\"><\/stop>\n<stop offset=\"0.645\" stop-color=\"white\"><\/stop>\n<stop offset=\"1\" stop-color=\"#FFE419\"><\/stop>\n<\/linearGradient>\n<linearGradient id=\"paint2_linear\" x1=\"-24.0246\" y1=\"58.528\" x2=\"61.7654\" y2=\"27.9459\" gradientUnits=\"userSpaceOnUse\">\n<stop stop-color=\"#FFE419\"><\/stop>\n<stop offset=\"0.37\" stop-color=\"white\"><\/stop>\n<stop offset=\"0.63\" stop-color=\"white\"><\/stop>\n<stop offset=\"1\" stop-color=\"#FFE419\"><\/stop>\n<\/linearGradient>\n<linearGradient id=\"paint3_linear\" x1=\"-16.918\" y1=\"50.9347\" x2=\"65.658\" y2=\"18.7391\" gradientUnits=\"userSpaceOnUse\">\n<stop stop-color=\"#FFE419\"><\/stop>\n<stop offset=\"0.385\" stop-color=\"white\"><\/stop>\n<stop offset=\"0.615\" stop-color=\"white\"><\/stop>\n<stop offset=\"1\" stop-color=\"#FFE419\"><\/stop>\n<\/linearGradient>\n<linearGradient id=\"paint4_linear\" x1=\"-10.102\" y1=\"43.6874\" x2=\"69.4455\" y2=\"9.84004\" gradientUnits=\"userSpaceOnUse\">\n<stop stop-color=\"#FFE419\"><\/stop>\n<stop offset=\"0.4\" stop-color=\"white\"><\/stop>\n<stop offset=\"0.6\" stop-color=\"white\"><\/stop>\n<stop offset=\"1\" stop-color=\"#FFE419\"><\/stop>\n<\/linearGradient>\n<linearGradient id=\"paint5_linear\" x1=\"-3.58183\" y1=\"36.7622\" x2=\"73.1263\" y2=\"1.20397\" gradientUnits=\"userSpaceOnUse\">\n<stop stop-color=\"#FFE626\"><\/stop>\n<stop offset=\"0.415\" stop-color=\"white\"><\/stop>\n<stop offset=\"0.585\" stop-color=\"white\"><\/stop>\n<stop offset=\"1\" stop-color=\"#FFE419\"><\/stop>\n<\/linearGradient>\n<linearGradient id=\"paint6_linear\" x1=\"2.64504\" y1=\"30.129\" x2=\"76.7033\" y2=\"-7.21516\" gradientUnits=\"userSpaceOnUse\">\n<stop stop-color=\"#FFE733\"><\/stop>\n<stop offset=\"0.43\" stop-color=\"white\"><\/stop>\n<stop offset=\"0.57\" stop-color=\"white\"><\/stop>\n<stop offset=\"1\" stop-color=\"#FFE419\"><\/stop>\n<\/linearGradient>\n<linearGradient id=\"paint7_linear\" x1=\"8.71415\" y1=\"23.7035\" x2=\"80.2238\" y2=\"-15.4791\" gradientUnits=\"userSpaceOnUse\">\n<stop stop-color=\"#FFE940\"><\/stop>\n<stop offset=\"0.445\" stop-color=\"white\"><\/stop>\n<stop offset=\"0.555\" stop-color=\"white\"><\/stop>\n<stop offset=\"1\" stop-color=\"#FFE419\"><\/stop>\n<\/linearGradient>\n<linearGradient id=\"paint8_linear\" x1=\"14.7055\" y1=\"17.3662\" x2=\"83.6074\" y2=\"-23.6273\" gradientUnits=\"userSpaceOnUse\">\n<stop stop-color=\"#FFEA4C\"><\/stop>\n<stop offset=\"0.46\" stop-color=\"white\"><\/stop>\n<stop offset=\"0.54\" stop-color=\"white\"><\/stop>\n<stop offset=\"1\" stop-color=\"#FFE419\"><\/stop>\n<\/linearGradient>\n<linearGradient id=\"paint9_linear\" x1=\"20.7589\" y1=\"10.992\" x2=\"87.1135\" y2=\"-31.8517\" gradientUnits=\"userSpaceOnUse\">\n<stop stop-color=\"#FFEC59\"><\/stop>\n<stop offset=\"0.475\" stop-color=\"white\"><\/stop>\n<stop offset=\"0.525\" stop-color=\"white\"><\/stop>\n<stop offset=\"1\" stop-color=\"#FFE419\"><\/stop>\n<\/linearGradient>\n<\/defs>\n<\/svg><\/p>\n\t\t<\/div>\n\t\t\t\t\t<\/div>\n\n\t\n\n\t<div id=\"col-489156797\" class=\"col medium-4 small-12 large-2\"  >\n\t\t\t\t<div class=\"col-inner text-center\"  >\n\t\t\t\n\t\t\t\n<p class=\"mb-0\"><svg width=\"123\" height=\"26\" viewBox=\"0 0 123 26\" fill=\"none\" xmlns=\"http:\/\/www.w3.org\/2000\/svg\">\n<path d=\"M19.8099 23.4687C14.1689 23.4687 9.59724 18.7821 9.59724 13.0012C9.59724 7.22008 14.1689 2.538 19.8099 2.538C21.7982 2.538 23.6545 3.11901 25.2227 4.12609L19.8099 13.0012L30 6.9727C28.8929 5.16535 27.305 3.60802 25.385 2.42627C22.9417 0.927528 19.543 0 15.7848 0C10.4239 0 5.72079 1.996 3.09797 4.98509C1.15611 7.19475 0 9.97578 0 13.0011C0 16.0286 1.15611 18.8116 3.09797 21.0228C5.72762 24.0157 10.3607 26 15.6332 26C20.9049 26 25.5366 24.0141 28.1679 21.0228C28.312 20.8581 28.4515 20.6918 28.5835 20.5194L28.1861 18.9934C26.3374 21.6972 23.2754 23.4687 19.8099 23.4687\" fill=\"#BF1920\"><\/path>\n<path d=\"M55 25.532L50.5794 9.49603C49.8693 6.90466 47.4426 5 44.5535 5C43.8042 5 43.0863 5.13018 42.4201 5.36584L32.9032 8.73096H42.6912L44.3639 14.8051C42.7414 13.4473 40.6283 12.6211 38.3145 12.6211C33.7199 12.6211 30 15.615 30 19.3082C30 23.0016 33.7199 26 38.3145 26C41.6221 26 44.5473 24.4254 46.3516 22.0062L47.3219 25.532H55V25.532ZM41.5155 23.0413C39.3962 23.0413 37.6781 21.3721 37.6781 19.3082C37.6781 17.2473 39.3962 15.5766 41.5155 15.5766C43.6349 15.5766 45.3546 17.2473 45.3546 19.3082C45.3546 21.3721 43.6349 23.0413 41.5155 23.0413Z\" fill=\"#BF1920\"><\/path>\n<path d=\"M72.2299 5C71.6603 5 71.1215 5.12755 70.6412 5.35598L64.6404 8.18856C64.3433 6.37918 62.7915 5 60.9196 5C60.353 5 59.8127 5.12755 59.3262 5.35598L52 8.81367H57.151V26H64.6912V10.7257C64.6912 9.67174 65.5333 8.81383 66.577 8.81383C67.6146 8.81383 68.4629 9.67174 68.4629 10.7257V26H76V8.81367C76 6.706 74.3112 5.00016 72.2299 5.00016\" fill=\"#BF1920\"><\/path>\n<path d=\"M100 15.5004C100 21.2998 95.3005 26 89.5038 26C83.7025 26 79 21.2998 79 15.5004C79 9.70251 83.7025 5 89.5038 5C95.3005 5 100 9.70266 100 15.5004V15.5004ZM89.9382 8.18678C89.6082 6.95124 88.3384 6.21782 87.1033 6.54994C85.8698 6.8807 85.1328 8.15151 85.4642 9.38689L89.0649 22.8135C89.3978 24.0503 90.6646 24.7829 91.8997 24.456C93.1347 24.1214 93.8688 22.8514 93.5373 21.6161L89.9382 8.18678V8.18678Z\" fill=\"#BF1920\"><\/path>\n<path d=\"M119.232 5C118.661 5 118.119 5.12755 117.631 5.35598L111.637 8.18856C111.341 6.37918 109.789 5 107.917 5C107.351 5 106.811 5.12755 106.323 5.35598L99 8.81367H104.149V26H111.687V10.7257C111.687 9.67174 112.531 8.81383 113.575 8.81383C114.615 8.81383 115.457 9.67174 115.457 10.7257V26H123V8.81367C123 6.706 121.31 5.00016 119.232 5.00016\" fill=\"#BF1920\"><\/path>\n<\/svg><\/p>\n\t\t<\/div>\n\t\t\t\t\t<\/div>\n\n\t\n\n\t<div id=\"col-1222757614\" class=\"col medium-4 small-12 large-2\"  >\n\t\t\t\t<div class=\"col-inner text-center\"  >\n\t\t\t\n\t\t\t\n<p class=\"mb-0\"><svg width=\"124\" height=\"22\" viewBox=\"0 0 124 22\" fill=\"none\" xmlns=\"http:\/\/www.w3.org\/2000\/svg\">\n<path d=\"M44.1759 21.9997C39.684 21.9997 35.5143 20.6423 32.731 18.1248C30.6282 16.2229 29.6178 13.6394 29.6178 10.9804C29.6178 8.35382 30.6718 5.75255 32.7308 3.86063C35.3156 1.48669 39.8792 0 44.1759 0C48.9307 0 52.7364 1.20692 55.6456 3.86715C57.7155 5.76008 58.7162 8.3498 58.7162 10.9807C58.7162 13.5308 57.6543 16.2464 55.6456 18.1248C52.9365 20.6586 48.6792 21.9997 44.1759 21.9997V19.0981C46.56 19.0981 48.7716 18.2686 50.3161 16.7199C51.8499 15.1818 52.5645 13.2911 52.5645 10.9804C52.5645 8.76683 51.7937 6.69726 50.3161 5.22938C48.7923 3.71685 46.5279 2.86574 44.1759 2.86574C41.8166 2.86574 39.5508 3.70807 38.0257 5.22938C36.5561 6.69675 35.7832 8.77235 35.7832 10.9804C35.7832 13.1817 36.5651 15.2561 38.0257 16.7202C39.552 18.2503 41.8099 19.0984 44.1759 19.0984V22V21.9997ZM11.3448 0.0105386C8.94195 0.0105386 6.2122 0.463446 3.8928 1.50727C1.75219 2.46979 5.07323e-07 4.02648 5.07323e-07 6.60718C-0.000995477 8.93143 1.46484 10.2927 1.425 10.255C2.04849 10.8334 3.05219 11.8182 5.67636 12.3966C6.84913 12.6551 9.35652 13.052 11.8535 13.315C14.332 13.5784 16.7711 13.8289 17.7646 14.0823C18.5539 14.2848 19.8798 14.5605 19.8798 16.0595C19.8798 17.5525 18.483 18.0081 18.2402 18.107C17.9977 18.2036 16.3219 18.9784 13.3096 18.9784C11.0856 18.9784 8.41183 18.3045 7.43726 17.9532C6.31379 17.5502 5.13529 17.0173 4.03598 15.6641C3.76258 15.3286 3.33132 14.406 3.33132 13.4924H0.605061V21.1905H3.63534V20.1505C3.63534 20.032 3.78225 19.545 4.29095 19.7766C4.9239 20.0664 6.78191 20.8119 8.72457 21.2206C10.3174 21.5564 11.3445 21.797 13.3248 21.797C16.5557 21.797 18.2915 21.2666 19.4914 20.9213C20.6218 20.5951 22.0187 20.0095 23.1534 19.0976C23.7679 18.6046 25.1155 17.3407 25.1155 15.0466C25.1155 12.8445 23.9427 11.4777 23.5301 11.062C22.9681 10.4954 22.2817 10.0563 21.5663 9.71781C20.9431 9.42223 19.9595 9.06718 19.1548 8.8687C17.5928 8.48229 14.0611 8.00554 12.3721 7.82739C10.601 7.64096 7.52864 7.38452 6.30159 7.00187C5.92959 6.8857 5.17115 6.52161 5.17115 5.63437C5.17115 5.00331 5.518 4.46835 6.20349 4.03602C7.2916 3.349 9.48949 2.92194 11.7805 2.92194C14.4891 2.9119 16.7828 3.53594 18.2419 4.19334C18.7382 4.41666 19.3189 4.73733 19.78 5.11672C20.3004 5.54429 21.0309 6.43279 21.2951 7.67207H23.7428V0.971053H21.0098V1.7499C21.0098 2.00132 20.7521 2.32802 20.2648 2.05803C19.0417 1.41141 15.5837 0.0163097 11.3443 0.0105386H11.3448ZM71.2368 1.22824L84.5685 13.3526L84.4316 5.18949C84.4181 4.11907 84.2224 3.67219 83.0735 3.67219H80.5669V1.23025H91.9659V3.67219H89.5208C88.349 3.67219 88.2751 4.04982 88.2609 5.18949L88.4675 20.7873H84.5638L69.2082 6.97678L69.2114 16.7781C69.2249 17.8435 69.2744 18.3454 70.3638 18.3454H73.1015V20.7863H61.9066V18.3456H64.5236C65.5011 18.3456 65.4623 17.4064 65.4623 16.7227V5.28233C65.4623 4.54388 65.3595 3.67394 63.8246 3.67394H61.7012V1.22824H71.2368ZM104.992 18.3409C105.099 18.3409 105.574 18.3271 105.666 18.2987C105.93 18.2159 106.108 18.0267 106.191 17.8295C106.226 17.7467 106.243 17.3803 106.243 17.3008L106.245 13.4417C106.245 13.3488 106.238 13.3087 106.082 13.1019C105.91 12.8761 99.0989 5.09765 98.7872 4.75515C98.4 4.32984 97.7202 3.67244 96.6874 3.67244H94.3187V1.2295H107.687V3.66943H106.075C105.702 3.66943 105.455 4.02573 105.773 4.42168C105.773 4.42168 110.271 9.84327 110.313 9.89997C110.355 9.95769 110.391 9.97149 110.448 9.91879C110.504 9.86485 115.059 4.47136 115.094 4.4287C115.311 4.16725 115.164 3.67219 114.697 3.67219H113.044V1.2295H124V3.67219H121.552C120.664 3.67219 120.303 3.83779 119.635 4.59883C119.33 4.9471 112.446 12.8653 112.258 13.0799C112.16 13.192 112.169 13.3483 112.169 13.4412V17.2998C112.169 17.3781 112.186 17.7449 112.221 17.8272C112.304 18.0255 112.483 18.2146 112.746 18.2964C112.839 18.3251 113.308 18.3391 113.414 18.3391H115.918V20.7815H102.619V18.3389L104.992 18.3409H104.992Z\" fill=\"black\"><\/path>\n<\/svg><\/p>\n\t\t<\/div>\n\t\t\t\t\t<\/div>\n\n\t\n\n\t<div id=\"col-821093949\" class=\"col medium-4 small-12 large-2\"  >\n\t\t\t\t<div class=\"col-inner text-center\"  >\n\t\t\t\n\t\t\t\n<p class=\"mb-0\"><svg width=\"127\" height=\"21\" viewBox=\"0 0 127 21\" fill=\"none\" xmlns=\"http:\/\/www.w3.org\/2000\/svg\">\n<path d=\"M96.1234 0.00254906V16.4388C96.1234 17.5071 96.6508 18.0557 97.7258 18.1102C97.7392 18.1113 103.142 18.1113 103.142 18.1113V19.9553C103.142 20.1611 103.031 20.3058 102.801 20.3058H94.0335C91.3249 20.3058 90.9243 18.8146 90.9243 17.4603V1.11981C90.9243 0.348633 91.2181 -0.0163693 92.1295 0.00366126L96.1234 0.00254906Z\" fill=\"black\"><\/path>\n<path d=\"M86.0189 0.00254906L86.02 19.2353C86.02 20.091 85.6573 20.3058 84.9295 20.3058H80.8154V1.06417C80.8154 0.429869 81.058 0.00366126 81.9805 0.00366126L86.0189 0.00254906Z\" fill=\"black\"><\/path>\n<path d=\"M0 2.80092C0 1.253 0.00333846 -2.40459e-05 2.54611 -2.40459e-05H13.7232V1.95407C13.7232 2.09317 13.6575 2.21892 13.4628 2.21892L6.76478 2.21669C5.86451 2.21669 5.4116 2.64846 5.4116 3.55652V8.71217H13.2925L13.2936 10.7597C13.2936 10.9411 13.1801 11.0368 13.0021 11.0368H5.4116V19.2171C5.39491 20.0061 5.00097 20.3199 4.13521 20.3043H0V2.80092Z\" fill=\"black\"><\/path>\n<path d=\"M21.7952 0.000562138V15.4764C21.7952 16.8051 21.9833 17.7365 22.9158 18.2751C24.1655 18.9985 26.2821 19.0096 27.5563 18.2952C28.4276 17.8089 28.7603 17.0277 28.7603 15.4809V1.03214C28.7603 0.382256 29.0085 0.000562138 29.9165 0.000562138H33.9616L33.9627 15.0191C33.9627 18.5077 31.766 19.9388 29.8242 20.4696C27.2402 21.174 23.3153 21.1851 20.8772 20.4529C17.9638 19.576 16.6029 17.8512 16.5995 15.0202L16.5973 1.04327C16.5973 0.368903 16.8399 0.000562138 17.6155 0.000562138H21.7952Z\" fill=\"black\"><\/path>\n<path d=\"M120.174 0.00366339C119.148 0.00366339 118.562 0.482172 118.331 1.39802L115.018 15.3983L114.928 15.3961L111.506 0.00366339H106.828C105.925 0.00366339 105.642 0.467706 105.642 1.18436V20.3058H107.618C107.936 20.3058 108.068 20.1478 108.068 19.8239V3.79167H108.38L112.61 20.3058H115.38C116.424 20.3058 116.812 19.8774 117.069 18.8458L120.866 3.79167H121.173L121.172 20.3058L124.868 20.3002C125.775 20.3002 126.189 19.9519 126.189 19.0606V0.00255119L120.174 0.00366339Z\" fill=\"black\"><\/path>\n<path d=\"M58.68 11.0362H53.4788V20.3059H57.5917C58.3161 20.3059 58.6812 20.0934 58.6812 19.2354C58.6812 19.2354 58.68 15.2704 58.68 11.0362Z\" fill=\"black\"><\/path>\n<path d=\"M58.377 7.07503C58.5595 6.92703 58.6663 6.81574 58.6797 6.49748V0.00422887H54.6413C53.7321 0.00422887 53.4795 0.448241 53.4795 1.08032V10.9109L58.377 7.07503Z\" fill=\"#ED1A3A\"><\/path>\n<path d=\"M40.5457 18.6998C42.8047 18.3804 43.5558 17.0383 43.5558 15.0598V1.10512C43.5558 0.270516 44.0076 0.000100905 44.5907 0.000100905H48.7571V13.1947C48.7571 16.4397 48.0738 18.0788 46.152 19.462C45.1516 20.1798 43.4023 20.9988 39.612 20.9988C37.442 20.9988 36.4772 20.8764 36.347 20.8464C36.1634 20.8041 36.0889 20.6917 36.0889 20.5326V18.8289C36.9802 18.8545 39.0211 18.9168 40.5457 18.6998Z\" fill=\"black\"><\/path>\n<path d=\"M66.56 0.000580199C64.0195 0.000580199 64.0183 1.25361 64.0183 2.80153V8.03285C64.0183 8.14079 63.9716 8.18419 63.9226 8.23204L60.365 11.0352H64.0183V20.3038H68.1513C69.0171 20.3205 69.411 20.0056 69.4255 19.2177V11.0374H77.016C77.194 11.0374 77.3086 10.9406 77.3086 10.7603V8.71166H69.4255V3.55601C69.4255 2.64907 69.8795 2.21619 70.7787 2.21619L77.4789 2.21841C77.6714 2.21841 77.7393 2.09378 77.7393 1.95468V0.000580199H66.56Z\" fill=\"black\"><\/path>\n<\/svg><\/p>\n\t\t<\/div>\n\t\t\t\t\t<\/div>\n\n\t\n\n\t<div id=\"col-1313379169\" class=\"col medium-4 small-12 large-2\"  >\n\t\t\t\t<div class=\"col-inner text-center\"  >\n\t\t\t\n\t\t\t\n<p class=\"mb-0\"><svg width=\"67\" height=\"67\" viewBox=\"0 0 67 67\" fill=\"none\" xmlns=\"http:\/\/www.w3.org\/2000\/svg\">\n<g clip-path=\"url(#clip0)\">\n<path fill-rule=\"evenodd\" clip-rule=\"evenodd\" d=\"M64.4483 66.9951H2.53731C1.13256 66.9951 -0.00610352 65.8564 -0.00610352 64.4515V2.53629C-0.00610352 1.13144 1.13256 -0.0066541 2.53731 -0.0066541H64.4483C65.853 -0.0066541 66.9917 1.13144 66.9917 2.53629V64.4515C66.9917 65.8564 65.853 66.9951 64.4483 66.9951Z\" fill=\"#FF6700\"><\/path>\n<path d=\"M52.5292 21.0667H47.2584C47.0327 21.0667 46.85 21.2463 46.85 21.4675V45.5179C46.85 45.7372 47.0327 45.9167 47.2584 45.9167H52.5292C52.753 45.9167 52.9383 45.7372 52.9383 45.5179V21.4675C52.9383 21.2463 52.753 21.0667 52.5292 21.0667Z\" fill=\"white\"><\/path>\n<path d=\"M34.5323 21.0659H14.4549C14.2292 21.0659 14.0477 21.2454 14.0477 21.4666V45.517C14.0477 45.7363 14.2292 45.9158 14.4549 45.9158H19.727C19.9514 45.9158 20.1374 45.7363 20.1374 45.517V26.641C20.1374 26.423 20.3188 26.2422 20.5445 26.2422H31.9011C35.0946 26.2422 36.0012 28.6883 36.0012 30.2663V45.517C36.0012 45.7363 36.1846 45.9158 36.4103 45.9158H41.6792C41.9036 45.9158 42.0876 45.7363 42.0876 45.517V28.4556C42.0876 27.0482 41.9183 25.0246 40.1026 23.2434C38.2029 21.3839 36.4699 21.0659 34.5323 21.0659\" fill=\"white\"><\/path>\n<path d=\"M30.8393 30.6461H25.3043C25.0786 30.6461 24.8933 30.8256 24.8933 31.0456V45.5198C24.8933 45.7384 25.0786 45.918 25.3043 45.918H30.8393C31.063 45.918 31.2464 45.7384 31.2464 45.5198V31.0456C31.2464 30.8256 31.063 30.6461 30.8393 30.6461Z\" fill=\"white\"><\/path>\n<\/g>\n<defs>\n<clipPath id=\"clip0\">\n<rect width=\"67\" height=\"67\" fill=\"white\"><\/rect>\n<\/clipPath>\n<\/defs>\n<\/svg><\/p>\n\t\t<\/div>\n\t\t\t\t\t<\/div>\n\n\t\n<\/div>\n<div class=\"row row-collapse align-center\"  id=\"row-559461119\">\n\n\t<div id=\"col-595979768\" class=\"col medium-10 small-12 large-6\"  >\n\t\t\t\t<div class=\"col-inner text-left\"  >\n\t\t\t\n\t\t\t\n<p>Viidentoista vuoden kokemuksen ansiosta maailmanlaajuisesta tukkumyynnist\u00e4 olemme pystyneet kehitt\u00e4m\u00e4\u00e4n oman mallimme tavaroiden toimittamista varten.<\/p>\n<p class=\"lead\" style=\"margin-bottom: 1em;\">Myyntimallimme ansiosta voimme tarjota nopeinta mahdollista toimitusta kaikkialle Eurooppaan ja asiakasyst\u00e4v\u00e4llisi\u00e4 hintoja. Tuotteet ainoastaan valmistajilta, takuu ja k\u00e4tev\u00e4 toimitus ostajalle toimitusehdoissa m\u00e4\u00e4riteltyjen tietojen mukaisesti.<\/p>\n<p>Osta kanssamme ja saat vain edullisia hintoja!<\/p>\n<p>Tervetuloa Dakaufiin!<\/p>\n\t\t<\/div>\n\t\t\t\t\n<style>\n#col-595979768 > .col-inner {\n  margin: 0 0px 0px 0px;\n}\n@media (min-width:550px) {\n  #col-595979768 > .col-inner {\n    margin: 0 0px 0px 0px;\n  }\n}\n@media (min-width:850px) {\n  #col-595979768 > .col-inner {\n    margin: 50px 0px 0px 0px;\n  }\n}\n<\/style>\n\t<\/div>\n\n\t\n<\/div>\n","protected":false},"excerpt":{"rendered":"","protected":false},"author":1,"featured_media":0,"parent":0,"menu_order":0,"comment_status":"closed","ping_status":"closed","template":"","meta":{"footnotes":""},"class_list":["post-110","page","type-page","status-publish","hentry"],"_links":{"self":[{"href":"https:\/\/dakauf.eu\/fi\/wp-json\/wp\/v2\/pages\/110"}],"collection":[{"href":"https:\/\/dakauf.eu\/fi\/wp-json\/wp\/v2\/pages"}],"about":[{"href":"https:\/\/dakauf.eu\/fi\/wp-json\/wp\/v2\/types\/page"}],"author":[{"embeddable":true,"href":"https:\/\/dakauf.eu\/fi\/wp-json\/wp\/v2\/users\/1"}],"replies":[{"embeddable":true,"href":"https:\/\/dakauf.eu\/fi\/wp-json\/wp\/v2\/comments?post=110"}],"version-history":[{"count":5,"href":"https:\/\/dakauf.eu\/fi\/wp-json\/wp\/v2\/pages\/110\/revisions"}],"predecessor-version":[{"id":35786,"href":"https:\/\/dakauf.eu\/fi\/wp-json\/wp\/v2\/pages\/110\/revisions\/35786"}],"wp:attachment":[{"href":"https:\/\/dakauf.eu\/fi\/wp-json\/wp\/v2\/media?parent=110"}],"curies":[{"name":"wp","href":"https:\/\/api.w.org\/{rel}","templated":true}]}}