{"id":112,"date":"2020-11-15T17:42:31","date_gmt":"2020-11-15T15:42:31","guid":{"rendered":"http:\/\/localhost\/dakauf-web\/?page_id=112"},"modified":"2025-10-31T17:01:50","modified_gmt":"2025-10-31T15:01:50","slug":"contacts","status":"publish","type":"page","link":"https:\/\/dakauf.eu\/fi\/contacts\/","title":{"rendered":"Yhteystiedot"},"content":{"rendered":"<div class=\"row row-collapse align-center\"  id=\"row-230342652\">\n\n\t<div id=\"col-625246179\" class=\"col medium-10 small-12 large-12\"  >\n\t\t\t\t<div class=\"col-inner text-center\"  >\n\t\t\t\n\t\t\t\n<h1 style=\"margin-bottom:2em;line-height:1.05;letter-spacing:.05em;font-size:.85em;text-transform:uppercase;opacity:.8;\">Ota yhteytt\u00e4<\/h1>\n<h3 class=\"mb-0\" style=\"font-size:200%;line-height:1.3;\"><a href=\"m&#97;&#105;&#x6c;&#x74;&#x6f;:&#115;&#117;&#x70;&#x70;&#x6f;rt&#64;&#x64;&#x61;&#x6b;au&#102;&#46;&#x65;&#x75;\">&#x73;&#x75;&#112;&#112;o&#x72;&#x74;&#x40;&#100;ak&#x61;&#x75;&#102;&#46;e&#x75;<\/a><\/h3>\n\t\t<\/div>\n\t\t\t\t\n<style>\n#col-625246179 > .col-inner {\n  margin: 0px 0px 6px 0px;\n}\n@media (min-width:550px) {\n  #col-625246179 > .col-inner {\n    margin: 30px 0px 30px 0px;\n  }\n}\n<\/style>\n\t<\/div>\n\n\t\n<\/div>\n<div class=\"row row-collapse align-center\"  id=\"row-2103465514\">\n\n\t<div id=\"col-95868235\" class=\"col medium-10 small-12 large-6\"  >\n\t\t\t\t<div class=\"col-inner text-center\"  >\n\t\t\t\n\t\t\t\n<p>Jos sinulla on tilaustasi, maksua, tuotteiden palauttamista tai muuta verkkokauppamme toimintaa koskevia kysymyksi\u00e4, ota meihin yhteytt\u00e4 s\u00e4hk\u00f6postitse <a href=\"&#x6d;&#x61;&#x69;&#108;&#116;o:&#x73;&#x75;&#x70;&#x70;&#111;&#114;t&#64;&#x64;&#x61;&#x6b;&#97;&#117;&#102;&#46;e&#x75;\">&#115;&#x75;&#112;&#x70;&#111;&#x72;&#116;&#x40;&#100;&#x61;&#107;&#x61;&#117;&#x66;&#46;&#x65;&#117;<\/a>. Otamme sinuun yhteytt\u00e4 mahdollisimman pian!<\/p>\n<div class=\"social-icons follow-icons full-width text-center\" ><a href=\"https:\/\/www.facebook.com\/dakaufstore\" target=\"_blank\" data-label=\"Facebook\" class=\"icon primary button circle facebook tooltip\" title=\"Follow on Facebook\" aria-label=\"Follow on Facebook\" rel=\"noopener nofollow\" ><i class=\"icon-facebook\" ><\/i><\/a><a href=\"https:\/\/www.instagram.com\/dakauf_photo\/\" target=\"_blank\" data-label=\"Instagram\" class=\"icon primary button circle instagram tooltip\" title=\"Follow on Instagram\" aria-label=\"Follow on Instagram\" rel=\"noopener nofollow\" ><i class=\"icon-instagram\" ><\/i><\/a><\/div>\n\t\t<\/div>\n\t\t\t\t\n<style>\n#col-95868235 > .col-inner {\n  margin: 0px 0px 20px 0px;\n}\n@media (min-width:550px) {\n  #col-95868235 > .col-inner {\n    margin: 0px 0px 20px 0px;\n  }\n}\n<\/style>\n\t<\/div>\n\n\t\n<\/div>\n<div class=\"row row-collapse align-center\"  id=\"row-15093512\">\n\n\t<div id=\"col-424200855\" class=\"col medium-10 small-12 large-6\"  >\n\t\t\t\t<div class=\"col-inner text-center\"  >\n\t\t\t\n\t\t\t\n<h2 style=\"margin-top: .3em; margin-bottom: 1em; line-height: 1.05; letter-spacing: .05em; font-size: .85em; text-transform: uppercase; opacity: .8;\">Yrityksen tiedot<\/h2>\n<h3 class=\"notranslate mb-0\" style=\"font-size: 200%; line-height: 1.3;\">Dakauf SIA<\/h3>\n<p style=\"margin-bottom: 2em;\">Rek. nro: 40003412912<br \/>VAT: LV40003412912<br \/>Pankin nimi: <span class=\"notranslate\">Paysera LT, UAB<\/span><br \/>IBAN: LT143500010017065379<br \/>SWIFT \/ BIC: EVIULT2VXXX<\/p>\n\t\t<\/div>\n\t\t\t\t\n<style>\n#col-424200855 > .col-inner {\n  margin: 0px 0px 6px 0px;\n}\n<\/style>\n\t<\/div>\n\n\t\n<\/div>\n<div class=\"row row-small align-center\"  id=\"row-271981009\">\n\n\t<div id=\"col-956911358\" class=\"col medium-12 large-6\"  >\n\t\t\t\t<div class=\"col-inner\"  >\n\t\t\t\n\t\t\t\n<div class=\"container section-title-container\" style=\"margin-bottom:0.5em;\"><h4 class=\"section-title section-title-center\"><b><\/b><span class=\"section-title-main\" >Varasto&nbsp;Latviassa<\/span><b><\/b><\/h4><\/div>\n<p class=\"mb-0\"><iframe src=\"https:\/\/maps.googleapis.com\/maps\/embed?pb=!1m18!1m12!1m3!1d2175.85195334592!2d24.185300577166146!3d56.95133769904532!2m3!1f0!2f0!3f0!3m2!1i1024!2i768!4f13.1!3m3!1m2!1s0x46eece6d52d02a19%3A0xc8107c6fe231919!2sGun%C4%81ra%20Astras%20iela%208%2C%20Vidzemes%20priek%C5%A1pils%C4%93ta%2C%20R%C4%ABga%2C%20LV-1082%2C%20Latvia!5e0!3m2!1sen!2see!4v1761922802645!5m2!1sen!2see\" width=\"100%\" height=\"160\" style=\"border:0;margin-bottom:.5em;\" allowfullscreen=\"\" loading=\"lazy\"><\/iframe><\/p>\n<p class=\"mb-0\">\nGunara Astras 8, LV-1082<br \/>\nRiga, Latvia<\/p>\n\t\t<\/div>\n\t\t\t\t\t<\/div>\n\n\t\n\n\t<div id=\"col-1755846059\" class=\"col medium-12 large-6\"  >\n\t\t\t\t<div class=\"col-inner\"  >\n\t\t\t\n\t\t\t\n<div class=\"container section-title-container\" style=\"margin-bottom:0.5em;\"><h4 class=\"section-title section-title-center\"><b><\/b><span class=\"section-title-main\" >Varasto&nbsp;Saksassa<\/span><b><\/b><\/h4><\/div>\n<p class=\"mb-0\"><iframe src=\"https:\/\/maps.googleapis.com\/maps\/embed?pb=!1m18!1m12!1m3!1d2516.3395425081235!2d14.788302815961414!3d50.89893316282821!2m3!1f0!2f0!3f0!3m2!1i1024!2i768!4f13.1!3m3!1m2!1s0x47093d450aa1245b%3A0x395c281e4f6e2ae7!2zw4R1w59lcmUgV2ViZXJzdHJhw59lIDU3LCAwMjc2MyBaaXR0YXUsINCT0LXRgNC80LDQvdC40Y8!5e0!3m2!1sru!2see!4v1630081905597!5m2!1sen!2see\" width=\"100%\" height=\"160\" style=\"border:0;margin-bottom:.5em;\" allowfullscreen=\"\" loading=\"lazy\"><\/iframe><\/p>\n<p class=\"mb-0\">\n\u00c4ussere Weberstr. 57, 02763<br \/>\nZittau, Saksa<\/p>\n\t\t<\/div>\n\t\t\t\t\t<\/div>\n\n\t\n<\/div>\n","protected":false},"excerpt":{"rendered":"","protected":false},"author":1,"featured_media":0,"parent":0,"menu_order":0,"comment_status":"closed","ping_status":"closed","template":"","meta":{"footnotes":""},"class_list":["post-112","page","type-page","status-publish","hentry"],"_links":{"self":[{"href":"https:\/\/dakauf.eu\/fi\/wp-json\/wp\/v2\/pages\/112"}],"collection":[{"href":"https:\/\/dakauf.eu\/fi\/wp-json\/wp\/v2\/pages"}],"about":[{"href":"https:\/\/dakauf.eu\/fi\/wp-json\/wp\/v2\/types\/page"}],"author":[{"embeddable":true,"href":"https:\/\/dakauf.eu\/fi\/wp-json\/wp\/v2\/users\/1"}],"replies":[{"embeddable":true,"href":"https:\/\/dakauf.eu\/fi\/wp-json\/wp\/v2\/comments?post=112"}],"version-history":[{"count":5,"href":"https:\/\/dakauf.eu\/fi\/wp-json\/wp\/v2\/pages\/112\/revisions"}],"predecessor-version":[{"id":41443,"href":"https:\/\/dakauf.eu\/fi\/wp-json\/wp\/v2\/pages\/112\/revisions\/41443"}],"wp:attachment":[{"href":"https:\/\/dakauf.eu\/fi\/wp-json\/wp\/v2\/media?parent=112"}],"curies":[{"name":"wp","href":"https:\/\/api.w.org\/{rel}","templated":true}]}}