{"id":3,"date":"2020-11-08T15:24:54","date_gmt":"2020-11-08T13:24:54","guid":{"rendered":"http:\/\/localhost\/dakauf-web\/?page_id=3"},"modified":"2026-03-18T15:48:07","modified_gmt":"2026-03-18T13:48:07","slug":"privacy-policy","status":"publish","type":"page","link":"https:\/\/dakauf.eu\/fi\/privacy-policy\/","title":{"rendered":"Tietosuojak\u00e4yt\u00e4nt\u00f6"},"content":{"rendered":"<div class=\"row row-collapse align-center\"  id=\"row-2145608089\">\n\n\t<div id=\"col-617849791\" class=\"col medium-10 small-12 large-8\"  >\n\t\t\t\t<div class=\"col-inner\"  >\n\t\t\t\n\t\t\t\n<h1 style=\"margin-bottom:1em;font-size:1.6em;\">Tietosuojak\u00e4yt\u00e4nt\u00f6<\/h1>\n<p>Dakauf SIA sitoutuu suojelemaan asiakkaidensa ja verkkosivustolla https:\/\/dakauf.eu vierailijoiden tietojen yksityisyytt\u00e4 ja turvallisuutta.<\/p>\n<p>T\u00e4ss\u00e4 tietosuojak\u00e4yt\u00e4nn\u00f6ss\u00e4 kuvataan, mit\u00e4 henkil\u00f6tietoja https:\/\/dakauf.eu ker\u00e4\u00e4 ja miten se k\u00e4ytt\u00e4\u00e4 niit\u00e4. Dakauf SIA:ll\u00e4 on oikeus p\u00e4ivitt\u00e4\u00e4 t\u00e4t\u00e4 tietosuojak\u00e4yt\u00e4nt\u00f6\u00e4 julkaisemalla sen uusi versio verkkosivustolla. Tarkista kyseinen sivusto aika ajoin saadaksesi tietoa mahdollisista muutoksista.\n<\/p>\n<p>Verkkosivusto https:\/\/dakauf.eu k\u00e4sittelee, julkaisee, tallentaa ja k\u00e4ytt\u00e4\u00e4 henkil\u00f6tietojasi turvallisesti, rehellisesti ja laillisesti EU:n ja kansainv\u00e4lisen lains\u00e4\u00e4d\u00e4nn\u00f6n mukaisesti.<\/p>\n<h2 style=\"margin-bottom:.75em;font-size:1.25em;line-height:1.6;\">Henkil\u00f6tietojen ker\u00e4\u00e4minen<\/h2>\n<p>Dakauf SIA voi ker\u00e4t\u00e4 ja k\u00e4ytt\u00e4\u00e4 seuraavanlaisia henkil\u00f6tietoja:<\/p>\n<ul>\n<li>tiedot t\u00e4m\u00e4n verkkosivuston k\u00e4yt\u00f6st\u00e4 (mukaan lukien IP-osoite, maantieteellinen sijainti, selaimen tyyppi ja versio, k\u00e4ytt\u00f6j\u00e4rjestelm\u00e4, viittausl\u00e4hde, vierailun kesto, avatut sivut, verkkosivuston navigointireitit, vierailun aika ja p\u00e4iv\u00e4m\u00e4\u00e4r\u00e4 sek\u00e4 muut tilastotiedot). Voimme my\u00f6s k\u00e4ytt\u00e4\u00e4 kolmansien osapuolien palveluja, esimerkiksi: s\u00e4hk\u00f6iset pankki- ja toimituspalvelut, Google Analytics, Yandex.Metrica, Facebook ja Kelkoo Sales Tracking, tietojen ker\u00e4\u00e4miseen, seurantaan ja analysointiin, sek\u00e4 toimitus- ja maksukuitteihin.<\/li>\n<li>tiedot sinun ja meid\u00e4n v\u00e4lill\u00e4mme tehdyist\u00e4 tai t\u00e4h\u00e4n sivustoon liittyvist\u00e4 liiketoimista, mukaan lukien tiedot ostamistasi tuotteista ja palveluista;<\/li>\n<li>tiedot, jotka annat rekister\u00f6ityess\u00e4si verkkosivustolle (s\u00e4hk\u00f6postiosoite, etu- ja sukunimi, laskutus- ja toimitusosoite);<\/li>\n<li>tiedot, jotka annat tilataksesi palveluja, s\u00e4hk\u00f6posti-ilmoituksia;<\/li>\n<li>kaikki muut tiedot, jotka jaat sivustolla https:\/\/dakauf.eu.<\/li>\n<\/ul>\n<h2 style=\"margin-bottom:.75em;font-size:1.25em;line-height:1.6;\">Muiden tietojen ker\u00e4\u00e4minen<\/h2>\n<p>Ker\u00e4\u00e4mme my\u00f6s anonyymeja tietoja, eli tietoja, joita ei voida yhdist\u00e4\u00e4 tiettyyn henkil\u00f6\u00f6n (sukupuoli, ik\u00e4, kieliasetus, sijainti). Lis\u00e4ksi voimme ker\u00e4t\u00e4 aggregoituja tietoja asiakkaiden toiminnasta verkkokaupassamme. N\u00e4it\u00e4 tietoja ker\u00e4t\u00e4\u00e4n ja k\u00e4ytet\u00e4\u00e4n, jotta asiakkaille voidaan tarjota asianmukaisempaa tietoa, ja jotta saadaan tietoa tuotteista, palveluista ja osioista, jotka ovat ensisijaisesti kiinnostavia. T\u00e4ss\u00e4 tietosuojak\u00e4yt\u00e4nn\u00f6ss\u00e4 aggregoituja tietoja pidet\u00e4\u00e4n anonyymeina.<\/p>\n<h2 style=\"margin-bottom:.75em;font-size:1.25em;line-height:1.6;\">Henkil\u00f6tietojen k\u00e4ytt\u00f6<\/h2>\n<p>Dakauf SIA voi k\u00e4ytt\u00e4\u00e4 henkil\u00f6kohtaisia tietojasi:<\/p>\n<ul>\n<li>hallinnoidakseen kyseist\u00e4 verkkosivustoa;<\/li>\n<li>mukauttaakseen verkkosivustoa sinulle sopivaksi;<\/li>\n<li>tarjotakseen p\u00e4\u00e4syn ja mahdollisuuden k\u00e4ytt\u00e4\u00e4 verkkosivuston palveluja;<\/li>\n<li>l\u00e4hett\u00e4\u00e4kseen sinulle ostamasi tuotteet (luovuttamalla toimitustiedot logistiikkakumppaneille);<\/li>\n<li>tarjotakseen sinulle ostamiasi palveluja;<\/li>\n<li>l\u00e4hett\u00e4\u00e4kseen sinulle ilmoituksia ja laskuja, ker\u00e4t\u00e4kseen sinulta maksuja;<\/li>\n<li>l\u00e4hett\u00e4\u00e4kseen sinulle pyyt\u00e4mi\u00e4si ilmoituksia s\u00e4hk\u00f6postitse;<\/li>\n<li>k\u00e4sitell\u00e4kseen kyselyit\u00e4, palautetta ja valituksia, joita olet l\u00e4hett\u00e4nyt, jotka koskevat sinua tai jotka liittyv\u00e4t palveluun;<\/li>\n<\/ul>\n<p>Saatamme l\u00e4hett\u00e4\u00e4 antamasi s\u00e4hk\u00f6postiosoitteen kautta ajoittain mainoss\u00e4hk\u00f6postia uusista tuotteista, erikoistarjouksista tai muusta sinua mahdollisesti koskevasta tiedosta;<br \/>\nsaatamme my\u00f6s k\u00e4ytt\u00e4\u00e4 henkil\u00f6tietojasi ottaaksemme sinuun yhteytt\u00e4 ja pyyt\u00e4\u00e4ksemme sinulta lupaa k\u00e4ytt\u00e4\u00e4\/julkistaa ostohistoriaasi markkinointi- tai mainosmateriaaleissamme.<\/p>\n<h2 style=\"margin-bottom:.75em;font-size:1.25em;line-height:1.6;\">Mit\u00e4 ev\u00e4steet ovat?<\/h2>\n<p>Ev\u00e4steet ovat pieni\u00e4 tekstitiedostoja, jotka k\u00e4ytt\u00e4m\u00e4si verkkosivustot lataavat tietokoneellesi tai mobiililaitteellesi. Jokaisella seuraavalla vierailulla n\u00e4m\u00e4 tiedostot l\u00e4hetet\u00e4\u00e4n takaisin verkkosivustolle, joka tunnistaa ne. Ev\u00e4steet toimivat tietyn kotisivun muistina, mahdollistaen tunnistamisesi tulevien vierailujen aikana ja asetustesi palauttamisen, mik\u00e4 tekee verkkosivustosta k\u00e4ytt\u00e4j\u00e4yst\u00e4v\u00e4llisemm\u00e4n. Lis\u00e4tietoa ev\u00e4steist\u00e4 ja niiden hallinnoinnista tai poistamisesta l\u00f6ytyy osoitteesta http:\/\/www.aboutcookies.org.uk\/managing-cookies.<\/p>\n<h2 style=\"margin-bottom:.75em;font-size:1.25em;line-height:1.6;\">Miten k\u00e4yt\u00e4mme ev\u00e4steit\u00e4?<\/h2>\n<p>Verkkosivusto k\u00e4ytt\u00e4\u00e4 ev\u00e4steit\u00e4 muistaakseen:\n<\/p>\n<ul>\n<li>onko k\u00e4ytt\u00e4j\u00e4lle jo ilmoitettu ev\u00e4steiden k\u00e4yt\u00f6st\u00e4;<\/li>\n<li>milloin sivustolla oli viimeksi toimintaa;<\/li>\n<li>todennetut k\u00e4ytt\u00e4j\u00e4tiedot;<\/li>\n<li>k\u00e4ytt\u00e4j\u00e4n ostoskoriin lis\u00e4tyt tuotteet;<\/li>\n<\/ul>\n<h2 style=\"margin-bottom:.75em;font-size:1.25em;line-height:1.6;\">Google Analytics<\/h2>\n<p>Verkkosivusto k\u00e4ytt\u00e4\u00e4 Google Inc:n kehitt\u00e4mi\u00e4 Google Analytics -ev\u00e4steit\u00e4. Niiden avulla voidaan parantaa ja mukauttaa verkkosivuston sis\u00e4lt\u00f6\u00e4. Lis\u00e4tietoa Google Analyticsin k\u00e4ytt\u00f6ehdoista l\u00f6ytyy osoitteesta http:\/\/www.google.com\/analytics\/terms\/us.html. Jos et halua, ett\u00e4 Google Analytics seuraa selaustoimintaasi, ota k\u00e4ytt\u00f6\u00f6n Google Analytics Opt-out Browser Add-on https:\/\/support.google.com\/analytics\/answer\/181881). T\u00e4m\u00e4 esto ilmoittaa Google Analyticsin JavaScriptille (ga.js), ett\u00e4 tietty\u00e4 vierailua koskevia tietoja ei saa l\u00e4hett\u00e4\u00e4 Google Analyticsille.<\/p>\n<h2 style=\"margin-bottom:.75em;font-size:1.25em;line-height:1.6;\">Yandex.Metrica<\/h2>\n<p>Verkkosivusto k\u00e4ytt\u00e4\u00e4 Yandex.Metrican ev\u00e4steit\u00e4, jotka antavat persoonatonta tietoa liikenteest\u00e4. K\u00e4ytett\u00e4viss\u00e4 olevat tilastot sis\u00e4lt\u00e4v\u00e4t k\u00e4ytt\u00e4jien m\u00e4\u00e4r\u00e4n, liikenteen l\u00e4hteet ja k\u00e4ytt\u00e4jien k\u00e4ytt\u00e4ytymisen sivustolla. Yandex.Metrica k\u00e4ytt\u00e4\u00e4 sivuston k\u00e4ytt\u00e4jien laskemiseen anonyymej\u00e4 selaintunnisteita, jotka tallennetaan ev\u00e4steisiin tai localStorage-ominaisuuksiin.<\/p>\n<h2 style=\"margin-bottom:.75em;font-size:1.25em;line-height:1.6;\">Facebook Pixel<\/h2>\n<p>K\u00e4yt\u00e4mme Facebook Pixeli\u00e4 k\u00e4ytt\u00e4j\u00e4n k\u00e4ytt\u00e4ytymisen seuraamiseen, mink\u00e4 ansiosta voimme l\u00e4hett\u00e4\u00e4 sinulle asiaankuuluvia ja kohdennettuja mainoksia Facebookissa. Se on seurantapikseli, joka ker\u00e4\u00e4 sinusta tietoa, jota k\u00e4ytet\u00e4\u00e4n Facebook-mainosten kohderyhmien rakentamiseen ja optimointiin. Se esimerkiksi ker\u00e4\u00e4 ja l\u00e4hett\u00e4\u00e4 Facebookille tietoa, joka on yhdistetty tunnisteeseen, kuten nimeesi tai IP-osoitteeseesi, koskien sit\u00e4, ett\u00e4 olet vieraillut sivustollamme ja mit\u00e4 klikkasit.<\/p>\n<h2 style=\"margin-bottom:.75em;font-size:1.25em;line-height:1.6;\">Kelkoo Sales Tracking<\/h2>\n<p>K\u00e4yt\u00e4mme Kelkoo Sales Tracking -seurantatunnistetta, jonka tarjoaa Kelkoo Group, mainonnan tehokkuuden mittaamiseen ja optimointiin. T\u00e4m\u00e4 seurantatunniste voi ker\u00e4t\u00e4 tietoja k\u00e4ytt\u00e4jien toiminnasta verkkosivustollamme Kelkoosta tapahtuneen ohjauksen j\u00e4lkeen, mukaan lukien myyntikonversiot, tilaustietojen parametrit ja selaimen tekniset tiedot.<\/p>\n<h2 style=\"margin-bottom:.75em;font-size:1.25em;line-height:1.6;\">Cloudflare<\/h2>\n<p>Verkkosivusto k\u00e4ytt\u00e4\u00e4 Cloudflare, Inc.:n tarjoamia palveluja verkkosivuston suorituskyvyn, luotettavuuden ja turvallisuuden parantamiseksi. Cloudflare voi k\u00e4ytt\u00e4\u00e4 ev\u00e4steit\u00e4 tai vastaavia teknologioita sis\u00e4ll\u00f6n tehokkaaseen toimittamiseen, verkkosivuston suojaamiseen haitalliselta toiminnalta sek\u00e4 verkkoturvallisuuden varmistamiseen.<\/p>\n<h2 style=\"margin-bottom:.75em;font-size:1.25em;line-height:1.6;\">Cloudflare Turnstile<\/h2>\n<p>K\u00e4yt\u00e4mme Cloudflare Turnstile\u00e4 lomakkeiden ja interaktiivisten elementtien suojaamiseksi automatisoidulta v\u00e4\u00e4rink\u00e4yt\u00f6lt\u00e4. Turnstile k\u00e4sittelee rajoitetusti teknist\u00e4 tietoa ja voi k\u00e4ytt\u00e4\u00e4 ev\u00e4steit\u00e4 tai vastaavia mekanismeja, jotka ovat ehdottoman v\u00e4ltt\u00e4m\u00e4tt\u00f6mi\u00e4 turvallisuuden ja robottien est\u00e4misen tarkoituksiin. N\u00e4it\u00e4 ev\u00e4steit\u00e4 pidet\u00e4\u00e4n v\u00e4ltt\u00e4m\u00e4tt\u00f6min\u00e4, eik\u00e4 niit\u00e4 k\u00e4ytet\u00e4 markkinointiin tai seurantaan.<\/p>\n<h2 style=\"margin-bottom:.75em;font-size:1.25em;line-height:1.6;\">Ev\u00e4steiden est\u00e4minen<\/h2>\n<p>Ev\u00e4steet voidaan haluttaessa est\u00e4\u00e4 tai poistaa k\u00e4yt\u00f6st\u00e4. Lis\u00e4tiedot: www.aboutcookies.org. Voit poistaa kaikki ev\u00e4steet tietokoneeltasi, ja voit my\u00f6s m\u00e4\u00e4ritt\u00e4\u00e4 useimmat selaimet est\u00e4m\u00e4\u00e4n ev\u00e4steiden tallentamisen. T\u00e4ll\u00f6in sinun on kuitenkin teht\u00e4v\u00e4 kaikki sivuston asetukset manuaalisesti joka kerta, eiv\u00e4tk\u00e4 kaikki palvelut ja toiminnot v\u00e4ltt\u00e4m\u00e4tt\u00e4 toimi.\n<\/p>\n<h2 style=\"margin-bottom:.75em;font-size:1.25em;line-height:1.6;\">Tietojen luovuttaminen<\/h2>\n<p>Voimme luovuttaa henkil\u00f6tietojasi siin\u00e4 m\u00e4\u00e4rin kuin se on tarpeen t\u00e4ss\u00e4 tietosuojak\u00e4yt\u00e4nn\u00f6ss\u00e4 m\u00e4\u00e4riteltyj\u00e4 tarkoituksia varten.\n<\/p>\n<p>Voimme my\u00f6s luovuttaa henkil\u00f6tietojasi:\n<\/p>\n<ul>\n<li>lain edellytt\u00e4m\u00e4ss\u00e4 laajuudessa;<\/li>\n<li>meneill\u00e4\u00e4n olevan tai tulevan oikeudenk\u00e4ynnin yhteydess\u00e4;<\/li>\n<li>laillisten oikeuksiemme vahvistamiseksi, k\u00e4ytt\u00e4miseksi tai suojaamiseksi (mukaan lukien tietojen antaminen muille henkil\u00f6ille petosten ehk\u00e4isemiseksi ja luottoriskin pienent\u00e4miseksi).<\/li>\n<\/ul>\n<h2 style=\"margin-bottom:.75em;font-size:1.25em;line-height:1.6;\">Yhteystiedot<\/h2>\n<p>Valvoja: Dakauf SIA, reg. no. 40003412912<br \/>Virallinen osoite: Latvia, R\u012bga, Gunara Astras 8, LV-1082<br \/>Oikeudellinen tausta: Dakauf SIA:n oikeutetut edut\n<\/p>\n<p>Hyv\u00e4ksym\u00e4ll\u00e4 tietosuojak\u00e4yt\u00e4nn\u00f6n ehdot asiakkaat antavat Dakauf SIA:lle oikeuden k\u00e4sitell\u00e4 heid\u00e4n tietojaan automaattisesti. Asiakkaat voivat peruuttaa suostumuksensa milloin tahansa joko verkkosivustollamme tai l\u00e4hett\u00e4m\u00e4ll\u00e4 meille kirjallisen ilmoituksen. Ilmoitus tai suostumuksen peruuttaminen ei ole takautuvaa.\n<\/p>\n<p class=\"mb-0\">Jos sinulla on kysytt\u00e4v\u00e4\u00e4 t\u00e4st\u00e4 tietosuojak\u00e4yt\u00e4nn\u00f6st\u00e4 tai siit\u00e4, miten https:\/\/dakauf.eu k\u00e4ytt\u00e4\u00e4 henkil\u00f6tietojasi, l\u00e4het\u00e4 meille s\u00e4hk\u00f6postia osoitteeseen &#x73;&#x75;&#x70;&#x70;&#111;&#114;t&#64;d&#x61;&#x6b;&#x61;&#x75;&#102;&#46;eu.<\/p>\n\t\t<\/div>\n\t\t\t\t\n<style>\n#col-617849791 > .col-inner {\n  padding: 15px 0px 15px 0px;\n}\n<\/style>\n\t<\/div>\n\n\t\n<\/div>\n","protected":false},"excerpt":{"rendered":"","protected":false},"author":1,"featured_media":0,"parent":0,"menu_order":0,"comment_status":"closed","ping_status":"closed","template":"","meta":{"footnotes":""},"class_list":["post-3","page","type-page","status-publish","hentry"],"_links":{"self":[{"href":"https:\/\/dakauf.eu\/fi\/wp-json\/wp\/v2\/pages\/3"}],"collection":[{"href":"https:\/\/dakauf.eu\/fi\/wp-json\/wp\/v2\/pages"}],"about":[{"href":"https:\/\/dakauf.eu\/fi\/wp-json\/wp\/v2\/types\/page"}],"author":[{"embeddable":true,"href":"https:\/\/dakauf.eu\/fi\/wp-json\/wp\/v2\/users\/1"}],"replies":[{"embeddable":true,"href":"https:\/\/dakauf.eu\/fi\/wp-json\/wp\/v2\/comments?post=3"}],"version-history":[{"count":5,"href":"https:\/\/dakauf.eu\/fi\/wp-json\/wp\/v2\/pages\/3\/revisions"}],"predecessor-version":[{"id":48091,"href":"https:\/\/dakauf.eu\/fi\/wp-json\/wp\/v2\/pages\/3\/revisions\/48091"}],"wp:attachment":[{"href":"https:\/\/dakauf.eu\/fi\/wp-json\/wp\/v2\/media?parent=3"}],"curies":[{"name":"wp","href":"https:\/\/api.w.org\/{rel}","templated":true}]}}