{"id":727,"date":"2021-03-28T01:11:28","date_gmt":"2021-03-27T23:11:28","guid":{"rendered":"https:\/\/dakauf.eu\/?page_id=727"},"modified":"2024-10-25T18:46:51","modified_gmt":"2024-10-25T15:46:51","slug":"terms-and-conditions","status":"publish","type":"page","link":"https:\/\/dakauf.eu\/fi\/terms-and-conditions\/","title":{"rendered":"Ostoehdot"},"content":{"rendered":"<div class=\"row row-collapse align-center\"  id=\"row-1413078156\">\n\n\t<div id=\"col-6629111\" class=\"col medium-10 small-12 large-8\"  >\n\t\t\t\t<div class=\"col-inner\"  >\n\t\t\t\n\t\t\t\n<h1 style=\"margin-bottom: 1em; font-size: 1.6em;\">Ostoehdot<\/h1>\n<h2 style=\"margin-bottom: .75em; font-size: 1.25em; line-height: 1.6;\">1. Ehtojen laajuus ja voimassaolo<\/h2>\n<p>1.1. N\u00e4it\u00e4 yleisi\u00e4 Dakauf-verkkokaupan (j\u00e4ljemp\u00e4n\u00e4 \u201dmyyj\u00e4\u201d) k\u00e4ytt\u00f6- ja ostoehtoja (j\u00e4ljemp\u00e4n\u00e4 \u201dehdot&#8221;) sovelletaan kaikkiin henkil\u00f6ihin (j\u00e4ljemp\u00e4n\u00e4 \u201dostaja\/asiakas\u201d), jotka k\u00e4ytt\u00e4v\u00e4t www.dakauf.eu -verkkokauppaa (j\u00e4ljemp\u00e4n\u00e4 &#8221;verkkokauppa&#8221;), tilaavat sielt\u00e4 tuotteita, mukaan lukien verkkokaupan tuotteiden myynti\u00e4 koskevan sopimuksen tekeminen (j\u00e4ljemp\u00e4n\u00e4 &#8221;myyntisopimus&#8221;).<\/p>\n<p>1.2. Hyv\u00e4ksym\u00e4ll\u00e4 n\u00e4m\u00e4 ehdot ostaja vahvistaa, ett\u00e4 h\u00e4n on my\u00f6s lukenut myyntisopimuksen ehdot, hyv\u00e4ksyy ne ja sitoutuu noudattamaan niit\u00e4.<\/p>\n<h2 style=\"margin-bottom: .75em; font-size: 1.25em; line-height: 1.6;\">2. Tuotteiden ostaminen ja tilausten tekeminen<\/h2>\n<p>2.1. Verkkokaupasta voi ostaa tuotteita, joiden kuvauksessa on \u201cLis\u00e4\u00e4 ostoskoriin\u201d -painike. Tietyn tuotteen hinta ja saatavuus voivat muuttua ilman erillist\u00e4 ilmoitusta. Tuotteesta maksetaan tilaushetkell\u00e4 voimassa oleva hinta.<\/p>\n<p>2.2. Myyj\u00e4ll\u00e4 on oikeus poiketa verkkokaupassa tehdyst\u00e4 myyntisopimuksesta ja kielt\u00e4yty\u00e4 toimittamasta tilattuja tuotteita tai palveluita, jos:<\/p>\n<ul>\n<li>tuote on loppunut varastosta;<\/li>\n<li>tuotteen tila verkkokaupassa on &#8221;Loppunut varastosta&#8221;;<\/li>\n<li>verkkokaupassa ilmoitettu tuotteen hinta tai tekniset ominaisuudet ovat v\u00e4\u00e4r\u00e4t tietokonej\u00e4rjestelm\u00e4n toimintah\u00e4iri\u00f6n vuoksi.<\/li>\n<\/ul>\n<p>2.3. Ostaja voi lis\u00e4t\u00e4 ja v\u00e4hent\u00e4\u00e4 kunkin ostoskorissa olevan tuotteen m\u00e4\u00e4r\u00e4\u00e4.<\/p>\n<p>2.4. Tilausta tehdess\u00e4\u00e4n ostajan on valittava sopiva toimitustapa. Toimitustavan m\u00e4\u00e4rittely n\u00e4kyy kassasivulla. Varmista, ett\u00e4 olet sy\u00f6tt\u00e4nyt oikeat tiedot, sill\u00e4 muuten tilausta ei v\u00e4ltt\u00e4m\u00e4tt\u00e4 toimiteta ajoissa tai ollenkaan.<\/p>\n<p>2.5. Tutustu ostoehtoihin Dakauf-verkkokaupassa ja vahvista suostumuksesi tarvittaessa rastittamalla ruutu &#8221;Hyv\u00e4ksyn ostoehdot&#8221;.<\/p>\n<p>2.6. Tilauksen vahvistamiseksi ostajan on maksettava se valitsemalla sopiva maksutapa. Nykyist\u00e4 maksutapaa voidaan muuttaa tilauksen viimeisess\u00e4 vaiheessa. Asiakkaan\/ostajan tulee sy\u00f6tt\u00e4\u00e4 tietonsa ja halutessaan my\u00f6s rekister\u00f6ity\u00e4 Dakaufin asiakkaaksi.<\/p>\n<p>2.7. Myyntisopimus katsotaan solmituksi siit\u00e4 hetkest\u00e4 alkaen, kun maksu tilauksesta n\u00e4kyy Dakauf SIA:n tilill\u00e4. Jos ostaja ei maksa tekem\u00e4\u00e4ns\u00e4 tilausta, myyj\u00e4 ei k\u00e4sittele tilausta.<\/p>\n<h2 style=\"margin-bottom: .75em; font-size: 1.25em; line-height: 1.6;\">3. Ostosten maksaminen<\/h2>\n<p>3.1. Joistakin maksutapoja voi aiheutua k\u00e4sittelymaksun.<\/p>\n<p>3.2. Kun maksu on suoritettu, verkkokauppa l\u00e4hett\u00e4\u00e4 sinulle tilausvahvistuksen ja laskun.<\/p>\n<p>3.3. Kaikki henkil\u00f6tiedot, jotka Dakauf saa asiakkaan vieraillessa verkkokaupassa ja tehdess\u00e4 siell\u00e4 ostoksia, katsotaan luottamuksellisiksi tiedoiksi. Salattu tiedonsiirtokanava jokaisen verkkopankin kanssa takaa ostajan henkil\u00f6- ja pankkitietojen turvallisuuden.<\/p>\n<h2 style=\"margin-bottom: .75em; font-size: 1.25em; line-height: 1.6;\">4. Tuotteiden toimitus ja luovutus<\/h2>\n<p>4.1. Tuotteet toimitetaan tilauksessa ilmoitettuun toimitusosoitteeseen.<\/p>\n<p>4.2. Ostajalle ilmoitetaan tulevasta toimituksesta tilauksessa ilmoitettujen yhteystietojen kautta.<\/p>\n<p>4.3. Tilattujen tuotteiden toimitus on suoritettava tilauksen tekohetkell\u00e4 voimassa olevien toimitusehtojen mukaisesti.<\/p>\n<p>4.4. Tilausta tehdess\u00e4\u00e4n ostajan on varmistettava, ett\u00e4 h\u00e4nen ilmoittamansa yhteystiedot ovat oikein toimitukseen liittyvien viiv\u00e4stysten ja v\u00e4\u00e4rink\u00e4sitysten v\u00e4ltt\u00e4miseksi. Dakauf SIA ja kuljetusyritys eiv\u00e4t ole vastuussa toimituksen viiv\u00e4styksist\u00e4 ja v\u00e4\u00e4rink\u00e4sityksist\u00e4, jos t\u00e4llainen viiv\u00e4stys tai v\u00e4\u00e4rink\u00e4sitys johtuu ep\u00e4tarkoista tai virheellisist\u00e4 tiedoista, jotka ostaja on ilmoittanut tilausta tehdess\u00e4\u00e4n.<\/p>\n<p>4.5. Tuotteet luovutetaan ostajalle vain henkil\u00f6kohtaisesti l\u00e4hetysluettelon perusteella ja asiakkaan henkil\u00f6llisyyden todistavan asiakirjan esitt\u00e4misen j\u00e4lkeen.<\/p>\n<p>4.7. Jos pakkaus on rikki, ostajalla on oikeus kielt\u00e4yty\u00e4 vastaanottamasta tuotteita ja\/tai ilmoittaa siit\u00e4 meille v\u00e4litt\u00f6m\u00e4sti s\u00e4hk\u00f6postilla <a href=\"&#109;&#97;&#x69;l&#116;&#x6f;&#x3a;s&#117;&#x70;&#x70;o&#114;&#x74;&#x40;d&#97;&#x6b;&#x61;u&#102;&#x2e;&#x65;u\">&#115;&#x75;p&#112;&#x6f;r&#116;&#x40;d&#x61;&#x6b;&#97;&#x75;f&#46;&#x65;u<\/a>.<\/p>\n<p>4.8. Myyj\u00e4ll\u00e4 on oikeus valtuuttaa kolmansia osapuolia toimittamaan tuotteet (mukaan lukien l\u00e4hettipalvelujen vuokraus).<\/p>\n<p>4.9. Jos ostaja ei nouda tuotteita 14 (nelj\u00e4ntoista) p\u00e4iv\u00e4n kuluessa sovitusta toimitusp\u00e4iv\u00e4st\u00e4, sit\u00e4 pidet\u00e4\u00e4n ostajan myyntisopimuksen rikkomuksena ja tuotteiden hylk\u00e4\u00e4misen\u00e4. Myyj\u00e4ll\u00e4 on oikeus vet\u00e4yty\u00e4 myyntisopimuksesta yksipuolisesti ja vaatia ostajalta korvausta (esimerkiksi tuotteiden varastointikulut) v\u00e4hent\u00e4m\u00e4ll\u00e4 myyj\u00e4lle aiheutuneen vahingon m\u00e4\u00e4r\u00e4 ostajan etuk\u00e4teen maksamasta summasta.<\/p>\n<h2 style=\"margin-bottom: .75em; font-size: 1.25em; line-height: 1.6;\">5. Palautus- ja hyvitysk\u00e4yt\u00e4nt\u00f6<\/h2>\n<p>5.1. Ostajalla on oikeus syyt\u00e4 ilmoittamatta peruuttaa verkkokaupassa tehty myyntisopimus 14 p\u00e4iv\u00e4n kuluessa ja palauttaa tuotteet. Paluuhinta on 6,97 EUR.<\/p>\n<p>5.2. Peruuttamisaika p\u00e4\u00e4ttyy 14 p\u00e4iv\u00e4n kuluttua myyntisopimuksen solmimisp\u00e4iv\u00e4st\u00e4 tai p\u00e4iv\u00e4st\u00e4, jolloin ostaja on fyysisesti vastaanottanut hallussaan olevan tuotteen.<\/p>\n<p>5.3. Vain yksityishenkil\u00f6t voivat palauttaa tavaroita 14 p\u00e4iv\u00e4n kuluessa. N\u00e4m\u00e4 palautusehdot eiv\u00e4t koske yrityksi\u00e4.<\/p>\n<p>5.4. K\u00e4ytt\u00e4\u00e4kseen peruuttamisoikeuttaan ostajan on ilmoitettava myyj\u00e4lle p\u00e4\u00e4t\u00f6ksest\u00e4\u00e4n palauttaa tuotteet kirjallisella ilmoituksella, joka voidaan l\u00e4hett\u00e4\u00e4 s\u00e4hk\u00f6postitse: <a href=\"&#x6d;&#97;i&#x6c;&#116;o&#x3a;&#115;u&#x70;&#x70;&#111;&#x72;&#x74;&#64;d&#x61;&#107;a&#x75;&#102;&#46;&#x65;&#x75;\">&#x73;&#x75;&#112;p&#x6f;&#x72;&#116;&#64;d&#x61;&#x6b;&#97;&#117;f&#x2e;&#x65;&#117;<\/a>.<\/p>\n<p>5.5. Peruuttamisoikeutta ei ole, jos:<\/p>\n<ul>\n<li>asiakas on vastaanottanut tuotteen sinet\u00f6idyss\u00e4 pakkauksessa, jota ei voi palauttaa terveys- tai hygieniasyist\u00e4 ja joka on avattu toimituksen j\u00e4lkeen (esim. kuulokkeet, epilaattorit, parranajokoneet jne.).<\/li>\n<li>tuote on \u00e4\u00e4ni-\/videotallenne tai ohjelmisto sinet\u00f6idyss\u00e4 pakkauksessa. My\u00f6sk\u00e4\u00e4n SIM-kortteja, aloituspakkauksia ja aikakortteja ei voi palauttaa, jos pakkaus on avattu toimituksen j\u00e4lkeen.<\/li>\n<\/ul>\n<p>5.6. Myyntisopimuksen perumisen yhteydess\u00e4 Dakauf SIA:n on v\u00e4litt\u00f6m\u00e4sti palautettava asiakkaalle kaikki maksut, jotka se on saanut t\u00e4lt\u00e4 sopimuksen perusteella.<\/p>\n<p>5.7. Dakauf SIA ei korvaa asiakkaan valitsemasta toimitustavasta aiheutuneita lis\u00e4kustannuksia.<\/p>\n<p>5.8. Dakauf SIA suorittaa takaisinmaksut samalla maksutavalla, jota ostaja k\u00e4ytti maksun suorittaessaan.<\/p>\n<p>5.9. T\u00e4llaisten maksujen palauttamiseen ei saa liitty\u00e4 palvelumaksua tai muita asiakkaalle aiheutuvia kuluja, esimerkiksi pankkipalkkioita.<\/p>\n<p>5.10. Ostaja on velvollinen palauttamaan ostetun tuotteen Dakauf SIA:lle viipym\u00e4tt\u00e4, mutta viimeist\u00e4\u00e4n 14 (nelj\u00e4ntoista) p\u00e4iv\u00e4n kuluessa siit\u00e4 p\u00e4iv\u00e4st\u00e4, jolloin h\u00e4n ilmoitti Dakauf SIA:lle palautuksesta.<\/p>\n<p>5.11. Tavarat voidaan palauttaa kuriirille tai noutopisteeseen.<\/p>\n<p>5.12. Dakauf SIA:ll\u00e4 on oikeus kielt\u00e4yty\u00e4 takaisinmaksuista, kunnes sopimustuotteet vastaanotetaan palautusk\u00e4yt\u00e4nt\u00f6jen mukaisessa kunnossa.<\/p>\n<p>5.13. Sopimustuotteet on palautettava Dakauf SIA:lle alkuper\u00e4isess\u00e4 pakkauksessaan palautusk\u00e4yt\u00e4nt\u00f6jen mukaisesti:<\/p>\n<ul>\n<li>pakkaus voi olla siististi avattu, muttei vaurioitunut.<\/li>\n<li>tuotteita ei saa k\u00e4ytt\u00e4\u00e4, eli niiden k\u00e4yt\u00f6st\u00e4 ei saa olla visuaalista tai teknist\u00e4 n\u00e4ytt\u00f6\u00e4 (esim. repeytynyt pakkaus, poistettu suojamuovi, naarmut, ja valokuvat).<\/li>\n<\/ul>\n<p>5.14. Jos myyj\u00e4lle palautetussa tuotteessa on:<\/p>\n<ul>\n<li>k\u00e4yt\u00f6n j\u00e4lki\u00e4<\/li>\n<li>mekaanisia tai visuaalisia vaurioita<\/li>\n<li>vaurioitunut pakkaus (kovakouraisesti avattu, repeytynyt teippi, repeytyneet pussit, poistetut muovit)<\/li>\n<li>tai siit\u00e4 puuttuu lis\u00e4varusteita tai osia<\/li>\n<\/ul>\n<p>Myyj\u00e4ll\u00e4 on oikeus saada korvausta sopimattomassa kunnossa palautetuista tuotteista. Kyseinen korvaus voi olla 30% tuotteiden arvosta.<\/p>\n<p>Jokaista tuotteiden palauttamistapausta on tarkasteltava erikseen.<\/p>\n<p>5.15. Jos tuote palautetaan asianmukaisesti, ostoksen koko summa palautetaan ostajalle.<\/p>\n<p>5.16. Jos ostaja haluaa v\u00e4ltt\u00e4\u00e4 tuotteiden palauttamisesta maksettavan hyvityksen v\u00e4henemisen, h\u00e4nen on k\u00e4ytett\u00e4v\u00e4 ja testattava tuotteita samalla tavalla kuin tavallisessa liikkeess\u00e4, ja tuotteet on palautettava alkuper\u00e4isess\u00e4 pakkauksessaan ja kokoonpanossaan (eli niiden on sis\u00e4llett\u00e4v\u00e4 kaikki osat, jotka olivat alun perin pakkauksessa, sek\u00e4 myyntisopimukseen liittyv\u00e4t lahjat).<\/p>\n<p>5.17. Jos ostaja k\u00e4ytt\u00e4\u00e4 tuotteita pidemp\u00e4\u00e4n kuin on tarpeen niiden ominaisuuksien ja toimivuuden testaamiseen tai ei palauta tuotteita alkuper\u00e4isess\u00e4 pakkauksessa ja t\u00e4ydellisess\u00e4 kokoonpanossa, ostaja on vastuussa tuotteiden palauttamisesta maksettavan hyvityksen m\u00e4\u00e4r\u00e4n v\u00e4henemisest\u00e4.<\/p>\n<p>Jos palautettavien tuotteiden laatu on heikentynyt, ostaja on vastuussa tuotteiden k\u00e4yt\u00f6st\u00e4 johtuvasta palautushyvityksest\u00e4.<\/p>\n<p>5.18. Tarkistaakseen tuotteen ominaisuudet ja toimivuuden ostajan on k\u00e4ytett\u00e4v\u00e4 sit\u00e4 yksinomaan tavallisessa liikkeess\u00e4 normaalisti sallitulla tavalla.<\/p>\n<p>5.19. Dakauf SIA:ll\u00e4 on oikeus esitt\u00e4\u00e4 ostajalle vaatimuksia tuotteiden arvon alenemisesta viimeist\u00e4\u00e4n kuukauden kuluttua tuotteiden palautusp\u00e4iv\u00e4st\u00e4.<\/p>\n<p>5.20. Tuotteiden palauttamisesta aiheutuvista v\u00e4litt\u00f6mist\u00e4 kustannuksista vastaa ostaja.<\/p>\n<p>5.21. Jos ostaja ei hyv\u00e4ksy myyj\u00e4n esitt\u00e4m\u00e4\u00e4 arvonalennusta, h\u00e4nell\u00e4 on oikeus ottaa yhteytt\u00e4 riippumattomaan asiantuntijaan alenemisen tarkan m\u00e4\u00e4r\u00e4n m\u00e4\u00e4ritt\u00e4miseksi. Riippumattoman asiantuntijan kustannuksista vastaa se osapuoli, jonka kanta on perusteeton.<\/p>\n<p>5.22. Yksityishenkil\u00f6iden ostamien tavaroiden osalta tavaroiden takuu on voimassa 2 vuotta.<\/p>\n<p>5.23. Oikeushenkil\u00f6iden (yritysten) 01.6.2024 alkaen ostamien tavaroiden osalta tavaroiden takuu on voimassa 1 vuoden.<\/p>\n<h2 style=\"margin-bottom: .75em; font-size: 1.25em; line-height: 1.6;\">6. Tilauksen peruuttaminen<\/h2>\n<p>6.1. Ostaja voi peruuttaa tilauksen maksettuaan sen, mutta ennen sen vastaanottamista ilman lis\u00e4kustannuksia.<\/p>\n<p>6.2. Tilauksen peruuttamiseksi ostajan on l\u00e4hetett\u00e4v\u00e4 hakemus yhdess\u00e4 tilausnumeron kanssa osoitteeseen <a href=\"m&#97;&#105;&#x6c;&#x74;o&#58;&#115;&#x75;&#x70;&#x70;o&#114;&#116;&#x40;&#x64;ak&#97;&#x75;&#x66;&#x2e;e&#117;\">s&#117;&#112;&#x70;&#x6f;&#x72;&#x74;&#64;&#100;&#97;&#107;&#x61;&#x75;&#x66;&#46;e&#117;<\/a>. Myyj\u00e4 vastaa tilauksen peruutusvahvistuksella.<\/p>\n<h2 style=\"margin-bottom: .75em; font-size: 1.25em; line-height: 1.6;\">7. Vastuu ja riitojen ratkaisu<\/h2>\n<p>7.1. Ostajalla on oikeus valittaa myyj\u00e4lle tuotteista, jotka eiv\u00e4t ole sopimusehtojen mukaisia (ovat viallisia) 1 (yhden) vuoden kuluessa tuotteiden vastaanottamisesta.<\/p>\n<p>7.2. Havaittuaan, ettei tuote vastaa sopimusehtoja, ostajalla on oikeus vaatia tuotteen korjaamista tai vaihtamista, tai perua myyntisopimus ja palauttaa puutteelliset tuotteet.<\/p>\n<p>7.3. Dakauf SIA ei ole vastuussa:<\/p>\n<ul>\n<li>ostajan aiheuttamasta tuotteiden huononemisesta\/vahingoittumisesta;<\/li>\n<li>tuotteiden ep\u00e4asianmukaisesta k\u00e4yt\u00f6st\u00e4 johtuvista vioista;<\/li>\n<li>tuotteiden tavanomaisesta fyysisest\u00e4 kulumisesta, joka on aiheutunut niiden normaalista k\u00e4yt\u00f6st\u00e4;<\/li>\n<\/ul>\n<p>7.4. Kaikki Dakauf-verkkokaupan tuotteet ovat EU:n lains\u00e4\u00e4d\u00e4nn\u00f6n takaamia.<\/p>\n<p>7.5. Mahdollisten tulevien ongelmien ratkaisemiseksi ostajan on s\u00e4ilytett\u00e4v\u00e4 Dakauf-verkkokaupasta ostetun tuotteen oston todistavat asiakirjat.<\/p>\n<p>7.6. Jos ostotodistusta ei ole, myyj\u00e4 tai muu palveluntarjoaja voi kielt\u00e4yty\u00e4 ratkaisemasta ongelmaa.<\/p>\n<p>7.7. Jos sinulla on verkkokaupasta ostettuja tuotteita koskevia kysymyksi\u00e4, ota meihin yhteytt\u00e4 <a href=\"&#109;&#x61;&#105;&#x6c;&#116;&#x6f;:&#x73;u&#x70;p&#111;&#x72;&#116;&#x40;&#100;&#x61;&#107;&#x61;u&#x66;&#46;&#x65;u\">&#x73;&#x75;&#112;&#112;&#111;r&#x74;&#x40;&#x64;&#97;&#107;au&#x66;&#x2e;&#x65;&#117;<\/a>.<\/p>\n<p>7.8. Reklamaation tekemisen yhteydess\u00e4 on osoitettava vialliset tuotteet, esimerkiksi l\u00e4hett\u00e4m\u00e4ll\u00e4 video tai valokuva.<\/p>\n<p>7.9. Jos tuotteet on l\u00e4hetett\u00e4v\u00e4 tutkittavaksi vian luonteen ja syyn selvitt\u00e4miseksi, myyj\u00e4 ja ostaja tekev\u00e4t sopimuksen tuotteen huollosta ja korjauksesta.<\/p>\n<p>7.10. Myyj\u00e4 takaa, ett\u00e4 verkkokaupassa myyt\u00e4v\u00e4t tuotteet ovat Euroopan unionin nykyisten standardien mukaisia. Asiaa koskevissa standardeissa lueteltuja olosuhteita ei pidet\u00e4 tuotteiden vikoina.<\/p>\n<p>7.11. Riitojen ratkaisemiseksi ostaja voi k\u00e4\u00e4nty\u00e4 kuluttajansuojalautakunnan tai kuluttajariitalautakunnan riippumattomien asiantuntijoiden puoleen. Kuluttajariitalautakunnan toimivaltaan kuuluu ratkaista ostajan ja myyj\u00e4n v\u00e4lisist\u00e4 sopimuksista johtuvia riitoja, joita osapuolet eiv\u00e4t ole pystyneet ratkaisemaan sopimalla.<\/p>\n<h2 style=\"margin-bottom: .75em; font-size: 1.25em; line-height: 1.6;\">8. Muut ehdot<\/h2>\n<p>8.1. Tuotekuvilla on ainoastaan havainnollistava tarkoitus.<\/p>\n<p>8.2. Tuotteiden hinnat ja saatavuus voivat muuttua ilman erillist\u00e4 ilmoitusta. Siin\u00e4 tapauksessa Dakauf SIA pid\u00e4tt\u00e4\u00e4 oikeuden vet\u00e4yty\u00e4 myynnist\u00e4 ja palauttaa maksun tuotteesta ostajan tilille kohtuullisen ajan kuluessa.<\/p>\n<p class=\"mb-0\">8.3. Tuotetiedot tarkistetaan ja p\u00e4ivitet\u00e4\u00e4n s\u00e4\u00e4nn\u00f6llisesti. Tiedot ovat saattaneet p\u00e4ivitty\u00e4 edellisen vierailusi j\u00e4lkeen. Dakauf-verkkokaupassa voi olla ep\u00e4tarkkoja tuotetietoja, jotka on otettu valmistajan toimittamista teknisist\u00e4 tiedoista. T\u00e4llaisissa tapauksissa Dakauf-verkkokauppa ei ole vastuussa tuotetietojen oikeellisuudesta. Ratkaisevissa teknisiin tietoihin liittyviss\u00e4 kysymyksiss\u00e4 suosittelemme mahdollisuuksien mukaan selvitt\u00e4m\u00e4\u00e4n tuotteen tekniset tiedot valmistajalta ennen sen ostamista.<\/p>\n\t\t<\/div>\n\t\t\t\t\n<style>\n#col-6629111 > .col-inner {\n  padding: 15px 0px 15px 0px;\n}\n<\/style>\n\t<\/div>\n\n\t\n<\/div>\n","protected":false},"excerpt":{"rendered":"","protected":false},"author":1,"featured_media":0,"parent":0,"menu_order":0,"comment_status":"closed","ping_status":"closed","template":"","meta":{"footnotes":""},"class_list":["post-727","page","type-page","status-publish","hentry"],"_links":{"self":[{"href":"https:\/\/dakauf.eu\/fi\/wp-json\/wp\/v2\/pages\/727"}],"collection":[{"href":"https:\/\/dakauf.eu\/fi\/wp-json\/wp\/v2\/pages"}],"about":[{"href":"https:\/\/dakauf.eu\/fi\/wp-json\/wp\/v2\/types\/page"}],"author":[{"embeddable":true,"href":"https:\/\/dakauf.eu\/fi\/wp-json\/wp\/v2\/users\/1"}],"replies":[{"embeddable":true,"href":"https:\/\/dakauf.eu\/fi\/wp-json\/wp\/v2\/comments?post=727"}],"version-history":[{"count":5,"href":"https:\/\/dakauf.eu\/fi\/wp-json\/wp\/v2\/pages\/727\/revisions"}],"predecessor-version":[{"id":24734,"href":"https:\/\/dakauf.eu\/fi\/wp-json\/wp\/v2\/pages\/727\/revisions\/24734"}],"wp:attachment":[{"href":"https:\/\/dakauf.eu\/fi\/wp-json\/wp\/v2\/media?parent=727"}],"curies":[{"name":"wp","href":"https:\/\/api.w.org\/{rel}","templated":true}]}}