{"id":731,"date":"2021-03-28T01:23:34","date_gmt":"2021-03-27T23:23:34","guid":{"rendered":"https:\/\/dakauf.eu\/?page_id=731"},"modified":"2024-11-25T18:45:07","modified_gmt":"2024-11-25T16:45:07","slug":"delivery","status":"publish","type":"page","link":"https:\/\/dakauf.eu\/fi\/delivery\/","title":{"rendered":"Toimitus"},"content":{"rendered":"<div class=\"row row-collapse align-center\"  id=\"row-130737961\">\n\n\t<div id=\"col-1373800943\" class=\"col medium-10 small-12 large-8\"  >\n\t\t\t\t<div class=\"col-inner text-left\"  >\n\t\t\t\n\t\t\t\n<h1 style=\"margin-bottom: 1em; font-size: 1.6em;\">Toimitus<\/h1>\n<p>Luettelo maista, joihin toimitamme tuotteita: <strong>Latvia<\/strong>, <strong>Viro<\/strong>, <strong>Liettua<\/strong>, <strong>Suomi<\/strong>, <strong>It\u00e4valta<\/strong>, <strong>Belgia<\/strong>, <strong>Bulgaria<\/strong>, <strong>Kroatia<\/strong>, <strong>Kypros<\/strong>, <strong>Tsekki<\/strong>, <strong>Tanska<\/strong>, <strong>Ranska<\/strong>, <strong>Saksa<\/strong>, <strong>Kreikka<\/strong>, <strong>Unkari<\/strong>, <strong>Irlanti<\/strong>, <strong>Italia<\/strong>, <strong>Luxembourg<\/strong>, <strong>Malta<\/strong>, <strong>Hollanti<\/strong>, <strong>Puola<\/strong>, <strong>Portugali<\/strong>, <strong>Romania<\/strong>, <strong>Slovakia<\/strong>, <strong>Slovenia<\/strong>, <strong>Espanja<\/strong>, <strong>Ruotsi<\/strong>.<\/p>\n<h2 style=\"margin-bottom: .75em; font-size: 1.25em; line-height: 1.6;\">Pakettiautomaatit<\/h2>\n<p>Euroopan sis\u00e4iset toimitukset suorittaa DPD. Voit noutaa pakettisi DPD:n pakettiautomaatista tai DPD:n l\u00e4hetin v\u00e4lityksell\u00e4. Toimitus pakettiautomaattiin kest\u00e4\u00e4 yleens\u00e4 3\u20135 arkip\u00e4iv\u00e4\u00e4.<\/p>\n<p>Kun ostat tuotteita ja valitset toimituksen pakettiautomaattiin, varmista, ett\u00e4 paketin mitat vastaavat kaapin kokoa.<\/p>\n<p>Toimitusaika on erilainen kullakin vy\u00f6hykkeell\u00e4. Varmista tilausta tehdess\u00e4si, ett\u00e4 toimitusaika maahasi on sinulle sopiva. Viikonloppuisin ja juhlapyhin\u00e4 tehdyt tilaukset toimitetaan DPD:n ilmoittamien toimitusaikojen mukaisesti. Verkkokauppa ei voi vaikuttaa kolmannen osapuolen ilmoittamaan toimitusaikaan.<\/p>\n<h2 style=\"margin-bottom: .75em; font-size: 1.25em; line-height: 1.6;\">L\u00e4hettipalvelu<\/h2>\n<p>Jos haluat, ett\u00e4 l\u00e4hetti toimittaa pakettisi sopivaan osoitteeseen, k\u00e4yt\u00e4 DPD:n l\u00e4hettipalvelua. Maksu on suoritettava laskun mukaisesti ennen paketin vastaanottamista. Toimitus DPD:n l\u00e4hettipalvelulla kest\u00e4\u00e4 yleens\u00e4 1\u20137 arkip\u00e4iv\u00e4\u00e4.<\/p>\n<p>L\u00e4hetti ottaa sinuun yhteytt\u00e4 etuk\u00e4teen varmistaakseen sinulle sopivan toimitusajan.<\/p>\n<p>Kun olet vastaanottanut paketin, sinun on allekirjoitettava l\u00e4hetysluettelo. Varmista ennen l\u00e4hetysluettelon allekirjoittamista, ett\u00e4 pakkaus on ehj\u00e4. Jos havaitset vian, voit palauttaa paketin l\u00e4hetille ja ilmoittaa, ett\u00e4 se on vahingoittunut. Jos et ole varma, onko tuote saapunut ehj\u00e4n\u00e4, voit avata paketin l\u00e4hetin l\u00e4sn\u00e4 ollessa ja varmistaa, ett\u00e4 sen sis\u00e4lt\u00f6 on ehj\u00e4. Jos havaitset vaurioita, pyyd\u00e4 l\u00e4hetti\u00e4 kirjaamaan ja ottamaan kuva vahingoista. Ota sen j\u00e4lkeen meihin yhteytt\u00e4 mahdollisimman pian.<\/p>\n\t\t<\/div>\n\t\t\t\t\n<style>\n#col-1373800943 > .col-inner {\n  padding: 15px 0px 15px 0px;\n}\n<\/style>\n\t<\/div>\n\n\t\n<\/div>\n","protected":false},"excerpt":{"rendered":"","protected":false},"author":1,"featured_media":0,"parent":0,"menu_order":0,"comment_status":"closed","ping_status":"closed","template":"","meta":{"footnotes":""},"class_list":["post-731","page","type-page","status-publish","hentry"],"_links":{"self":[{"href":"https:\/\/dakauf.eu\/fi\/wp-json\/wp\/v2\/pages\/731"}],"collection":[{"href":"https:\/\/dakauf.eu\/fi\/wp-json\/wp\/v2\/pages"}],"about":[{"href":"https:\/\/dakauf.eu\/fi\/wp-json\/wp\/v2\/types\/page"}],"author":[{"embeddable":true,"href":"https:\/\/dakauf.eu\/fi\/wp-json\/wp\/v2\/users\/1"}],"replies":[{"embeddable":true,"href":"https:\/\/dakauf.eu\/fi\/wp-json\/wp\/v2\/comments?post=731"}],"version-history":[{"count":5,"href":"https:\/\/dakauf.eu\/fi\/wp-json\/wp\/v2\/pages\/731\/revisions"}],"predecessor-version":[{"id":26245,"href":"https:\/\/dakauf.eu\/fi\/wp-json\/wp\/v2\/pages\/731\/revisions\/26245"}],"wp:attachment":[{"href":"https:\/\/dakauf.eu\/fi\/wp-json\/wp\/v2\/media?parent=731"}],"curies":[{"name":"wp","href":"https:\/\/api.w.org\/{rel}","templated":true}]}}