{"id":112,"date":"2020-11-15T17:42:31","date_gmt":"2020-11-15T15:42:31","guid":{"rendered":"http:\/\/localhost\/dakauf-web\/?page_id=112"},"modified":"2025-10-31T17:01:50","modified_gmt":"2025-10-31T15:01:50","slug":"contacts","status":"publish","type":"page","link":"https:\/\/dakauf.eu\/lt\/contacts\/","title":{"rendered":"Kontaktai"},"content":{"rendered":"<div class=\"row row-collapse align-center\"  id=\"row-1343206425\">\n\n\t<div id=\"col-1304282795\" class=\"col medium-10 small-12 large-12\"  >\n\t\t\t\t<div class=\"col-inner text-center\"  >\n\t\t\t\n\t\t\t\n<h1 style=\"margin-bottom:2em;line-height:1.05;letter-spacing:.05em;font-size:.85em;text-transform:uppercase;opacity:.8;\">Susisiekite su mumis<\/h1>\n<h3 class=\"mb-0\" style=\"font-size:200%;line-height:1.3;\"><a href=\"&#109;a&#x69;l&#x74;o&#x3a;s&#x75;p&#x70;o&#x72;&#116;&#x40;&#100;&#x61;&#107;&#x61;&#117;&#x66;&#46;&#x65;&#117;\">&#x73;u&#x70;&#112;o&#x72;&#116;&#x40;&#100;a&#x6b;&#97;&#x75;&#102;&#46;&#x65;&#117;<\/a><\/h3>\n\t\t<\/div>\n\t\t\t\t\n<style>\n#col-1304282795 > .col-inner {\n  margin: 0px 0px 6px 0px;\n}\n@media (min-width:550px) {\n  #col-1304282795 > .col-inner {\n    margin: 30px 0px 30px 0px;\n  }\n}\n<\/style>\n\t<\/div>\n\n\t\n<\/div>\n<div class=\"row row-collapse align-center\"  id=\"row-1221448974\">\n\n\t<div id=\"col-1696101041\" class=\"col medium-10 small-12 large-6\"  >\n\t\t\t\t<div class=\"col-inner text-center\"  >\n\t\t\t\n\t\t\t\n<p>Kilus papildomiems klausimams d\u0117l J\u016bs\u0173 u\u017esakymo, apmok\u0117jimo, preki\u0173 gr\u0105\u017einimo ar kit\u0173 su m\u016bs\u0173 elektronin\u0117s parduotuv\u0117s veikla susijusi\u0173 klausim\u0173, pra\u0161ome susisiekti su mumis el. pa\u0161tu <a href=\"&#x6d;&#x61;&#x69;&#x6c;&#x74;&#x6f;&#x3a;&#115;&#117;&#112;&#112;&#111;rt&#64;d&#x61;&#x6b;&#x61;&#x75;&#x66;&#x2e;&#x65;&#x75;\">support&#64;dakauf&#46;eu<\/a>. Susisieksime su jumis kaip \u012fmanoma grei\u010diau!<\/p>\n<div class=\"social-icons follow-icons full-width text-center\" ><a href=\"https:\/\/www.facebook.com\/dakaufstore\" target=\"_blank\" data-label=\"Facebook\" class=\"icon primary button circle facebook tooltip\" title=\"Follow on Facebook\" aria-label=\"Follow on Facebook\" rel=\"noopener nofollow\" ><i class=\"icon-facebook\" ><\/i><\/a><a href=\"https:\/\/www.instagram.com\/dakauf_photo\/\" target=\"_blank\" data-label=\"Instagram\" class=\"icon primary button circle instagram tooltip\" title=\"Follow on Instagram\" aria-label=\"Follow on Instagram\" rel=\"noopener nofollow\" ><i class=\"icon-instagram\" ><\/i><\/a><\/div>\n\t\t<\/div>\n\t\t\t\t\n<style>\n#col-1696101041 > .col-inner {\n  margin: 0px 0px 20px 0px;\n}\n@media (min-width:550px) {\n  #col-1696101041 > .col-inner {\n    margin: 0px 0px 20px 0px;\n  }\n}\n<\/style>\n\t<\/div>\n\n\t\n<\/div>\n<div class=\"row row-collapse align-center\"  id=\"row-570066458\">\n\n\t<div id=\"col-135400121\" class=\"col medium-10 small-12 large-6\"  >\n\t\t\t\t<div class=\"col-inner text-center\"  >\n\t\t\t\n\t\t\t\n<h2 style=\"margin-top: .3em; margin-bottom: 1em; line-height: 1.05; letter-spacing: .05em; font-size: .85em; text-transform: uppercase; opacity: .8;\">\u012emon\u0117s duomenys<\/h2>\n<h3 class=\"notranslate mb-0\" style=\"font-size: 200%; line-height: 1.3;\">Dakauf SIA<\/h3>\n<p style=\"margin-bottom: 2em;\">Reg. Nr.: 40003412912<br \/>VAT: LV40003412912<br \/>Banko pavadinimas: <span class=\"notranslate\">Paysera LT, UAB<\/span><br \/>IBAN: LT143500010017065379<br \/>SWIFT \/ BIC: EVIULT2VXXX<\/p>\n\t\t<\/div>\n\t\t\t\t\n<style>\n#col-135400121 > .col-inner {\n  margin: 0px 0px 6px 0px;\n}\n<\/style>\n\t<\/div>\n\n\t\n<\/div>\n<div class=\"row row-small align-center\"  id=\"row-1672753599\">\n\n\t<div id=\"col-172099852\" class=\"col medium-12 large-6\"  >\n\t\t\t\t<div class=\"col-inner\"  >\n\t\t\t\n\t\t\t\n<div class=\"container section-title-container\" style=\"margin-bottom:0.5em;\"><h4 class=\"section-title section-title-center\"><b><\/b><span class=\"section-title-main\" >Sand\u0117lis&nbsp;Latvijoje<\/span><b><\/b><\/h4><\/div>\n<p class=\"mb-0\"><iframe src=\"https:\/\/maps.googleapis.com\/maps\/embed?pb=!1m18!1m12!1m3!1d2175.85195334592!2d24.185300577166146!3d56.95133769904532!2m3!1f0!2f0!3f0!3m2!1i1024!2i768!4f13.1!3m3!1m2!1s0x46eece6d52d02a19%3A0xc8107c6fe231919!2sGun%C4%81ra%20Astras%20iela%208%2C%20Vidzemes%20priek%C5%A1pils%C4%93ta%2C%20R%C4%ABga%2C%20LV-1082%2C%20Latvia!5e0!3m2!1sen!2see!4v1761922802645!5m2!1sen!2see\" width=\"100%\" height=\"160\" style=\"border:0;margin-bottom:.5em;\" allowfullscreen=\"\" loading=\"lazy\"><\/iframe><\/p>\n<p class=\"mb-0\">\nGunara Astras 8, LV-1082<br \/>\nRiga, Latvia<\/p>\n\t\t<\/div>\n\t\t\t\t\t<\/div>\n\n\t\n\n\t<div id=\"col-1217190604\" class=\"col medium-12 large-6\"  >\n\t\t\t\t<div class=\"col-inner\"  >\n\t\t\t\n\t\t\t\n<div class=\"container section-title-container\" style=\"margin-bottom:0.5em;\"><h4 class=\"section-title section-title-center\"><b><\/b><span class=\"section-title-main\" >Sand\u0117lis&nbsp;Vokietijoje<\/span><b><\/b><\/h4><\/div>\n<p class=\"mb-0\"><iframe src=\"https:\/\/maps.googleapis.com\/maps\/embed?pb=!1m18!1m12!1m3!1d2516.3395425081235!2d14.788302815961414!3d50.89893316282821!2m3!1f0!2f0!3f0!3m2!1i1024!2i768!4f13.1!3m3!1m2!1s0x47093d450aa1245b%3A0x395c281e4f6e2ae7!2zw4R1w59lcmUgV2ViZXJzdHJhw59lIDU3LCAwMjc2MyBaaXR0YXUsINCT0LXRgNC80LDQvdC40Y8!5e0!3m2!1sru!2see!4v1630081905597!5m2!1sen!2see\" width=\"100%\" height=\"160\" style=\"border:0;margin-bottom:.5em;\" allowfullscreen=\"\" loading=\"lazy\"><\/iframe><\/p>\n<p class=\"mb-0\">\n\u00c4ussere Weberstr. 57, 02763<br \/>\nZittau, Germany<\/p>\n\t\t<\/div>\n\t\t\t\t\t<\/div>\n\n\t\n<\/div>\n","protected":false},"excerpt":{"rendered":"","protected":false},"author":1,"featured_media":0,"parent":0,"menu_order":0,"comment_status":"closed","ping_status":"closed","template":"","meta":{"footnotes":""},"class_list":["post-112","page","type-page","status-publish","hentry"],"_links":{"self":[{"href":"https:\/\/dakauf.eu\/lt\/wp-json\/wp\/v2\/pages\/112"}],"collection":[{"href":"https:\/\/dakauf.eu\/lt\/wp-json\/wp\/v2\/pages"}],"about":[{"href":"https:\/\/dakauf.eu\/lt\/wp-json\/wp\/v2\/types\/page"}],"author":[{"embeddable":true,"href":"https:\/\/dakauf.eu\/lt\/wp-json\/wp\/v2\/users\/1"}],"replies":[{"embeddable":true,"href":"https:\/\/dakauf.eu\/lt\/wp-json\/wp\/v2\/comments?post=112"}],"version-history":[{"count":5,"href":"https:\/\/dakauf.eu\/lt\/wp-json\/wp\/v2\/pages\/112\/revisions"}],"predecessor-version":[{"id":41443,"href":"https:\/\/dakauf.eu\/lt\/wp-json\/wp\/v2\/pages\/112\/revisions\/41443"}],"wp:attachment":[{"href":"https:\/\/dakauf.eu\/lt\/wp-json\/wp\/v2\/media?parent=112"}],"curies":[{"name":"wp","href":"https:\/\/api.w.org\/{rel}","templated":true}]}}