{"id":3,"date":"2020-11-08T15:24:54","date_gmt":"2020-11-08T13:24:54","guid":{"rendered":"http:\/\/localhost\/dakauf-web\/?page_id=3"},"modified":"2026-03-18T15:48:07","modified_gmt":"2026-03-18T13:48:07","slug":"privacy-policy","status":"publish","type":"page","link":"https:\/\/dakauf.eu\/lt\/privacy-policy\/","title":{"rendered":"Privatumo politika"},"content":{"rendered":"<div class=\"row row-collapse align-center\"  id=\"row-1113980759\">\n\n\t<div id=\"col-978465749\" class=\"col medium-10 small-12 large-8\"  >\n\t\t\t\t<div class=\"col-inner\"  >\n\t\t\t\n\t\t\t\n<h1 style=\"margin-bottom:1em;font-size:1.6em;\">Privatumo politika<\/h1>\n<p>Dakauf SIA \u012fsipareigoja saugoti m\u016bs\u0173 klient\u0173 ir svetain\u0117s https:\/\/dakauf.eu lankytoj\u0173 privatum\u0105 ir duomen\u0173 saugum\u0105.\n<\/p>\n<p>\u0160ioje privatumo politikoje apra\u0161oma, kokia asmenin\u0117 informacija yra renkama ir kaip j\u0105 naudoja https:\/\/dakauf.eu. Dakauf SIA turi teis\u0119 atnaujinti \u0161i\u0105 privatumo politik\u0105, paskelbdama nauj\u0105 versij\u0105 svetain\u0117je. Pra\u0161ome retkar\u010diais patikrinti \u0161\u012f puslap\u012f, kad b\u016btum\u0117te informuoti apie bet kokius pakeitimus.\n<\/p>\n<p>Svetain\u0117 https:\/\/dakauf.eu apdoroja, skelbia, saugo ir naudoja j\u016bs\u0173 asmenin\u0119 informacij\u0105 saugiai, s\u0105\u017einingai ir teis\u0117tai pagal ES ir tarptautin\u0119 teis\u0119.\n<\/p>\n<h2 style=\"margin-bottom:.75em;font-size:1.25em;line-height:1.6;\">Asmens duomen\u0173 rinkimas<\/h2>\n<p>Dakauf SIA gali rinkti ir naudoti \u0161i\u0173 r\u016b\u0161i\u0173 asmenin\u0119 informacij\u0105:\n<\/p>\n<ul>\n<li>informacija apie naudojim\u0105si \u0161ia svetaine (\u012fskaitant IP adres\u0105, geografin\u0119 viet\u0105, nar\u0161ykl\u0117s tip\u0105 ir versij\u0105, operacin\u0119 sistem\u0105, persiuntimo \u0161altin\u012f, apsilankymo trukm\u0119, puslapio per\u017ei\u016bras, nar\u0161ymo svetain\u0117je kelius, apsilankymo laik\u0105 ir dat\u0105, kit\u0105 statistik\u0105). Taip pat galime naudotis ir tre\u010di\u0173j\u0173 \u0161ali\u0173 paslaugomis, pavyzd\u017eiui: elektronin\u0117s bankininkyst\u0117s ir pristatymo paslaugomis, Google Analytics, Yandex.Metrica, Facebook ir Kelkoo Sales Tracking duomenims rinkti, sekti ir analizuoti, taip pat pristatymui ir mok\u0117jimo kvitams gauti;<\/li>\n<li>informacija apie sandorius tarp j\u016bs\u0173 ir m\u016bs\u0173 arba susijusius su \u0161ia svetaine, \u012fskaitant informacij\u0105 apie visas j\u016bs\u0173 \u012fsigytas prekes ir paslaugas;<\/li>\n<li>informacija, kuri\u0105 pateikiate registruodamiesi svetain\u0117je (\u012fskaitant el. pa\u0161to adres\u0105, vard\u0105 ir pavard\u0119, atsiskaitymo ir pristatymo adresus);<\/li>\n<li>informacija, kuri\u0105 pateikiate nor\u0117dami prenumeruoti paslaugas, \u012fsp\u0117jimus el. pa\u0161tu;<\/li>\n<li>bet kokia kita informacija, kuri\u0105 bendrinate https:\/\/dakauf.eu.<\/li>\n<\/ul>\n<h2 style=\"margin-bottom:.75em;font-size:1.25em;line-height:1.6;\">Kit\u0173 duomen\u0173 rinkimas<\/h2>\n<p>Taip pat renkame anoniminius duomenis, t. y. duomenis, kuri\u0173 negalima priskirti konkre\u010diam asmeniui (lytis, am\u017eius, kalbos pasirinkimas, vieta). Be to, galime rinkti apibendrintus duomenis apie klient\u0173 veikl\u0105 m\u016bs\u0173 internetin\u0117je parduotuv\u0117je. \u0160ie duomenys yra renkami ir naudojami siekiant suteikti klientams tinkamesn\u0119 informacij\u0105, taip pat gauti informacij\u0105 apie produktus, paslaugas ir skyrius, kurie yra ypa\u010d svarb\u016bs. \u0160ioje privatumo politikoje apibendrinti duomenys laikomi anoniminiais.\n<\/p>\n<h2 style=\"margin-bottom:.75em;font-size:1.25em;line-height:1.6;\">Asmenin\u0117s informacijos naudojimas<\/h2>\n<p>Dakauf SIA gali naudoti j\u016bs\u0173 asmenin\u0119 informacij\u0105 \u0161iais tikslais:\n<\/p>\n<ul>\n<li>valdyti \u0161i\u0105 svetain\u0119;<\/li>\n<li>pritaikyti svetain\u0119 jums;<\/li>\n<li>suteikti prieig\u0105 ir galimyb\u0119 naudotis svetain\u0117s paslaugomis;<\/li>\n<li>i\u0161si\u0173sti jums \u012fsigytas prekes (pateikiant pristatymo informacij\u0105 logistikos partneriams);<\/li>\n<li>teikti jums \u012fsigytas paslaugas;<\/li>\n<li>si\u0173sti jums prane\u0161imus ir s\u0105skaitas fakt\u016bras, surinkti i\u0161 j\u016bs\u0173 mok\u0117jimus;<\/li>\n<li>el. pa\u0161tu si\u0173sti jums prane\u0161imus, kuri\u0173 pra\u0161\u0117te;<\/li>\n<li>dirbti su j\u016bs\u0173 pateiktomis u\u017eklausomis, atsiliepimais ir skundais d\u0117l j\u016bs\u0173 arba susijusi\u0173 paslaug\u0173;<\/li>\n<\/ul>\n<p>J\u016bs\u0173 nurodytu el. pa\u0161to adresu galime periodi\u0161kai si\u0173sti reklaminius el. lai\u0161kus apie naujus produktus, specialius pasi\u016blymus ar kit\u0105 informacij\u0105, kuri, m\u016bs\u0173 manymu, jus domina;<br \/>Be to, mes galime naudoti j\u016bs\u0173 asmenin\u0119 informacij\u0105 nor\u0117dami susisiekti su jumis ir papra\u0161yti j\u016bs\u0173 leidimo naudoti \/ atskleisti j\u016bs\u0173 pirkimo istorij\u0105 m\u016bs\u0173 rinkodaros ar reklamin\u0117je med\u017eiagoje.\n<\/p>\n<h2 style=\"margin-bottom:.75em;font-size:1.25em;line-height:1.6;\">Kas yra slapukai?<\/h2>\n<p>Slapukai yra nedideli tekstiniai failai, kuriuos \u012f j\u016bs\u0173 kompiuter\u012f ar mobil\u0173j\u012f \u012frengin\u012f \u012fkelia svetain\u0117s, kuriose lankot\u0117s. Kiekvieno paskesnio apsilankymo metu \u0161ie failai siun\u010diami atgal \u012f juos atpa\u017e\u012fstan\u010di\u0105 svetain\u0119. Slapukai veikia kaip konkretaus pagrindinio puslapio atmintis, leisdami jus identifikuoti tolesni\u0173 apsilankym\u0173 metu ir atkurti j\u016bs\u0173 nustatymus, tod\u0117l svetain\u0117 tampa patogesn\u0117. Daugiau informacijos apie slapukus ir kaip juos tvarkyti ar i\u0161trinti rasite adresu http:\/\/www.aboutcookies.org.uk\/managing-cookies.\n<\/p>\n<h2 style=\"margin-bottom:.75em;font-size:1.25em;line-height:1.6;\">Kaip naudojame slapukus?<\/h2>\n<p>Svetain\u0117 naudoja slapukus, kad prisimint\u0173:\n<\/p>\n<ul>\n<li>ar vartotojas jau buvo informuotas apie slapuk\u0173 naudojim\u0105;<\/li>\n<li>kada svetain\u0117je buvo atliktas paskutinis veiksmas;<\/li>\n<li>autentifikuotus vartotojo duomenis;<\/li>\n<li>\u012f vartotojo krep\u0161el\u012f \u012ftrauktas prekes;<\/li>\n<\/ul>\n<h2 style=\"margin-bottom:.75em;font-size:1.25em;line-height:1.6;\">Google Analytics<\/h2>\n<p>Svetain\u0117je naudojami Google Inc. sukurti Google Analytics slapukai. Jie skirti tobulinti ir pritaikyti svetain\u0117s turin\u012f. Daugiau informacijos apie Google Analytics paslaug\u0173 teikimo s\u0105lygas rasite adresu http:\/\/www.google.com\/analytics\/terms\/us.html. Jei nenorite, kad Google Analytics steb\u0117t\u0173 j\u016bs\u0173 nar\u0161ymo veikl\u0105, \u012fgalinkite Google Analytics atsisakymo nar\u0161ykl\u0117s pried\u0105 https:\/\/support.google.com\/analytics\/answer\/181881). \u0160is blokatorius informuoja Google Analytics JavaScript (ga.js), kad duomenys apie konkret\u0173 apsilankym\u0105 netur\u0117t\u0173 b\u016bti siun\u010diami Google Analytics.<\/p>\n<h2 style=\"margin-bottom:.75em;font-size:1.25em;line-height:1.6;\">Yandex.Metrica<\/h2>\n<p>Svetain\u0117je naudojami Yandex.Metrica slapukai, kurie teikia nuasmenint\u0105 informacij\u0105 apie sraut\u0105. Turima statistika apima vartotoj\u0173 skai\u010di\u0173, srauto \u0161altinius ir naudotoj\u0173 elgsen\u0105 svetain\u0117s puslapiuose. Siekdama suskai\u010diuoti svetain\u0117s vartotojus, Yandex.Metrica naudoja anoniminius nar\u0161ykl\u0117s identifikatorius, kurie yra saugomi slapukuose arba localStorage ypatyb\u0117se.<\/p>\n<h2 style=\"margin-bottom:.75em;font-size:1.25em;line-height:1.6;\">Facebook Pixel<\/h2>\n<p>Naudojame Facebook Pixel naudotoj\u0173 elgsenai sekti, tod\u0117l galime si\u0173sti jums aktuali\u0105, tikslin\u0119 reklam\u0105 Facebook. Tai steb\u0117jimo pikselis, renkantis informacij\u0105 apie jus, kuri yra naudojama kuriant ir optimizuojant Facebook skelbim\u0173 tikslines auditorijas. Pavyzd\u017eiui, Facebook renka ir siun\u010dia duomenis, kurie yra susieti su identifikatoriumi, pvz., j\u016bs\u0173 vardu arba IP adresu, apie tai, kad lank\u0117t\u0117s m\u016bs\u0173 svetain\u0117je ir k\u0105 spustel\u0117jote.<\/p>\n<h2 style=\"margin-bottom:.75em;font-size:1.25em;line-height:1.6;\">Kelkoo Sales Tracking<\/h2>\n<p>Naudojame Kelkoo Sales Tracking &#8211; Kelkoo Group teikiam\u0105 sekimo \u017eym\u0105, skirt\u0105 reklamos efektyvumui matuoti ir optimizuoti. \u0160i \u017eyma gali rinkti duomenis apie naudotoj\u0173 veiksmus m\u016bs\u0173 svetain\u0117je po nukreipimo i\u0161 Kelkoo, \u012fskaitant pardavimo konversijas, u\u017esakymo detali\u0173 parametrus ir technin\u0119 nar\u0161ykl\u0117s informacij\u0105.<\/p>\n<h2 style=\"margin-bottom:.75em;font-size:1.25em;line-height:1.6;\">Cloudflare<\/h2>\n<p>Svetain\u0117 naudoja bendrov\u0117s Cloudflare, Inc. teikiamas paslaugas, siekdama pagerinti svetain\u0117s veikim\u0105, patikimum\u0105 ir saugum\u0105. Cloudflare gali naudoti slapukus ar pana\u0161ias technologijas turiniui efektyviai pateikti, svetainei apsaugoti nuo kenk\u0117ji\u0161kos veiklos ir tinklo saugumui u\u017etikrinti.<\/p>\n<h2 style=\"margin-bottom:.75em;font-size:1.25em;line-height:1.6;\">Cloudflare Turnstile<\/h2>\n<p>Naudojame Cloudflare Turnstile formas ir interaktyvius elementus apsaugoti nuo automatizuoto piktnaud\u017eiavimo. Turnstile apdoroja ribot\u0105 technin\u0119 informacij\u0105 ir gali naudoti slapukus ar pana\u0161ius mechanizmus, kurie yra grie\u017etai b\u016btini saugumo ir apsaugos nuo robot\u0173 tikslais. \u0160ie slapukai laikomi b\u016btinaisiais ir n\u0117ra naudojami rinkodaros ar steb\u0117jimo tikslais.<\/p>\n<h2 style=\"margin-bottom:.75em;font-size:1.25em;line-height:1.6;\">Kaip i\u0161jungti slapukus?<\/h2>\n<p>Slapukai gali b\u016bti i\u0161jungti arba i\u0161trinti pagal pageidavim\u0105. Daugiau informacijos rasite adresu www.aboutcookies.org. Galite i\u0161trinti visus savo kompiuteryje esan\u010dius slapukus, taip pat galite sukonfig\u016bruoti daugum\u0105 nar\u0161ykli\u0173 taip, kad slapukai neb\u016bt\u0173 i\u0161saugoti. Bet tokiu atveju kaskart tenka rankiniu b\u016bdu atlikti visus svetain\u0117s nustatymus ir taip pat gali b\u016bti, kad kai kurios paslaugos ir funkcijos neveiks.\n<\/p>\n<h2 style=\"margin-bottom:.75em;font-size:1.25em;line-height:1.6;\">Informacijos atskleidimas<\/h2>\n<p>Mes galime atskleisti j\u016bs\u0173 asmenin\u0119 informacij\u0105 tiek, kiek pagr\u012fstai to reikia \u0161ioje privatumo politikoje nustatytais tikslais.\n<\/p>\n<p>Taip pat galime atskleisti j\u016bs\u0173 asmenin\u0119 informacij\u0105:\n<\/p>\n<ul>\n<li>tiek, kiek to reikalauja teis\u0117s aktai;<\/li>\n<li>d\u0117l vykstan\u010di\u0173 ar b\u016bsim\u0173 teismini\u0173 proces\u0173;<\/li>\n<li>nustatyti, \u012fgyvendinti ar apsaugoti savo teis\u0117tas teises (\u012fskaitant informacijos teikim\u0105 kitiems asmenims, siekiant u\u017ekirsti keli\u0105 suk\u010diavimui ir suma\u017einti kredito rizik\u0105).<\/li>\n<\/ul>\n<h2 style=\"margin-bottom:.75em;font-size:1.25em;line-height:1.6;\">Kontaktiniai duomenys<\/h2>\n<p>Valdytojas: Dakauf SIA, reg. nr. 40003412912<br \/>Juridinis adresas: Latvia, R\u012bga, Gunara Astras 8, LV-1082<br \/>Teisinis pagrindas: Dakauf SIA teis\u0117ti interesai\n<\/p>\n<p>Sutikdami su privatumo politikos s\u0105lygomis, klientai suteikia teis\u0119 Dakauf SIA automati\u0161kai tvarkyti j\u0173 duomenis. Klientai gali bet kada at\u0161aukti savo sutikim\u0105 m\u016bs\u0173 svetain\u0117je arba atsi\u0173sdami mums ra\u0161ytin\u012f parei\u0161kim\u0105. Sutikimo parei\u0161kimas arba at\u0161aukimas atgaline data negalioja.\n<\/p>\n<p class=\"mb-0\">Jei turite klausim\u0173, susijusi\u0173 su \u0161ia privatumo politika arba kaip https:\/\/dakauf.eu naudoja j\u016bs\u0173 asmenin\u0119 informacij\u0105, ra\u0161ykite mums adresu &#x73;&#117;p&#x70;&#111;&#114;&#x74;&#x40;&#100;a&#x6b;&#97;u&#x66;&#x2e;&#101;u.<\/p>\n\t\t<\/div>\n\t\t\t\t\n<style>\n#col-978465749 > .col-inner {\n  padding: 15px 0px 15px 0px;\n}\n<\/style>\n\t<\/div>\n\n\t\n<\/div>\n","protected":false},"excerpt":{"rendered":"","protected":false},"author":1,"featured_media":0,"parent":0,"menu_order":0,"comment_status":"closed","ping_status":"closed","template":"","meta":{"footnotes":""},"class_list":["post-3","page","type-page","status-publish","hentry"],"_links":{"self":[{"href":"https:\/\/dakauf.eu\/lt\/wp-json\/wp\/v2\/pages\/3"}],"collection":[{"href":"https:\/\/dakauf.eu\/lt\/wp-json\/wp\/v2\/pages"}],"about":[{"href":"https:\/\/dakauf.eu\/lt\/wp-json\/wp\/v2\/types\/page"}],"author":[{"embeddable":true,"href":"https:\/\/dakauf.eu\/lt\/wp-json\/wp\/v2\/users\/1"}],"replies":[{"embeddable":true,"href":"https:\/\/dakauf.eu\/lt\/wp-json\/wp\/v2\/comments?post=3"}],"version-history":[{"count":5,"href":"https:\/\/dakauf.eu\/lt\/wp-json\/wp\/v2\/pages\/3\/revisions"}],"predecessor-version":[{"id":48091,"href":"https:\/\/dakauf.eu\/lt\/wp-json\/wp\/v2\/pages\/3\/revisions\/48091"}],"wp:attachment":[{"href":"https:\/\/dakauf.eu\/lt\/wp-json\/wp\/v2\/media?parent=3"}],"curies":[{"name":"wp","href":"https:\/\/api.w.org\/{rel}","templated":true}]}}