{"id":727,"date":"2021-03-28T01:11:28","date_gmt":"2021-03-27T23:11:28","guid":{"rendered":"https:\/\/dakauf.eu\/?page_id=727"},"modified":"2024-10-25T18:46:51","modified_gmt":"2024-10-25T15:46:51","slug":"terms-and-conditions","status":"publish","type":"page","link":"https:\/\/dakauf.eu\/lt\/terms-and-conditions\/","title":{"rendered":"Pirkimo s\u0105lygos ir nuostatos"},"content":{"rendered":"<div class=\"row row-collapse align-center\"  id=\"row-412665775\">\n\n\t<div id=\"col-648947168\" class=\"col medium-10 small-12 large-8\"  >\n\t\t\t\t<div class=\"col-inner\"  >\n\t\t\t\n\t\t\t\n<h1 style=\"margin-bottom: 1em; font-size: 1.6em;\">Pirkimo s\u0105lygos ir nuostatos<\/h1>\n<h2 style=\"margin-bottom: .75em; font-size: 1.25em; line-height: 1.6;\">1. S\u0105lyg\u0173 taikymo sritis ir galiojimas<\/h2>\n<p>\u0160ios bendrosios naudojimosi ir pirkimo s\u0105lygos (toliau &#8222;S\u0105lygos&#8221;) &#8222;Dakauf&#8221; elektronin\u0117je parduotuv\u0117je (toliau &#8222;Pardav\u0117jas&#8221;) taikomos visiems asmenims (toliau &#8222;Pirk\u0117jas\/Klientas&#8221;), kurie naudojasi www.dakauf.eu elektronine parduotuve (toliau &#8222;El. parduotuv\u0117&#8221;), u\u017esisako joje prekes, taip pat kai sudaro preki\u0173 pirkimo-pardavimo sutart\u012f elektronin\u0117je parduotuv\u0117je (toliau &#8222;Pirkimo-pardavimo sutartis&#8221;).<\/p>\n<p>1.2. Pirk\u0117jas, sutikdamas su \u0161iomis s\u0105lygomis, patvirtina, kad taip pat susipa\u017eino su pirkimo-pardavimo sutarties s\u0105lygomis, su jomis sutinka ir \u012fsipareigoja j\u0173 laikytis.<\/p>\n<h2 style=\"margin-bottom: .75em; font-size: 1.25em; line-height: 1.6;\">2. Preki\u0173 pirkimas ir u\u017esakym\u0173 pateikimas<\/h2>\n<p>2.1. Preki\u0173, kuri\u0173 apra\u0161ymuose yra mygtukas &#8222;\u012e krep\u0161el\u012f&#8221;, galima \u012fsigyti elektronin\u0117je parduotuv\u0117je. Konkre\u010dios prek\u0117s kaina ir jos prieinamumas gali b\u016bti kei\u010diami be \u012fsp\u0117jimo. Sumokama u\u017esakymo metu galiojusi kaina.<\/p>\n<p>2.2. Pardav\u0117jas turi teis\u0119 nukrypti nuo El. parduotuv\u0117je sudarytos pirkimo\u2013pardavimo sutarties, atsisakydamas pristatyti u\u017esakytas prekes ar paslaugas, jeigu:<\/p>\n<ul>\n<li>prek\u0117s n\u0117ra sand\u0117lyje;<\/li>\n<li>el. parduotuv\u0117je prek\u0117s b\u016bsena &#8222;I\u0161parduota&#8221;.;<\/li>\n<li>el. parduotuv\u0117je nurodyta neteisinga prek\u0117s kaina ar technin\u0117s charakteristikos d\u0117l kompiuterin\u0117s sistemos gedimo.<\/li>\n<\/ul>\n<p>2.3. Pirk\u0117jas gali padidinti ir suma\u017einti kiekvienos prek\u0117s kiek\u012f krep\u0161elyje.<\/p>\n<p>2.4. Pirk\u0117jas, pateikdamas u\u017esakym\u0105, pasirenka tinkam\u0105 pristatymo b\u016bd\u0105. Pristatymo b\u016bdo specifikacija bus rodoma atsiskaitymo puslapyje. \u012esitikinkite, kad \u012fved\u0117te teisingus duomenis, kitaip u\u017esakymas gali b\u016bti nepristatytas laiku arba i\u0161 viso nebus pristatytas.<\/p>\n<p>2.5. Susipa\u017einkite su pirkimo s\u0105lygomis &#8222;Dakauf&#8221; el. parduotuv\u0117je ir prireikus patvirtinkite savo sutikim\u0105 pa\u017eym\u0117dami varnel\u0119 &#8222;Sutinku su pirkimo s\u0105lygomis&#8221;.<\/p>\n<p>2.6. Patvirtindamas u\u017esakym\u0105, pirk\u0117jas turi u\u017e j\u012f sumok\u0117ti pasirinkdamas tinkam\u0105 mok\u0117jimo b\u016bd\u0105. Dabartin\u012f mok\u0117jimo b\u016bd\u0105 galima pakeisti paskutiniame u\u017esakymo pateikimo etape. Klientas\/pirk\u0117jas turi \u012fvesti savo duomenis ir, jei pageidauja, u\u017esiregistruoti ir kaip nuolatinis &#8222;Dakauf&#8221; klientas.<\/p>\n<p>2.7. Pirkimo-pardavimo sutartis laikoma sudaryta nuo to momento, kai apmok\u0117jimas u\u017e u\u017esakym\u0105 gaunamas \u012f &#8222;Dakauf SIA&#8221; atsiskaitom\u0105j\u0105 s\u0105skait\u0105. Pirk\u0117jui nesumok\u0117jus u\u017e savo u\u017esakym\u0105, pardav\u0117jas tokio u\u017esakymo nevykdys.<\/p>\n<h2 style=\"margin-bottom: .75em; font-size: 1.25em; line-height: 1.6;\">3. Apmok\u0117jimas u\u017e pirkinius<\/h2>\n<p>3.1. Kai kuriems mok\u0117jimo b\u016bdams gali b\u016bti taikomas tvarkymo mokestis.<\/p>\n<p>3.2. Atlikus apmok\u0117jim\u0105, el. parduotuv\u0117 Jums atsi\u0173s u\u017esakymo patvirtinim\u0105 ir s\u0105skait\u0105 fakt\u016br\u0105.<\/p>\n<p>3.3. Visi asmens duomenys, kuriuos &#8222;Dakauf&#8221; gauna klientui apsilankius el. parduotuv\u0117je ir joje apsiperkant, yra laikomi konfidencialia informacija. U\u017e\u0161ifruotas duomen\u0173 apsikeitimo kanalas su kiekvienu interneto banku garantuoja pirk\u0117jo asmenini\u0173 duomen\u0173 ir banko rekvizit\u0173 saugum\u0105.<\/p>\n<h2 style=\"margin-bottom: .75em; font-size: 1.25em; line-height: 1.6;\">4. Preki\u0173 pristatymas ir \u012fteikimas<\/h2>\n<p>4.1. Prek\u0117s pristatomos u\u017esakyme nurodytu pristatymo adresu.<\/p>\n<p>4.2. Pirk\u0117jas apie b\u016bsim\u0105 pristatym\u0105 informuojamas u\u017esakyme nurodytais kontaktiniais duomenimis.<\/p>\n<p>4.3. U\u017esakyt\u0173 preki\u0173 pristatymas vykdomas pagal u\u017esakymo pateikimo metu galiojan\u010dias pristatymo s\u0105lygas.<\/p>\n<p>4.4. Pirk\u0117jas, pateikdamas u\u017esakym\u0105, turi \u012fsitikinti, kad nurodyti kontaktiniai duomenys yra teisingi, kad b\u016bt\u0173 i\u0161vengta v\u0117lavim\u0173 ir nesusipratim\u0173 pristatymo metu. &#8222;Dakauf SIA&#8221; ir kurjeri\u0173 \u012fmon\u0117 neatsako u\u017e pristatymo v\u0117lavim\u0105 ir nesusipratimus, jeigu toks v\u0117lavimas ar nesusipratimas atsirado d\u0117l pirk\u0117jo pateikt\u0173 u\u017esakymo metu netiksli\u0173 ar neteising\u0173 duomen\u0173.<\/p>\n<p>4.5. Prek\u0117s pirk\u0117jui perduodamos tik asmeni\u0161kai pagal va\u017etara\u0161t\u012f ir pateikus kliento tapatyb\u0119 patvirtinant\u012f dokument\u0105.<\/p>\n<p>4.7. Jei pakuot\u0117 pa\u017eeista, pirk\u0117jas turi teis\u0119 atsisakyti priimti prekes ir (arba) nedelsiant apie tai informuoti mus adresu <a href=\"mailto&#58;&#115;&#117;&#112;&#112;&#111;&#114;&#x74;&#x40;&#x64;&#x61;&#x6b;&#x61;&#x75;&#x66;&#x2e;&#x65;&#x75;\">&#x73;&#117;p&#x70;&#x6f;&#114;t&#x40;&#x64;&#97;k&#x61;&#117;f&#x2e;&#x65;&#117;<\/a>.<\/p>\n<p>4.8. Pardav\u0117jas turi teis\u0119 \u012fgalioti tre\u010di\u0105sias \u0161alis pristatyti prekes (\u012fskaitant kurjeri\u0173 paslaugas).<\/p>\n<p>4.9. Pirk\u0117jui neatsi\u0117mus preki\u0173 per 14 (keturiolika) dien\u0173 nuo sutartos pristatymo datos, tai bus laikoma pirk\u0117jo pirkimo\u2013pardavimo sutarties pa\u017eeidimu ir preki\u0173 atsisakymu. Pardav\u0117jas turi teis\u0119 viena\u0161ali\u0161kai atsisakyti pirkimo\u2013pardavimo sutarties ir reikalauti i\u0161 pirk\u0117jo kompensacijos (pavyzd\u017eiui, preki\u0173 saugojimo i\u0161laidas), i\u0161 avansu sumok\u0117tos sumos i\u0161skai\u010diuojant pardav\u0117jo patirtus nuostolius d\u0117l pirk\u0117jo.<\/p>\n<h2 style=\"margin-bottom: .75em; font-size: 1.25em; line-height: 1.6;\">5. Gr\u0105\u017einimo ir pinig\u0173 gr\u0105\u017einimo politika<\/h2>\n<p>5.1. Pirk\u0117jas turi teis\u0119 nenurodydamas prie\u017eas\u010di\u0173 per 14 dien\u0173 atsisakyti el. parduotuv\u0117je sudarytos pirkimo\u2013pardavimo sutarties ir gr\u0105\u017einti prekes. Gr\u0105\u017einimo kaina &#8211; 6,97 EUR.<\/p>\n<p>5.2. Atsisakymo terminas baigiasi pra\u0117jus 14 dien\u0173 nuo pirkimo\u2013pardavimo sutarties sudarymo dienos arba nuo tos dienos, kai pirk\u0117jas fizi\u0161kai gavo prek\u0119.<\/p>\n<p>5.3. Prekes per 14 dien\u0173 gali gr\u0105\u017einti tik privat\u016bs asmenys. \u0160ios gr\u0105\u017einimo s\u0105lygos netaikomos \u012fmon\u0117ms.<\/p>\n<p>5.4. Pirk\u0117jas, nor\u0117damas pasinaudoti sutarties atsisakymo teise, apie savo sprendim\u0105 gr\u0105\u017einti prek\u0119 pardav\u0117jui prane\u0161a ra\u0161ti\u0161ku parei\u0161kimu, kur\u012f gali i\u0161si\u0173sti el. pa\u0161tu: <a href=\"&#x6d;&#97;&#x69;&#x6c;t&#x6f;&#58;s&#x75;&#112;p&#x6f;&#114;&#x74;&#x40;d&#x61;&#107;a&#x75;&#102;&#46;&#x65;&#117;\">sup&#112;&#111;&#114;&#116;&#x40;&#x64;&#x61;&#x6b;&#x61;&#x75;&#x66;&#46;eu<\/a>.<\/p>\n<p>5.5. Teise atsisakyti sutarties negalima pasinaudoti, jei:<\/p>\n<ul>\n<li>Klientas gavo prek\u0119 sandarioje pakuot\u0117je, kurios negalima gr\u0105\u017einti d\u0117l sveikatos ar higienos prie\u017eas\u010di\u0173 ir kuri buvo atidaryta po pristatymo (pvz., ausin\u0117s, epiliatoriai, skustuvai ir kt.).<\/li>\n<li>Prek\u0117 yra garso\/vaizdo \u012fra\u0161as arba programin\u0117 \u012franga sandarioje pakuot\u0117je. Taip pat negalima gr\u0105\u017einti SIM korteli\u0173 ir prad\u017eios rinkini\u0173, taip pat laiko korteli\u0173, jei pakuot\u0117 atidaroma po pristatymo.<\/li>\n<\/ul>\n<p>5.6. Atsisakius pirkimo-pardavimo sutarties, &#8222;Dakauf SIA&#8221; nedelsdama gr\u0105\u017eina klientui visus pagal sutart\u012f i\u0161 pastarojo gautus mok\u0117jimus<\/p>\n<p>5.7. &#8222;Dakauf SIA&#8221; negr\u0105\u017eina papildom\u0173 i\u0161laid\u0173, patirt\u0173 d\u0117l u\u017esakovo pasirinkto pristatymo b\u016bdo.<\/p>\n<p>5.8. &#8222;Dakauf SIA&#8221; \u0161iuos mok\u0117jimus gr\u0105\u017eins naudodama t\u0105 pat\u012f mok\u0117jimo b\u016bd\u0105, kur\u012f naudojo pirk\u0117jas mok\u0117damas.<\/p>\n<p>5.9. Gr\u0105\u017einus tokius mok\u0117jimus, klientui neapmokestinamas aptarnavimo mokestis ar kitos i\u0161laidos, pvz., banko komisiniai.<\/p>\n<p>5.10. Pirk\u0117jas privalo nedelsdamas, bet ne v\u0117liau kaip per 14 (keturiolika) dien\u0173 nuo tos dienos, kai informavo &#8222;Dakauf SIA&#8221; apie gr\u0105\u017einim\u0105, gr\u0105\u017einti \u012fsigyt\u0105 prek\u0119 &#8222;Dakauf SIA&#8221;.<\/p>\n<p>5.11. Prekes galima gr\u0105\u017einti kurjeriui arba \u012f atsi\u0117mimo viet\u0105.<\/p>\n<p>5.12. &#8222;Dakauf SIA&#8221; turi teis\u0119 atsisakyti gr\u0105\u017einti mokes\u010dius, kol sutartyje nurodytos prek\u0117s nebus gautos tinkamos b\u016bkl\u0117s, atitinkan\u010dios gr\u0105\u017einimo taisykles.<\/p>\n<p>5.13. Sutartin\u0117s prek\u0117s &#8222;Dakauf SIA&#8221; gr\u0105\u017einamos originalioje pakuot\u0117je pagal gr\u0105\u017einimo taisykles:<\/p>\n<ul>\n<li>Pakuot\u0117 gali b\u016bti tvarkingai atidaryta, bet nepa\u017eeista.<\/li>\n<li>Prek\u0117s neturi b\u016bti naudotos, t.y. neturi b\u016bti joki\u0173 vaizdini\u0173 ar technini\u0173 naudojimo \u012frodym\u0173 (pvz., suply\u0161usi pakuot\u0117, nuimta apsaugin\u0117 pl\u0117vel\u0117, \u012fbr\u0117\u017eimai, nuotraukos).<\/li>\n<\/ul>\n<p>5.14. Jei prek\u0117s gr\u0105\u017einamos pardav\u0117jui:<\/p>\n<ul>\n<li>su naudojimo po\u017eymiais<\/li>\n<li>su mechaniniais arba vizualiniais pa\u017eeidimais<\/li>\n<li>pa\u017eeistoje pakuot\u0117je (grubiai atidaryta, su nupl\u0117\u0161ta juosta, supl\u0117\u0161yti mai\u0161eliai, nuimtos pl\u0117vel\u0117s)<\/li>\n<li>su tr\u016bkstamais priedais ir komponentais<\/li>\n<\/ul>\n<p>Pardav\u0117jas turi teis\u0119 susigr\u0105\u017einti kompensacij\u0105 u\u017e netinkamos b\u016bkl\u0117s gr\u0105\u017eintas prekes. \u0160i kompensacija gali siekti iki 30% preki\u0173 vert\u0117s.<\/p>\n<p>Kiekvienas preki\u0173 gr\u0105\u017einimo atvejis nagrin\u0117jamas individualiai.<\/p>\n<p>5.15. Jei prek\u0117 gr\u0105\u017einama tinkamai, pirk\u0117jui gr\u0105\u017einama visa pirkinio suma.<\/p>\n<p>5.16. Jei pirk\u0117jas nori i\u0161vengti kompensacijos u\u017e prek\u0117s gr\u0105\u017einim\u0105 dyd\u017eio suma\u017einimo, jis turi prek\u0119 naudoti ir i\u0161bandyti taip pat, kaip tai galima padaryti \u012fprastoje parduotuv\u0117je, o prek\u0117 turi b\u016bti gr\u0105\u017einama originalioje pakuot\u0117je ir originalioje komplektacijoje (t. y. turi b\u016bti visos pakuot\u0117je buvusios sudedamosios dalys, taip pat su pirkimo-pardavimo sutartimi susijusios dovanos).<\/p>\n<p>5.17. Jeigu pirk\u0117jas prekes naudoja ilgiau nei reikia j\u0173 savyb\u0117ms ir funkcionalumui patikrinti arba prek\u0117s negr\u0105\u017eina originalioje pakuot\u0117je ir originalioje komplektacijoje, tai pirk\u0117jas atsako u\u017e kompensacijos u\u017e prek\u0117s gr\u0105\u017einim\u0105 dyd\u017eio suma\u017einim\u0105.<\/p>\n<p>Pablog\u0117jus gr\u0105\u017eintinos prek\u0117s kokybei, pirk\u0117jas atsako u\u017e gr\u0105\u017einimo kompensacij\u0105, atsiradusi\u0105 d\u0117l prek\u0117s naudojimo.<\/p>\n<p>5.18. Pirk\u0117jas, nor\u0117damas patikrinti prek\u0117s charakteristikas, savybes ir funkcionalum\u0105, turi j\u0105 naudoti tik taip, kaip \u012fprasta \u012fprastoje parduotuv\u0117je.<\/p>\n<p>5.19. &#8222;Dakauf SIA&#8221; turi teis\u0119 pareik\u0161ti pirk\u0117jui pretenzijas d\u0117l prek\u0117s vert\u0117s suma\u017einimo ne v\u0117liau kaip per vien\u0105 m\u0117nes\u012f nuo preki\u0173 gr\u0105\u017einimo dienos.<\/p>\n<p>5.20. Tiesiogines preki\u0173 gr\u0105\u017einimo i\u0161laidas apmoka pirk\u0117jas.<\/p>\n<p>5.21. Jeigu Pirk\u0117jas nesutinka su pardav\u0117jo si\u016blomu vert\u0117s suma\u017einimu, jis turi teis\u0119 kreiptis \u012f nepriklausom\u0105 ekspert\u0105, kad nustatyt\u0173 tiksli\u0105 suma\u017einimo sum\u0105. Nepriklausomo eksperto i\u0161laidas padengia ta \u0161alis, kurios pozicija buvo nepagr\u012fsta.<\/p>\n<p>5.22. Priva\u010di\u0173 asmen\u0173 \u012fsigytoms prek\u0117ms suteikiama 2 met\u0173 garantija.<\/p>\n<p>5.23. Juridini\u0173 asmen\u0173 (\u012fmoni\u0173) nuo 01.06.2024 \u012fsigytoms prek\u0117ms garantija prek\u0117ms galioja 1 metus.<\/p>\n<h2 style=\"margin-bottom: .75em; font-size: 1.25em; line-height: 1.6;\">6. U\u017esakymo at\u0161aukimas<\/h2>\n<p>6.1. Pirk\u0117jas gali at\u0161aukti u\u017esakym\u0105 sumok\u0117j\u0119s u\u017e j\u012f, bet dar negav\u0119s nepatirdamas joki\u0173 papildom\u0173 i\u0161laid\u0173.<\/p>\n<p>6.2. Pirk\u0117jas, nor\u0117damas at\u0161aukti u\u017esakym\u0105, atsiun\u010dia pra\u0161ym\u0105 kartu su u\u017esakymo numeriu adresu <a href=\"mailto:s&#117;&#112;&#112;&#111;&#114;&#116;&#64;&#100;&#97;&#107;&#x61;&#x75;&#x66;&#x2e;&#x65;&#x75;\">&#x73;&#117;p&#x70;&#111;r&#x74;&#64;d&#x61;&#107;a&#x75;&#102;&#46;&#x65;&#117;<\/a>. Pardav\u0117jas turi atsakyti pateikdamas u\u017esakymo at\u0161aukimo patvirtinim\u0105.<\/p>\n<h2 style=\"margin-bottom: .75em; font-size: 1.25em; line-height: 1.6;\">7. Atsakomyb\u0117 ir gin\u010d\u0173 sprendimas<\/h2>\n<p>7.1. Pirk\u0117jas per 1 (vienerius) metus nuo prek\u0117s gavimo turi teis\u0119 pareik\u0161ti pretenzij\u0105 pardav\u0117jui d\u0117l sutarties s\u0105lyg\u0173 neatitinkan\u010di\u0173 (pa\u017eeist\u0173) preki\u0173.<\/p>\n<p>7.2. Pirk\u0117jas, nustat\u0119s preki\u0173 neatitikim\u0105 sutarties s\u0105lygoms ir s\u0105lygoms, turi teis\u0119 reikalauti, kad prek\u0117 b\u016bt\u0173 pataisyta ar pakeista, arba atsisakyti pirkimo-pardavimo sutarties ir gr\u0105\u017einti preki\u0173 neatitikim\u0105.<\/p>\n<p>7.3. &#8222;Dakauf SIA&#8221; neatsako u\u017e:<\/p>\n<ul>\n<li>prek\u0117s pablog\u0117jimas\/sugadinimas d\u0117l pirk\u0117jo kalt\u0117s;<\/li>\n<li>defektai, atsirad\u0119 d\u0117l netinkamo prek\u0117s naudojimo;<\/li>\n<li>normalus fizinis preki\u0173 nusid\u0117v\u0117jimas d\u0117l j\u0173 naudojimo pagal paskirt\u012f;<\/li>\n<\/ul>\n<p>7.4. Visoms &#8222;Dakauf&#8221; el. parduotuv\u0117s prek\u0117ms suteikiama ES teis\u0117s akt\u0173 garantija.<\/p>\n<p>7.5. Pirk\u0117jas, siekdamas i\u0161spr\u0119sti i\u0161kilusias problemas, turi saugoti pirkimo dokumentus, \u012frodan\u010dius prek\u0117s \u012fsigijim\u0105 &#8222;Dakauf&#8221; el. parduotuv\u0117je.<\/p>\n<p>7.6. Jei n\u0117ra pirkimo \u012frodymo, pardav\u0117jas ar kitas paslaug\u0173 teik\u0117jas gali atsisakyti i\u0161spr\u0119sti problem\u0105.<\/p>\n<p>7.7. Jei kyla problem\u0173 d\u0117l el. parduotuv\u0117je \u012fsigyt\u0173 preki\u0173, susisiekite su mumis adresu <a href=\"&#109;&#x61;&#x69;&#108;&#x74;&#x6f;:&#x73;&#x75;p&#112;&#x6f;r&#116;&#x40;d&#97;&#x6b;a&#117;&#x66;&#46;&#101;&#x75;\">&#115;&#x75;&#112;&#x70;&#111;&#x72;t&#x40;d&#97;&#x6b;&#97;&#x75;&#102;&#x2e;e&#x75;<\/a>.<\/p>\n<p>7.8. Kartu su pretenzijos parei\u0161kimu turi b\u016bti \u012frodytas prek\u0117s nekokybi\u0161kumas, pvz. turi b\u016bti atsi\u0173stas vaizdo \u012fra\u0161as ar nuotrauka.<\/p>\n<p>7.9. Jei prek\u0119 reikia si\u0173sti diagnozei \/ ap\u017ei\u016brai, siekiant nustatyti defekto pob\u016bd\u012f ir prie\u017east\u012f, pardav\u0117jas ir pirk\u0117jas sudarys sutart\u012f d\u0117l prek\u0117s prie\u017ei\u016bros ir remonto.<\/p>\n<p>7.10. Pardav\u0117jas garantuoja, kad el. parduotuv\u0117je si\u016blomos prek\u0117s atitiks galiojan\u010dius Europos S\u0105jungos standartus. Atitinkamuose standartuose nurodytos aplinkyb\u0117s nelaikomos prek\u0117s tr\u016bkumais.<\/p>\n<p>7.11. D\u0117l gin\u010do sprendimo pirk\u0117jas gali kreiptis \u012f nepriklausomus vartotoj\u0173 teisi\u0173 apsaugos tarybos arba vartotoj\u0173 gin\u010d\u0173 komisijos ekspertus. Vartotoj\u0173 gin\u010d\u0173 komisijos kompetencijai priklauso gin\u010d\u0173, kylan\u010di\u0173 i\u0161 pirk\u0117jo ir pardav\u0117jo sutar\u010di\u0173, kuri\u0173 \u0161alys negal\u0117jo i\u0161spr\u0119sti susitarimu, sprendimas.<\/p>\n<h2 style=\"margin-bottom: .75em; font-size: 1.25em; line-height: 1.6;\">8. Kitos s\u0105lygos<\/h2>\n<p>8.1. Produkto nuotraukos yra tik iliustracin\u0117s paskirties.<\/p>\n<p>8.2. Produkt\u0173 kainos ir prieinamumas gali keistis be i\u0161ankstinio \u012fsp\u0117jimo. Tokiu atveju &#8222;Dakauf SIA&#8221; pasilieka teis\u0119 atsisakyti pardavimo ir gr\u0105\u017einti pirk\u0117jui pinigus \u012f jo atsiskaitom\u0105j\u0105 s\u0105skait\u0105 per proting\u0105 termin\u0105.<\/p>\n<p class=\"mb-0\">8.3. Informacija apie prekes yra reguliariai tikrinama ir atnaujinama. Duomenys gali b\u016bti atnaujinti nuo paskutinio j\u016bs\u0173 apsilankymo. &#8222;Dakauf&#8221; el. parduotuv\u0117je gali b\u016bti netiksli informacija apie prek\u0119, paimta i\u0161 gamintojo pateikt\u0173 technini\u0173 duomen\u0173 lap\u0173. Tokiais atvejais &#8222;Dakauf&#8221; el. parduotuv\u0117 neprisiima atsakomyb\u0117s u\u017e prek\u0117s informacijos teisingum\u0105. Esant esmin\u0117ms technini\u0173 duomen\u0173 problemoms, rekomenduojame prie\u0161 perkant gamin\u012f kiek \u012fmanoma patikslinti gaminio technines specifikacijas i\u0161 gamintojo.<\/p>\n\t\t<\/div>\n\t\t\t\t\n<style>\n#col-648947168 > .col-inner {\n  padding: 15px 0px 15px 0px;\n}\n<\/style>\n\t<\/div>\n\n\t\n<\/div>\n","protected":false},"excerpt":{"rendered":"","protected":false},"author":1,"featured_media":0,"parent":0,"menu_order":0,"comment_status":"closed","ping_status":"closed","template":"","meta":{"footnotes":""},"class_list":["post-727","page","type-page","status-publish","hentry"],"_links":{"self":[{"href":"https:\/\/dakauf.eu\/lt\/wp-json\/wp\/v2\/pages\/727"}],"collection":[{"href":"https:\/\/dakauf.eu\/lt\/wp-json\/wp\/v2\/pages"}],"about":[{"href":"https:\/\/dakauf.eu\/lt\/wp-json\/wp\/v2\/types\/page"}],"author":[{"embeddable":true,"href":"https:\/\/dakauf.eu\/lt\/wp-json\/wp\/v2\/users\/1"}],"replies":[{"embeddable":true,"href":"https:\/\/dakauf.eu\/lt\/wp-json\/wp\/v2\/comments?post=727"}],"version-history":[{"count":5,"href":"https:\/\/dakauf.eu\/lt\/wp-json\/wp\/v2\/pages\/727\/revisions"}],"predecessor-version":[{"id":24734,"href":"https:\/\/dakauf.eu\/lt\/wp-json\/wp\/v2\/pages\/727\/revisions\/24734"}],"wp:attachment":[{"href":"https:\/\/dakauf.eu\/lt\/wp-json\/wp\/v2\/media?parent=727"}],"curies":[{"name":"wp","href":"https:\/\/api.w.org\/{rel}","templated":true}]}}