{"id":731,"date":"2021-03-28T01:23:34","date_gmt":"2021-03-27T23:23:34","guid":{"rendered":"https:\/\/dakauf.eu\/?page_id=731"},"modified":"2024-11-25T18:45:07","modified_gmt":"2024-11-25T16:45:07","slug":"delivery","status":"publish","type":"page","link":"https:\/\/dakauf.eu\/lt\/delivery\/","title":{"rendered":"Pristatymas"},"content":{"rendered":"<div class=\"row row-collapse align-center\"  id=\"row-1602490725\">\n\n\t<div id=\"col-1236134287\" class=\"col medium-10 small-12 large-8\"  >\n\t\t\t\t<div class=\"col-inner text-left\"  >\n\t\t\t\n\t\t\t\n<h1 style=\"margin-bottom: 1em; font-size: 1.6em;\">Pristatymas<\/h1>\n<p>S\u0105ra\u0161as \u0161ali\u0173, \u012f kurias siun\u010diame: <strong>Latvija<\/strong>, <strong>Estija<\/strong>, <strong>Lietuva<\/strong>, <strong>Suomija<\/strong>, <strong>Austrija<\/strong>, <strong>Belgija<\/strong>, <strong>Bulgarija<\/strong>, <strong>Kroatija<\/strong>, <strong>Kipras<\/strong>, <strong>\u010cekija<\/strong>, <strong>Danija<\/strong>, <strong>Pranc\u016bzija<\/strong>, <strong>Vokietija<\/strong>, <strong>Graikija<\/strong>, <strong>Vengrija<\/strong>, <strong>Airija<\/strong>, <strong>Italija<\/strong>, <strong>Liuksemburgas<\/strong>, <strong>Malta<\/strong>, <strong>Nyderlandai<\/strong>, <strong>Lenkija<\/strong>, <strong>Portugalija<\/strong>, <strong>Rumunija<\/strong>, <strong>Slovakija<\/strong>, <strong>Slov\u0117nija<\/strong>, <strong>Ispanija<\/strong>, <strong>\u0160vedija<\/strong>.<\/p>\n<h2 style=\"margin-bottom: .75em; font-size: 1.25em; line-height: 1.6;\">Pa\u0161tomatai<\/h2>\n<p>Pristatymus Europoje vykdo DPD. Savo siunt\u0105 galite atsiimti DPD pa\u0161tomate arba per DPD kurjer\u012f. Pristatymas \u012f pa\u0161tomat\u0105 paprastai trunka 3-5 darbo dienas.<\/p>\n<p>Pirkdami prekes ir pasirinkdami pristatym\u0105 \u012f pa\u0161tomat\u0105, \u012fsitikinkite, kad siuntos matmenys atitinka spintel\u0117s dyd\u012f.<\/p>\n<p>Kiekvienos zonos pristatymo laikas yra skirtingas. Pateikdami u\u017esakym\u0105 \u012fsitikinkite, kad pristatymo laikas \u012f j\u016bs\u0173 \u0161al\u012f yra tinkamas. U\u017esakymai, pateikti savaitgaliais ir \u0161ven\u010di\u0173 dienomis, pristatomi DPD nurodytais pristatymo terminais. Elektronin\u0117 parduotuv\u0117 neturi \u012ftakos tre\u010diosios \u0161alies nurodytam pristatymo terminui.<\/p>\n<h2 style=\"margin-bottom: .75em; font-size: 1.25em; line-height: 1.6;\">Pristatymas per kurjer\u012f<\/h2>\n<p>Jei norite, kad siunt\u0105 kurjeris pristatyt\u0173 Jums patogiu adresu, naudokit\u0117s DPD kurjeri\u0173 tarnyba. Mok\u0117jimas atliekamas pagal s\u0105skait\u0105 fakt\u016br\u0105 prie\u0161 gaunant siunt\u0105. Pristatymas per DPD kurjeri\u0173 tarnyb\u0105 paprastai trunka 1-7 darbo dienas.<\/p>\n<p>Kurjeris su Jumis susisieks i\u0161 anksto ir patikslins Jums patog\u0173 pristatymo laik\u0105.<\/p>\n<p>Gav\u0119 siuntin\u012f, turite pasira\u0161yti va\u017etara\u0161tyje. Prie\u0161 pasira\u0161ydami va\u017etara\u0161tyje, \u012fsitikinkite, kad pakuot\u0117 nepa\u017eeista. Pasteb\u0117j\u0119 pa\u017eeidim\u0105, pakuot\u0119 galite gr\u0105\u017einti kurjeriui, nurod\u0119, kad pakuot\u0117 pa\u017eeista. Jei abejojate, ar prek\u0117 atkeliavo nepa\u017eeistos b\u016bkl\u0117s, galite i\u0161pakuoti pakuot\u0119 kurjeriui dalyvaujant ir \u012fsitikinti, kad turinys nepa\u017eeistas. Rad\u0119 pa\u017eeidim\u0105, papra\u0161ykite kurjerio u\u017efiksuoti pa\u017eeidim\u0105 ir j\u012f nufotografuoti. Po to pra\u0161ome kuo grei\u010diau susisiekti su mumis.<\/p>\n\t\t<\/div>\n\t\t\t\t\n<style>\n#col-1236134287 > .col-inner {\n  padding: 15px 0px 15px 0px;\n}\n<\/style>\n\t<\/div>\n\n\t\n<\/div>\n","protected":false},"excerpt":{"rendered":"","protected":false},"author":1,"featured_media":0,"parent":0,"menu_order":0,"comment_status":"closed","ping_status":"closed","template":"","meta":{"footnotes":""},"class_list":["post-731","page","type-page","status-publish","hentry"],"_links":{"self":[{"href":"https:\/\/dakauf.eu\/lt\/wp-json\/wp\/v2\/pages\/731"}],"collection":[{"href":"https:\/\/dakauf.eu\/lt\/wp-json\/wp\/v2\/pages"}],"about":[{"href":"https:\/\/dakauf.eu\/lt\/wp-json\/wp\/v2\/types\/page"}],"author":[{"embeddable":true,"href":"https:\/\/dakauf.eu\/lt\/wp-json\/wp\/v2\/users\/1"}],"replies":[{"embeddable":true,"href":"https:\/\/dakauf.eu\/lt\/wp-json\/wp\/v2\/comments?post=731"}],"version-history":[{"count":5,"href":"https:\/\/dakauf.eu\/lt\/wp-json\/wp\/v2\/pages\/731\/revisions"}],"predecessor-version":[{"id":26245,"href":"https:\/\/dakauf.eu\/lt\/wp-json\/wp\/v2\/pages\/731\/revisions\/26245"}],"wp:attachment":[{"href":"https:\/\/dakauf.eu\/lt\/wp-json\/wp\/v2\/media?parent=731"}],"curies":[{"name":"wp","href":"https:\/\/api.w.org\/{rel}","templated":true}]}}