{"id":3431,"date":"2021-11-22T15:28:11","date_gmt":"2021-11-22T13:28:11","guid":{"rendered":"https:\/\/dakauf.eu\/?post_type=product&#038;p=3431"},"modified":"2024-08-05T19:20:31","modified_gmt":"2024-08-05T16:20:31","slug":"sony-wh-1000xm4-wireless-noise-canceling-headphones-blue","status":"publish","type":"product","link":"https:\/\/dakauf.eu\/lt\/product\/sony-wh-1000xm4-wireless-noise-canceling-headphones-blue\/","title":{"rendered":"Sony WH-1000XM4 Wireless Noise-Canceling Headphones Blue"},"content":{"rendered":"<div class=\"row\">\n<div class=\"col large-7\">\n<div class=\"product-description__label mb-0.25\">&#8211; M\u0117gaukit\u0117s savo muzika be jokio bla\u0161kymo<\/div>\n<p>Sony WH-1000XM4 ausin\u0117se naudojama daugyb\u0117 i\u0161mani\u0173j\u0173 klausymosi technologij\u0173, kurios sumaniai prisitaiko prie j\u016bs\u0173 aplinkos ir asmenini\u0173 pageidavim\u0173, kad sukurt\u0173 skland\u0173, laisv\u0173 rank\u0173 \u012frangos klausymosi patirt\u012f.<\/p>\n<div class=\"product-description__label mb-0.25\">&#8211; Pa\u017eangus triuk\u0161mo slopinimas<\/div>\n<p class=\"mb-0.5\">Su dviem triuk\u0161mo jutikliais kiekvienoje ausin\u0117je, aplinkos triuk\u0161mas fiksuojamas, o duomenys perduodami HD triuk\u0161mo slopinimo procesoriui QN1. HD triuk\u0161mo slopinimo procesorius QN1 naudoja nauj\u0105 algoritm\u0105, kad realiuoju laiku pritaikyt\u0173 triuk\u0161mo slopinimo apdorojim\u0105 \u012fvairiose akustin\u0117se aplinkose. Veikdamas kartu su Bluetooth\u00ae Audio SoC (sistema ant lusto), jis prisitaiko prie muzikos ir triuk\u0161mo signal\u0173 daugiau nei 700 kart\u0173 per sekund\u0119.<\/p>\n<p>Nesvarbu, ar ilgas skrydis l\u0117ktuvu, ar ilsit\u0117s kavin\u0117je, Sony WH-1000XM4 ausin\u0117s u\u017etikrina pa\u017eang\u0173 triuk\u0161mo slopinimo na\u0161um\u0105 ir izoliuoja dar daugiau auk\u0161to ir vidutinio da\u017enio gars\u0173.<\/p>\n<div class=\"product-description__label mb-0.25\">&#8211; Auk\u0161\u010diausia garso kokyb\u0117 ir laisv\u0117 belaid\u017eiu ry\u0161iu<\/div>\n<p>D\u0117l maksimalios 990 kbps perdavimo spartos, LDAC perduoda ma\u017edaug tris kartus daugiau duomen\u0173 nei \u012fprastas Bluetooth\u00ae garsas, tod\u0117l galite klausytis didel\u0117s rai\u0161kos garso turinio itin pana\u0161iu \u012f laidinio ry\u0161io kokyb\u0119.<\/p>\n<div class=\"product-description__label mb-0.25\">&#8211; Sukurtos ne\u0161ioti vis\u0105 dien\u0105<\/div>\n<p>Sony WH-1000XM4 ausini\u0173 stilingas dizainas derinamas su i\u0161skirtiniu komfortu. Labai mink\u0161tos, patogios ir sl\u0117g\u012f ma\u017einan\u010dios ausin\u0117s tolygiai paskirsto spaudim\u0105 ir padidina aus\u0173 ir pagalv\u0117li\u0173 kontakt\u0105, kad b\u016bt\u0173 u\u017etikrintas stabilus prigludimas. Be to, d\u0117l lengvo dizaino jos vos pastebimos ne\u0161iojimo metu.<\/p>\n<div class=\"product-description__label mb-0.25\">&#8211; Vis\u0105 dien\u0105 veikianti ir greitai \u012fkraunama baterija<\/div>\n<p class=\"mb-0\">Ilgo, net 30 valand\u0173 baterijos veikimo laiko d\u0117ka Sony WH-1000XM4 ausin\u0117s veiks net ilg\u0173 kelioni\u0173 metu.<\/p>\n<\/div>\n<div class=\"col large-5\">\n<iframe loading=\"lazy\" class=\"mb-1.5\" src=\"https:\/\/www.youtube-nocookie.com\/embed\/vuoxprrEwbg\" width=\"500\" height=\"280\" frameborder=\"0\" allowfullscreen=\"allowfullscreen\"><\/iframe><img loading=\"lazy\" decoding=\"async\" src=\"https:\/\/dakauf.eu\/wp-content\/uploads\/2022\/05\/sony-wh-1000xm4-whathifi.png\" alt=\"\" width=\"289\" height=\"91\" \/>\n<\/div>\n<\/div>\n","protected":false},"excerpt":{"rendered":"<p><span class=\"success-color\">\u2714<\/span> Custom Sound for Activities &amp; Locations<br \/>\n<span class=\"success-color\">\u2714<\/span> Automatically Adjusts Ambient Sound<br \/>\n<span class=\"success-color\">\u2714<\/span> Wearing Detection &amp; Speak-to-Chat<br \/>\n<span class=\"success-color\">\u2714<\/span> DSEE Extreme Audio Upscaling<\/p>\n","protected":false},"featured_media":3432,"template":"","meta":[],"product_cat":[69,70,71],"product_tag":[],"class_list":{"0":"post-3431","1":"product","2":"type-product","3":"status-publish","4":"has-post-thumbnail","6":"product_cat-audio","7":"product_cat-headphones","8":"product_cat-bluetooth-headphones","10":"first","11":"outofstock","12":"sale","13":"taxable","14":"shipping-taxable","15":"purchasable","16":"product-type-simple"},"_links":{"self":[{"href":"https:\/\/dakauf.eu\/lt\/wp-json\/wp\/v2\/product\/3431"}],"collection":[{"href":"https:\/\/dakauf.eu\/lt\/wp-json\/wp\/v2\/product"}],"about":[{"href":"https:\/\/dakauf.eu\/lt\/wp-json\/wp\/v2\/types\/product"}],"wp:featuredmedia":[{"embeddable":true,"href":"https:\/\/dakauf.eu\/lt\/wp-json\/wp\/v2\/media\/3432"}],"wp:attachment":[{"href":"https:\/\/dakauf.eu\/lt\/wp-json\/wp\/v2\/media?parent=3431"}],"wp:term":[{"taxonomy":"product_cat","embeddable":true,"href":"https:\/\/dakauf.eu\/lt\/wp-json\/wp\/v2\/product_cat?post=3431"},{"taxonomy":"product_tag","embeddable":true,"href":"https:\/\/dakauf.eu\/lt\/wp-json\/wp\/v2\/product_tag?post=3431"}],"curies":[{"name":"wp","href":"https:\/\/api.w.org\/{rel}","templated":true}]}}