{"id":3,"date":"2020-11-08T15:24:54","date_gmt":"2020-11-08T13:24:54","guid":{"rendered":"http:\/\/localhost\/dakauf-web\/?page_id=3"},"modified":"2026-03-18T15:48:07","modified_gmt":"2026-03-18T13:48:07","slug":"privacy-policy","status":"publish","type":"page","link":"https:\/\/dakauf.eu\/lv\/privacy-policy\/","title":{"rendered":"Priv\u0101tuma politika"},"content":{"rendered":"<div class=\"row row-collapse align-center\"  id=\"row-1245206965\">\n\n\t<div id=\"col-6857474\" class=\"col medium-10 small-12 large-8\"  >\n\t\t\t\t<div class=\"col-inner\"  >\n\t\t\t\n\t\t\t\n<h1 style=\"margin-bottom:1em;font-size:1.6em;\">Priv\u0101tuma politika<\/h1>\n<p>Dakauf SIA ap\u0146emas aizsarg\u0101t savu klientu un t\u012bmek\u013ca vietnes https:\/\/dakauf.eu apmekl\u0113t\u0101ju datu priv\u0101tumu un dro\u0161\u012bbu.\n<\/p>\n<p>\u0160aj\u0101 priv\u0101tuma politik\u0101 ir aprakst\u012bts, k\u0101da personisk\u0101 inform\u0101cija tiek apkopota un k\u0101 t\u0101 tiek izmantota https:\/\/dakauf.eu. Dakauf SIA ir ties\u012bbas atjaunin\u0101t \u0161o priv\u0101tuma politiku, public\u0113jot jaunu versiju t\u012bmek\u013ca vietn\u0113. L\u016bdzam, laiku pa laikam p\u0101rbaudiet \u0161o lapu, lai b\u016btu inform\u0113ti par jebk\u0101d\u0101m izmai\u0146\u0101m.\n<\/p>\n<p>T\u012bmek\u013ca vietne https:\/\/dakauf.eu apstr\u0101d\u0101, public\u0113, glab\u0101 un izmanto j\u016bsu personas inform\u0101ciju dro\u0161i, godpr\u0101t\u012bgi un likum\u012bgi saska\u0146\u0101 ar ES un starptautiskajiem ties\u012bbu aktiem.\n<\/p>\n<h2 style=\"margin-bottom:.75em;font-size:1.25em;line-height:1.6;\">Personas datu v\u0101k\u0161ana<\/h2>\n<p>Dakauf SIA var v\u0101kt un izmantot \u0161\u0101da veida personas inform\u0101ciju:\n<\/p>\n<ul>\n<li>inform\u0101ciju par \u0161\u012bs t\u012bmek\u013ca vietnes izmanto\u0161anu (tostarp IP adresi, \u0123eogr\u0101fisko atra\u0161an\u0101s vietu, p\u0101rl\u016bkprogrammas veidu un versiju, oper\u0113t\u0101jsist\u0113mu, atsauces avotu, apmekl\u0113juma ilgumu, lapu skat\u012bjumu skaitu, t\u012bmek\u013ca vietnes navig\u0101cijas ce\u013cus, apmekl\u0113juma laiku un datumu, citu statistiku). M\u0113s varam izmantot ar\u012b tre\u0161o pu\u0161u pakalpojumus, piem\u0113ram, e-bankas un pieg\u0101des pakalpojumus, Google Analytics, Yandex.Metrica, Facebook un Kelkoo Sales Tracking datu v\u0101k\u0161anai, izseko\u0161anai un anal\u012bzei, k\u0101 ar\u012b pieg\u0101des un maks\u0101jumu sa\u0146em\u0161anai;<\/li>\n<li>inform\u0101cija par dar\u012bjumiem, kas veikti starp jums un mums vai saist\u012bb\u0101 ar \u0161o vietni, tostarp inform\u0101cija par j\u016bsu ieg\u0101d\u0101taj\u0101m prec\u0113m un pakalpojumiem;<\/li>\n<li>inform\u0101cija, ko sniedzat, lai re\u0123istr\u0113tos vietn\u0113 (tostarp e-pasta adrese, v\u0101rds un uzv\u0101rds, nor\u0113\u0137inu un pieg\u0101des adrese);<\/li>\n<li>inform\u0101ciju, ko sniedzat, lai abon\u0113tu pakalpojumus, e-pasta br\u012bdin\u0101jumus;<\/li>\n<li>jebk\u0101du citu inform\u0101ciju, ko sniedzat https:\/\/dakauf.eu.<\/li>\n<\/ul>\n<h2 style=\"margin-bottom:.75em;font-size:1.25em;line-height:1.6;\">Citu datu v\u0101k\u0161ana<\/h2>\n<p>M\u0113s v\u0101cam ar\u012b anonimiz\u0113tus datus, t. i., datus, kurus nevar attiecin\u0101t uz konkr\u0113tu personu (dzimums, vecums, valodas izv\u0113le, atra\u0161an\u0101s vieta). Turkl\u0101t m\u0113s varam v\u0101kt apkopotus datus par klientu darb\u012bb\u0101m m\u016bsu tie\u0161saistes veikal\u0101. \u0160ie dati tiek v\u0101kti un izmantoti, lai sniegtu klientiem piem\u0113rot\u0101ku inform\u0101ciju, k\u0101 ar\u012b lai ieg\u016btu inform\u0101ciju par produktiem, pakalpojumiem un sada\u013c\u0101m, kas ir prim\u0101ri interesanti. \u0160aj\u0101 konfidencialit\u0101tes politik\u0101 apkopotie dati tiek uzskat\u012bti par anonimiz\u0113tiem.\n<\/p>\n<h2 style=\"margin-bottom:.75em;font-size:1.25em;line-height:1.6;\">Personas inform\u0101cijas izmanto\u0161ana<\/h2>\n<p>Dakauf SIA var izmantot j\u016bsu personisko inform\u0101ciju, lai:\n<\/p>\n<ul>\n<li>p\u0101rvald\u012bt \u0161o t\u012bmek\u013ca vietni;<\/li>\n<li>personaliz\u0113t t\u012bmek\u013ca vietni jums;<\/li>\n<li>nodro\u0161in\u0101t piek\u013cuvi un iesp\u0113ju izmantot t\u012bmek\u013ca vietnes pakalpojumus;<\/li>\n<li>nos\u016bt\u012btu jums ieg\u0101d\u0101t\u0101s preces (sniedzot pieg\u0101des inform\u0101ciju lo\u0123istikas partneriem);<\/li>\n<li>sniegtu j\u016bms ieg\u0101d\u0101tos pakalpojumus;<\/li>\n<li>nos\u016bt\u012bt j\u016bms pazi\u0146ojumus un r\u0113\u0137inus, iekas\u0113t no jums maks\u0101jumus;<\/li>\n<li>s\u016bt\u012bt j\u016bms pazi\u0146ojumus pa e-pastu, ko esat piepras\u012bjis;<\/li>\n<li>str\u0101d\u0101t ar j\u016bsu iesniegtajiem piepras\u012bjumiem, atsauksm\u0113m un s\u016bdz\u012bb\u0101m par jums vai saist\u012bb\u0101 ar pakalpojumu;<\/li>\n<\/ul>\n<p>Izmantojot j\u016bsu nor\u0101d\u012bto e-pasta adresi, m\u0113s varam periodiski s\u016bt\u012bt rekl\u0101mas e-pasta v\u0113stules par jauniem produktiem, \u012bpa\u0161iem pied\u0101v\u0101jumiem vai citu inform\u0101ciju, kas mums \u0161\u0137iet J\u016bms interesanta;<br \/>T\u0101pat m\u0113s varam izmantot j\u016bsu personisko inform\u0101ciju, lai sazin\u0101tos ar jums un l\u016bgtu j\u016bsu at\u013cauju izmantot\/atkl\u0101t j\u016bsu pirkumu v\u0113sturi m\u016bsu m\u0101rketinga vai rekl\u0101mas materi\u0101los.\n<\/p>\n<h2 style=\"margin-bottom:.75em;font-size:1.25em;line-height:1.6;\">Kas ir s\u012bkfaili?<\/h2>\n<p>S\u012bkfaili ir nelieli teksta faili, kurus j\u016bsu dator\u0101 vai mobilaj\u0101 ier\u012bc\u0113 iel\u0101d\u0113 j\u016bsu apmekl\u0113t\u0101s vietnes. Katra n\u0101kam\u0101 apmekl\u0113juma laik\u0101 \u0161ie faili tiek nos\u016bt\u012bti atpaka\u013c uz t\u012bmek\u013ca vietni, kas tos atpaz\u012bst. S\u012bkfaili darbojas k\u0101 konkr\u0113t\u0101s s\u0101kumlapas atmi\u0146a, \u013caujot identific\u0113t j\u016bs turpm\u0101ko apmekl\u0113jumu laik\u0101 un atjaunot j\u016bsu iestat\u012bjumus, padarot t\u012bmek\u013ca vietni lietot\u0101jam draudz\u012bg\u0101ku. Pla\u0161\u0101ku inform\u0101ciju par s\u012bkfailiem un to, k\u0101 tos p\u0101rvald\u012bt vai dz\u0113st, skatiet http:\/\/www.aboutcookies.org.uk\/managing-cookies.\n<\/p>\n<h2 style=\"margin-bottom:.75em;font-size:1.25em;line-height:1.6;\">K\u0101 m\u0113s izmantojam s\u012bkfailus?<\/h2>\n<p>Vietn\u0113 tiek izmantotas s\u012bkdatnes, lai atcer\u0113tos:\n<\/p>\n<ul>\n<li>vai lietot\u0101js jau ir inform\u0113ts par s\u012bkdat\u0146u izmanto\u0161anu;<\/li>\n<li>kad vietn\u0113 veikta p\u0113d\u0113j\u0101 darb\u012bba;<\/li>\n<li>autentific\u0113tus lietot\u0101ja datus;<\/li>\n<li>lietot\u0101ja groz\u0101 pievienotos produktus;<\/li>\n<\/ul>\n<h2 style=\"margin-bottom:.75em;font-size:1.25em;line-height:1.6;\">Google Analytics<\/h2>\n<p>\u012bmek\u013ca vietn\u0113 tiek izmantoti Google Analytics s\u012bkfaili, ko izstr\u0101d\u0101jusi Google Inc. T\u0101s kalpo t\u012bmek\u013ca vietnes satura uzlabo\u0161anai un piel\u0101go\u0161anai. S\u012bk\u0101ku inform\u0101ciju par Google Analytics pakalpojumu snieg\u0161anas noteikumiem skat\u012bt http:\/\/www.google.com\/analytics\/terms\/us.html. Ja nev\u0113laties, lai Google Analytics izsekotu j\u016bsu p\u0101rl\u016bko\u0161anas darb\u012bbu, iesp\u0113jojiet Google Analytics atteik\u0161an\u0101s p\u0101rl\u016bkprogrammas papildin\u0101jumu https:\/\/support.google.com\/analytics\/answer\/181881). \u0160is blo\u0137\u0113t\u0101js inform\u0113 Google Analytics JavaScript (ga.js), ka dati par konkr\u0113tu apmekl\u0113jumu nav j\u0101nos\u016bta Google Analytics.\n<\/p>\n<h2 style=\"margin-bottom:.75em;font-size:1.25em;line-height:1.6;\">Yandex.Metrica<\/h2>\n<p>T\u012bmek\u013ca vietn\u0113 tiek izmantotas Yandex.Metrica s\u012bkdatnes, kas sniedz depersonaliz\u0113tu inform\u0101ciju par apmekl\u0113t\u012bbu. Pieejam\u0101 statistika ietver lietot\u0101ju skaitu, datpl\u016bsmas avotus un lietot\u0101ju uzved\u012bbu vietnes lap\u0101s. Lai saskait\u012btu vietnes lietot\u0101jus, Yandex.Metrica izmanto anon\u012bmus p\u0101rl\u016bkprogrammas identifikatorus, kas tiek saglab\u0101ti s\u012bkfailos vai LocalStorage \u012bpa\u0161\u012bb\u0101s.<\/p>\n<h2 style=\"margin-bottom:.75em;font-size:1.25em;line-height:1.6;\">Facebook Pixel<\/h2>\n<p>M\u0113s izmantojam Facebook Pixel, lai izsekotu lietot\u0101ja uzved\u012bbu, kas \u013cauj mums s\u016bt\u012bt jums atbilsto\u0161as, m\u0113r\u0137tiec\u012bgas rekl\u0101mas Facebook. Tas ir izseko\u0161anas pikselis, kas apkopo inform\u0101ciju par jums un tiek izmantots, lai veidotu un optimiz\u0113tu m\u0113r\u0137auditorijas Facebook rekl\u0101m\u0101m. Piem\u0113ram, tas v\u0101c un nos\u016bta datus, kas ir saist\u012bti ar identifikatoru, piem\u0113ram, j\u016bsu v\u0101rdu vai IP adresi, uz Facebook par to, ka esat apmekl\u0113jis m\u016bsu vietni un uz ko esat noklik\u0161\u0137in\u0101jis.<\/p>\n<h2 style=\"margin-bottom:.75em;font-size:1.25em;line-height:1.6;\">Kelkoo Sales Tracking<\/h2>\n<p>M\u0113s izmantojam Kelkoo Sales Tracking &#8211; izseko\u0161anas mar\u0137ieri, ko nodro\u0161ina Kelkoo Group, lai m\u0113r\u012btu un optimiz\u0113tu rekl\u0101mas veiktsp\u0113ju. \u0160is mar\u0137ieris var apkopot datus par lietot\u0101ju darb\u012bb\u0101m m\u016bsu t\u012bmek\u013ca vietn\u0113 p\u0113c novirz\u012b\u0161anas no Kelkoo, tostarp inform\u0101ciju par pirkumu konversij\u0101m, pas\u016bt\u012bjuma deta\u013cu parametriem un p\u0101rl\u016bkprogrammas tehnisko inform\u0101ciju.<\/p>\n<h2 style=\"margin-bottom:.75em;font-size:1.25em;line-height:1.6;\">Cloudflare<\/h2>\n<p>\u0160\u012b t\u012bmek\u013ca vietne izmanto Cloudflare, Inc. pakalpojumus, lai uzlabotu vietnes veiktsp\u0113ju, uzticam\u012bbu un dro\u0161\u012bbu. Cloudflare var izmantot s\u012bkfailus vai l\u012bdz\u012bgas tehnolo\u0123ijas, lai efekt\u012bvi pieg\u0101d\u0101tu saturu, aizsarg\u0101tu vietni no \u013caunpr\u0101t\u012bgas darb\u012bbas un nodro\u0161in\u0101tu t\u012bkla dro\u0161\u012bbu.<\/p>\n<h2 style=\"margin-bottom:.75em;font-size:1.25em;line-height:1.6;\">Cloudflare Turnstile<\/h2>\n<p>M\u0113s izmantojam Cloudflare Turnstile, lai aizsarg\u0101tu veidlapas un interakt\u012bvos elementus no automatiz\u0113tas \u013caunpr\u0101t\u012bgas izmanto\u0161anas. Turnstile apstr\u0101d\u0101 ierobe\u017eotu tehnisko inform\u0101ciju un var izmantot s\u012bkfailus vai l\u012bdz\u012bgus meh\u0101nismus, kas ir stingri nepiecie\u0161ami dro\u0161\u012bbas un robotu aizsardz\u012bbas nol\u016bkos. \u0160os s\u012bkfailus uzskata par b\u016btiskiem, un tos neizmanto m\u0101rketinga vai izseko\u0161anas nol\u016bkos.<\/p>\n<h2 style=\"margin-bottom:.75em;font-size:1.25em;line-height:1.6;\">K\u0101 izsl\u0113gt s\u012bkfailus?<\/h2>\n<p>S\u012bkdatnes var izsl\u0113gt vai dz\u0113st p\u0113c saviem ieskatiem. S\u012bk\u0101ku inform\u0101ciju skat\u012bt: www.aboutcookies.org. J\u016bs varat dz\u0113st visas s\u012bkdatnes sav\u0101 dator\u0101, k\u0101 ar\u012b varat konfigur\u0113t liel\u0101ko da\u013cu p\u0101rl\u016bkprogrammu t\u0101, lai t\u0101s blo\u0137\u0113tu s\u012bkdat\u0146u saglab\u0101\u0161anu. Ta\u010du \u0161\u0101d\u0101 gad\u012bjum\u0101 katru reizi ir manu\u0101li j\u0101veic visi vietnes iestat\u012bjumi, turkl\u0101t ir iesp\u0113jams, ka da\u017ei pakalpojumi un funkcijas nedarbosies.\n<\/p>\n<h2 style=\"margin-bottom:.75em;font-size:1.25em;line-height:1.6;\">Inform\u0101cijas izpau\u0161ana<\/h2>\n<p>M\u0113s varam izpaust j\u016bsu personisko inform\u0101ciju, cikt\u0101l tas ir pamatoti nepiecie\u0161ams \u0161aj\u0101 konfidencialit\u0101tes politik\u0101 noteiktajiem m\u0113r\u0137iem.\n<\/p>\n<p>M\u0113s varam ar\u012b izpaust j\u016bsu personisko inform\u0101ciju:\n<\/p>\n<ul>\n<li>likum\u0101 noteiktaj\u0101 apm\u0113r\u0101;<\/li>\n<li>saist\u012bb\u0101 ar notieko\u0161o vai gaid\u0101mo tiesved\u012bbu;<\/li>\n<li>lai noteiktu, \u012bstenotu vai aizsarg\u0101tu m\u016bsu likum\u012bg\u0101s ties\u012bbas (tostarp, lai sniegtu inform\u0101ciju cit\u0101m person\u0101m, lai nov\u0113rstu kr\u0101p\u0161anu un samazin\u0101tu kred\u012btrisku).<\/li>\n<\/ul>\n<h2 style=\"margin-bottom:.75em;font-size:1.25em;line-height:1.6;\">Kontaktinform\u0101cija<\/h2>\n<p>Kontrolieris: Dakauf SIA, re\u0123. nr. 40003412912<br \/>Juridisk\u0101 adrese: Latvija, R\u012bga, Gunara Astras 8, LV-1082<br \/>Juridiskais pamats: Dakauf SIA likum\u012bg\u0101s intereses\n<\/p>\n<p>Piekr\u012btot priv\u0101tuma politikas noteikumiem, klienti dod SIA Dakauf ties\u012bbas autom\u0101tiski apstr\u0101d\u0101t vi\u0146u datus. Klienti jebkur\u0101 laik\u0101 var atsaukt savu piekri\u0161anu m\u016bsu t\u012bmek\u013ca vietn\u0113 vai nos\u016btot mums rakstisku pazi\u0146ojumu. Deklar\u0101cija vai piekri\u0161anas atsauk\u0161ana nav sp\u0113k\u0101 ar atpaka\u013cejo\u0161u sp\u0113ku.\n<\/p>\n<p class=\"mb-0\">Ja rodas jaut\u0101jumi, kas saist\u012bti ar \u0161o priv\u0101tuma politiku vai to, k\u0101 https:\/\/dakauf.eu izmanto j\u016bsu personas inform\u0101ciju, l\u016bdzu, rakstiet mums uz sup&#112;&#111;&#114;&#x74;&#x40;&#x64;&#x61;&#x6b;&#x61;uf&#46;&#101;&#117;.<\/p>\n\t\t<\/div>\n\t\t\t\t\n<style>\n#col-6857474 > .col-inner {\n  padding: 15px 0px 15px 0px;\n}\n<\/style>\n\t<\/div>\n\n\t\n<\/div>\n","protected":false},"excerpt":{"rendered":"","protected":false},"author":1,"featured_media":0,"parent":0,"menu_order":0,"comment_status":"closed","ping_status":"closed","template":"","meta":{"footnotes":""},"class_list":["post-3","page","type-page","status-publish","hentry"],"_links":{"self":[{"href":"https:\/\/dakauf.eu\/lv\/wp-json\/wp\/v2\/pages\/3"}],"collection":[{"href":"https:\/\/dakauf.eu\/lv\/wp-json\/wp\/v2\/pages"}],"about":[{"href":"https:\/\/dakauf.eu\/lv\/wp-json\/wp\/v2\/types\/page"}],"author":[{"embeddable":true,"href":"https:\/\/dakauf.eu\/lv\/wp-json\/wp\/v2\/users\/1"}],"replies":[{"embeddable":true,"href":"https:\/\/dakauf.eu\/lv\/wp-json\/wp\/v2\/comments?post=3"}],"version-history":[{"count":5,"href":"https:\/\/dakauf.eu\/lv\/wp-json\/wp\/v2\/pages\/3\/revisions"}],"predecessor-version":[{"id":48091,"href":"https:\/\/dakauf.eu\/lv\/wp-json\/wp\/v2\/pages\/3\/revisions\/48091"}],"wp:attachment":[{"href":"https:\/\/dakauf.eu\/lv\/wp-json\/wp\/v2\/media?parent=3"}],"curies":[{"name":"wp","href":"https:\/\/api.w.org\/{rel}","templated":true}]}}