{"id":727,"date":"2021-03-28T01:11:28","date_gmt":"2021-03-27T23:11:28","guid":{"rendered":"https:\/\/dakauf.eu\/?page_id=727"},"modified":"2024-10-25T18:46:51","modified_gmt":"2024-10-25T15:46:51","slug":"terms-and-conditions","status":"publish","type":"page","link":"https:\/\/dakauf.eu\/lv\/terms-and-conditions\/","title":{"rendered":"Noteikumi un nosac\u012bjumi"},"content":{"rendered":"<div class=\"row row-collapse align-center\"  id=\"row-1353719767\">\n\n\t<div id=\"col-1361059844\" class=\"col medium-10 small-12 large-8\"  >\n\t\t\t\t<div class=\"col-inner\"  >\n\t\t\t\n\t\t\t\n<h1 style=\"margin-bottom: 1em; font-size: 1.6em;\">Noteikumi un nosac\u012bjumi<\/h1>\n<h2 style=\"margin-bottom: .75em; font-size: 1.25em; line-height: 1.6;\">1. Noteikumu un nosac\u012bjumu darb\u012bbas joma un sp\u0113k\u0101 esam\u012bba<\/h2>\n<p>1.1. \u0160ie Dakauf interneta veikala (turpm\u0101k tekst\u0101 &#8211; &#8220;p\u0101rdev\u0113js&#8221;) visp\u0101r\u012bgie lieto\u0161anas un pirk\u0161anas noteikumi (turpm\u0101k tekst\u0101 &#8211; &#8220;noteikumi&#8221;) attiecas uz vis\u0101m person\u0101m (turpm\u0101k tekst\u0101 &#8211; &#8220;pirc\u0113js\/klients&#8221;), kuras izmanto interneta veikalu www.dakauf.eu (turpm\u0101k tekst\u0101 &#8211; &#8220;interneta veikals&#8221;), pas\u016bta taj\u0101 preces, tostarp sl\u0113dzot l\u012bgumu par pre\u010du p\u0101rdo\u0161anu no internet veikala (turpm\u0101k tekst\u0101 &#8211; &#8220;p\u0101rdo\u0161anas l\u012bgums&#8221;).<\/p>\n<p>1.2. Pie\u0146emot \u0161os noteikumus un nosac\u012bjumus, pirc\u0113js apliecina, ka ir iepazinies ar\u012b ar p\u0101rdo\u0161anas l\u012bguma noteikumiem un nosac\u012bjumiem, piekr\u012bt tiem un ap\u0146emas tos iev\u0113rot.<\/p>\n<h2 style=\"margin-bottom: .75em; font-size: 1.25em; line-height: 1.6;\">2. Produktu pirk\u0161ana un pas\u016bt\u012bjumu veik\u0161ana<\/h2>\n<p>2.1. J\u016bs varat ieg\u0101d\u0101ties produktus tie\u0161saistes veikal\u0101, ja produkta aprakst\u0101 ir poga &#8220;Pievienot grozam&#8221;. Konkr\u0113ta produkta cena un pieejam\u012bba var main\u012bties bez iepriek\u0161\u0113ja br\u012bdin\u0101juma. Produkta cena ir cena, kas ir sp\u0113k\u0101 pas\u016bt\u012bjuma veik\u0161anas br\u012bd\u012b.<\/p>\n<p>2.2. P\u0101rdev\u0113jam ir ties\u012bbas atk\u0101pties no tie\u0161saistes veikal\u0101 nosl\u0113gt\u0101 pirkuma l\u012bguma un atteikties pieg\u0101d\u0101t pas\u016bt\u012btos produktus vai pakalpojumus, ja:<\/p>\n<ul>\n<li>preces nav noliktav\u0101;<\/li>\n<li>preces statuss interneta veikal\u0101 ir &#8220;Nav noliktav\u0101&#8221;;<\/li>\n<li>tie\u0161saistes veikal\u0101 nor\u0101d\u012bt\u0101 produkta cena vai tehniskie parametri ir nepareizi datorsist\u0113mas darb\u012bbas trauc\u0113jumu d\u0113\u013c.<\/li>\n<\/ul>\n<p>2.3. Pirc\u0113js var palielin\u0101t vai samazin\u0101t katra produkta daudzumu iepirkumu groz\u0101.<\/p>\n<p>2.4. Veicot pas\u016bt\u012bjumu, pirc\u0113jam ir j\u0101izv\u0113las atbilsto\u0161s pieg\u0101des veids. Pieg\u0101des veida izv\u0113le ir nor\u0101d\u012bta izrakst\u012b\u0161an\u0101s lap\u0101. L\u016bdzu, p\u0101rliecinieties, ka esat ievad\u012bjis pareizo inform\u0101ciju, pret\u0113j\u0101 gad\u012bjum\u0101 pas\u016bt\u012bjums var netikt pieg\u0101d\u0101ts laik\u0101 vai netikt pieg\u0101d\u0101ts visp\u0101r.<\/p>\n<p>2.5. Iepaz\u012bstieties ar pirkuma noteikumiem un nosac\u012bjumiem Dakauf interneta veikal\u0101 un apstipriniet savu piekri\u0161anu, atz\u012bm\u0113jot lodzi\u0146u &#8220;Es piekr\u012btu pirkuma noteikumiem un nosac\u012bjumiem&#8221;, ja piem\u0113rojams.<\/p>\n<p>2.6. Lai apstiprin\u0101tu pas\u016bt\u012bjumu, pirc\u0113jam par to j\u0101apmaks\u0101, izv\u0113loties atbilsto\u0161u maks\u0101juma veidu. Pa\u0161reiz\u0113jo maks\u0101juma veidu var main\u012bt pas\u016bt\u012bjuma p\u0113d\u0113j\u0101 posm\u0101. Klients\/Pirc\u0113js ievada savus datus un, ja v\u0113las, re\u0123istr\u0113jas ar\u012b k\u0101 past\u0101v\u012bgais Dakauf klients.<\/p>\n<p>2.7. Pirkuma l\u012bgums tiek uzskat\u012bts par nosl\u0113gtu no br\u012b\u017ea, kad Dakauf SIA kont\u0101 par\u0101d\u0101s maks\u0101jums par pas\u016bt\u012bjumu. Ja pirc\u0113js nesamaks\u0101 par iesniegto pas\u016bt\u012bjumu, p\u0101rdev\u0113js pas\u016bt\u012bjumu neapstr\u0101d\u0101.<\/p>\n<h2 style=\"margin-bottom: .75em; font-size: 1.25em; line-height: 1.6;\">3. Pirkumu apmaksa<\/h2>\n<p>3.1. Par da\u017eiem maks\u0101jumu veidiem var tikt iekas\u0113ta maksa par apstr\u0101di.<\/p>\n<p>3.2. P\u0113c maks\u0101juma veik\u0161anas interneta veikals jums nos\u016bt\u012bs pas\u016bt\u012bjuma apstiprin\u0101jumu un r\u0113\u0137inu.<\/p>\n<p>3.3. Visi personas dati, ko Dakauf sa\u0146em, kad klients apmekl\u0113 un veic pirkumu tie\u0161saistes veikal\u0101, tiek uzskat\u012bti par konfidenci\u0101liem. \u0160ifr\u0113ts datu p\u0101rraides kan\u0101ls ar katru tie\u0161saistes banku garant\u0113 pirc\u0113ja personas un bankas datu dro\u0161\u012bbu.<\/p>\n<h2 style=\"margin-bottom: .75em; font-size: 1.25em; line-height: 1.6;\">4. Pre\u010du pieg\u0101de un nodo\u0161ana<\/h2>\n<p>4.1. Produkti tiek pieg\u0101d\u0101ti uz pieg\u0101des adresi, kas nor\u0101d\u012bta pas\u016bt\u012bjum\u0101.<\/p>\n<p>4.2. Pirc\u0113js tiks inform\u0113ts par gaid\u0101mo pieg\u0101di, izmantojot pas\u016bt\u012bjum\u0101 nor\u0101d\u012bto kontaktinform\u0101ciju.<\/p>\n<p>4.3. Pas\u016bt\u012bto Produktu pieg\u0101de tiek veikta saska\u0146\u0101 ar pieg\u0101des noteikumiem, kas ir sp\u0113k\u0101 pas\u016bt\u012bjuma iesnieg\u0161anas br\u012bd\u012b.<\/p>\n<p>4.4. Veicot pas\u016bt\u012bjumu, Pirc\u0113jam ir j\u0101nodro\u0161ina, ka vi\u0146a sniegt\u0101 kontaktinform\u0101cija ir pareiza, lai izvair\u012btos no kav\u0113\u0161an\u0101s un p\u0101rpratumiem saist\u012bb\u0101 ar pieg\u0101di. Dakauf SIA un p\u0101rvad\u0101t\u0101js nav atbild\u012bgi par pieg\u0101des kav\u0113\u0161anos vai p\u0101rpratumiem, ja \u0161\u0101da kav\u0113\u0161an\u0101s vai p\u0101rpratumi radu\u0161ies neprec\u012bzas vai nepareizas inform\u0101cijas d\u0113\u013c, ko pirc\u0113js sniedzis, iesniedzot pas\u016bt\u012bjumu.<\/p>\n<p>4.5. Preces tiek pieg\u0101d\u0101tas Pirc\u0113jam tikai person\u012bgi, pamatojoties uz pavadz\u012bmi un uzr\u0101dot Pirc\u0113ja identit\u0101ti apliecino\u0161u dokumentu.<\/p>\n<p>4.7. Ja iepakojums ir boj\u0101ts, pirc\u0113jam ir ties\u012bbas atteikties pie\u0146emt produktus un\/vai nekav\u0113joties inform\u0113t m\u016bs par to pa e-pastu <a href=\"&#x6d;&#97;&#x69;&#108;t&#x6f;&#58;s&#x75;&#112;&#x70;&#x6f;r&#x74;&#64;d&#x61;&#107;&#x61;&#x75;f&#x2e;&#101;u\">&#x73;&#x75;&#x70;&#x70;&#x6f;&#x72;&#116;&#64;&#100;&#97;kauf&#x2e;&#x65;&#x75;<\/a>.<\/p>\n<p>4.8. P\u0101rdev\u0113jam ir ties\u012bbas pilnvarot tre\u0161\u0101s personas veikt produktu pieg\u0101di (ieskaitot kurjerpasta pakalpojumu nol\u012bg\u0161anu).<\/p>\n<p>4.9. Ja Pirc\u0113js preces neiz\u0146em 14 (\u010detrpadsmit) dienu laik\u0101 no norun\u0101t\u0101 pieg\u0101des datuma, tas tiks uzskat\u012bts par Pirc\u0113ja atteikumu no pirkuma l\u012bguma. P\u0101rdev\u0113js ir ties\u012bgs vienpus\u0113ji atk\u0101pties no pirkuma l\u012bguma un piepras\u012bt no Pirc\u0113ja kompens\u0101ciju (piem\u0113ram, par Izstr\u0101d\u0101jumu uzglab\u0101\u0161anas izmaks\u0101m), atskaitot P\u0101rdev\u0113jam nodar\u012bto zaud\u0113jumu summu no Pirc\u0113ja iepriek\u0161 samaks\u0101t\u0101s summas.<\/p>\n<h2 style=\"margin-bottom: .75em; font-size: 1.25em; line-height: 1.6;\">5. Atgrie\u0161anas un atmaks\u0101\u0161anas politika<\/h2>\n<p>5.1. Pirc\u0113jam ir ties\u012bbas 14 dienu laik\u0101, nenor\u0101dot iemeslu, atk\u0101pties no tie\u0161saistes veikal\u0101 nosl\u0113gt\u0101 pirkuma l\u012bguma un atgriezt Preces. Atgrie\u0161anas cena ir EUR 6,97.<\/p>\n<p>5.2. Atteikuma termi\u0146\u0161 beidzas 14 dienas p\u0113c p\u0101rdo\u0161anas l\u012bguma nosl\u0113g\u0161anas dienas vai dienas, kad pirc\u0113js fiziski ir sa\u0146\u0113mis preci sav\u0101 \u012bpa\u0161um\u0101.<\/p>\n<p>5.3. Preces 14 dienu laik\u0101 var atgriezt tikai priv\u0101tpersonas. \u0160ie atgrie\u0161anas nosac\u012bjumi neattiecas uz uz\u0146\u0113mumiem.<\/p>\n<p>5.4. Lai izmantotu atteikuma ties\u012bbas, pirc\u0113jam j\u0101inform\u0113 p\u0101rdev\u0113js par savu l\u0113mumu atgriezt produktus, nos\u016btot rakstisku pazi\u0146ojumu, ko var nos\u016bt\u012bt pa e-pastu uz adresi: <a href=\"&#x6d;&#x61;&#x69;&#108;&#116;o:&#x73;&#x75;&#x70;&#112;&#111;rt&#x40;&#x64;&#x61;&#107;&#97;uf&#x2e;&#x65;&#x75;\">&#115;&#x75;&#112;&#x70;o&#x72;t&#64;&#x64;&#97;&#x6b;&#97;&#x75;f&#x2e;e&#117;<\/a>.<\/p>\n<p>5.5. Atteikuma ties\u012bbas nav sp\u0113k\u0101, ja:<\/p>\n<ul>\n<li>Klients ir sa\u0146\u0113mis produktu aizz\u012bmogot\u0101 iepakojum\u0101, kuru vesel\u012bbas vai higi\u0113nas apsv\u0113rumu d\u0113\u013c nevar atdot atpaka\u013c un kur\u0161 ir atv\u0113rts p\u0113c pieg\u0101des (piem\u0113ram, austi\u0146as, epilatori, skuvek\u013ci utt.).<\/li>\n<li>Produkts ir audio\/video ieraksts vai programmat\u016bra aizz\u012bmogot\u0101 iepakojum\u0101. SIM kartes, starta paketes un laika kartes ar\u012b nav atgrie\u017eamas, ja iepakojums ir atv\u0113rts p\u0113c pieg\u0101des.<\/li>\n<\/ul>\n<p>5.6. Pirkuma l\u012bguma lau\u0161anas gad\u012bjum\u0101 SIA Dakauf nekav\u0113joties atmaks\u0101 klientam visus maks\u0101jumus, ko tas sa\u0146\u0113mis saska\u0146\u0101 ar \u0161o l\u012bgumu.<\/p>\n<p>5.7. Dakauf SIA neatl\u012bdzina nek\u0101dus papildu izdevumus, kas radu\u0161ies klienta izv\u0113l\u0113t\u0101 pieg\u0101des veida d\u0113\u013c.<\/p>\n<p>5.8. Dakauf SIA veiks atmaksas ar to pa\u0161u maks\u0101jumu veidu, ko pirc\u0113js izmantojis maks\u0101juma veik\u0161anai.<\/p>\n<p>5.9. Ar \u0161\u0101du maks\u0101jumu atmaksu nevar b\u016bt saist\u012bta nek\u0101da maksa par pakalpojumiem vai citas klientam radu\u0161\u0101s izmaksas, piem\u0113ram, bankas komisijas maksa.<\/p>\n<p>5.10. Pirc\u0113ja pien\u0101kums ir nekav\u0113joties, bet ne v\u0113l\u0101k k\u0101 14 (\u010detrpadsmit) dienu laik\u0101 no dienas, kad vi\u0146\u0161 pazi\u0146ojis Dakauf SIA par preces atgrie\u0161anu, atgriezt nopirkto preci Dakauf SIA.<\/p>\n<p>5.11. Preces var nodot atpaka\u013c kurjeram vai sav\u0101k\u0161anas punkt\u0101.<\/p>\n<p>5.12. Dakauf SIA ir ties\u012bbas atteikties atmaks\u0101t naudu l\u012bdz br\u012bdim, kad l\u012bgum\u0101 paredz\u0113t\u0101 prece ir sa\u0146emta saska\u0146\u0101 ar atgrie\u0161anas noteikumiem.<\/p>\n<p>5.13. L\u012bgum\u0101 paredz\u0113t\u0101s preces ir j\u0101atgrie\u017e SIA Dakauf ori\u0123in\u0101laj\u0101 iepakojum\u0101 saska\u0146\u0101 ar Pre\u010du atgrie\u0161anas noteikumiem:<\/p>\n<ul>\n<li>iepakojums var b\u016bt k\u0101rt\u012bgi atv\u0113rts, bet neboj\u0101ts.<\/li>\n<li>preces nedr\u012bkst b\u016bt lietotas, t.i., nedr\u012bkst b\u016bt vizu\u0101lu vai tehnisku pier\u0101d\u012bjumu par to lieto\u0161anu (piem\u0113ram, sapl\u0113sts iepakojums, no\u0146emta aizsargpl\u0113ve, skr\u0101p\u0113jumi, fotogr\u0101fijas).<\/li>\n<\/ul>\n<p>5.14. Ja p\u0101rdev\u0113jam atdotajam produktam ir:<\/p>\n<ul>\n<li>lieto\u0161anas p\u0113das<\/li>\n<li>meh\u0101niski vai vizu\u0101li boj\u0101jumi<\/li>\n<li>boj\u0101ts iepakojums (rupji atv\u0113rts, sapl\u0113sta lente, sapl\u0113sti maisi\u0146i, no\u0146emta plastmasa)<\/li>\n<li>vai tr\u016bkst piederumu vai deta\u013cu<\/li>\n<\/ul>\n<p>p\u0101rdev\u0113jam ir ties\u012bbas sa\u0146emt kompens\u0101ciju par neatbilsto\u0161\u0101 st\u0101vokl\u012b atdotajiem produktiem. \u0160\u012b kompens\u0101cija var sasniegt 30% no produktu v\u0113rt\u012bbas.<\/p>\n<p>Katrs atgrie\u0161anas gad\u012bjums j\u0101izskata atsevi\u0161\u0137i.<\/p>\n<p>5.15. Ja prece tiek atgriezta pareizi, pirc\u0113jam tiek atmaks\u0101ta visa pirkuma summa.<\/p>\n<p>5.16. Ja pirc\u0113js v\u0113las izvair\u012bties no atmaksas samazin\u0101juma par produktu atgrie\u0161anu, vi\u0146am produkti ir j\u0101izmanto un j\u0101p\u0101rbauda t\u0101pat k\u0101 parast\u0101 veikal\u0101, un produktiem ir j\u0101atgrie\u017eas ori\u0123in\u0101laj\u0101 iepakojum\u0101 un komplekt\u0101cij\u0101 (t. i., tajos j\u0101b\u016bt vis\u0101m deta\u013c\u0101m, kas s\u0101kotn\u0113ji bija iepakojum\u0101, k\u0101 ar\u012b d\u0101van\u0101m, kas saist\u012btas ar p\u0101rdo\u0161anas l\u012bgumu).<\/p>\n<p>5.17. Ja pirc\u0113js izmanto produktus ilg\u0101k, nek\u0101 nepiecie\u0161ams, lai p\u0101rbaud\u012btu to \u012bpa\u0161\u012bbas un funkcionalit\u0101ti, vai ar\u012b neatgrie\u017e produktus to ori\u0123in\u0101laj\u0101 iepakojum\u0101 un piln\u0101 komplekt\u0101cij\u0101, pirc\u0113js ir atbild\u012bgs par to, lai tiktu samazin\u0101ta par produktu atgrie\u0161anu izmaks\u0101jam\u0101 kompens\u0101cijas summa.<\/p>\n<p>Ja atdoto produktu kvalit\u0101te ir pasliktin\u0101jusies, pirc\u0113js ir atbild\u012bgs par atgrie\u0161anas kred\u012bta summu, kas rodas produktu lieto\u0161anas rezult\u0101t\u0101.<\/p>\n<p>5.18. Lai p\u0101rbaud\u012btu produkta \u012bpa\u0161\u012bbas un funkcionalit\u0101ti, pirc\u0113jam tas ir j\u0101izmanto tikai parastaj\u0101 veikal\u0101 at\u013cautaj\u0101 veid\u0101.<\/p>\n<p>5.19. Dakauf SIA ir ties\u012bbas izvirz\u012bt pirc\u0113jam pretenzijas par produktu nolietojumu ne v\u0113l\u0101k k\u0101 vienu m\u0113nesi p\u0113c produktu atgrie\u0161anas dienas.<\/p>\n<p>5.20. Tie\u0161os izdevumus, kas saist\u012bti ar izstr\u0101d\u0101jumu atgrie\u0161anu, sedz pirc\u0113js.<\/p>\n<p>5.21. Ja pirc\u0113js nepiekr\u012bt p\u0101rdev\u0113ja piepras\u012btajam nolietojumam, pirc\u0113jam ir ties\u012bbas v\u0113rsties pie neatkar\u012bga eksperta, lai noteiktu prec\u012bzu nolietojuma apm\u0113ru. Neatkar\u012bg\u0101 eksperta izmaksas sedz t\u0101 puse, kuras nost\u0101ja nav pamatota.<\/p>\n<p>5.22. Priv\u0101tpersonu ieg\u0101d\u0101taj\u0101m prec\u0113m garantija ir sp\u0113k\u0101 2 gadus.<\/p>\n<p>5.23. No 01.06.2024. gada juridisk\u0101m person\u0101m (uz\u0146\u0113mumiem) ieg\u0101d\u0101t\u0101m prec\u0113m garantija prec\u0113m ir sp\u0113k\u0101 1 gadu.<\/p>\n<h2 style=\"margin-bottom: .75em; font-size: 1.25em; line-height: 1.6;\">6. Pas\u016bt\u012bjuma atcel\u0161ana<\/h2>\n<p>6.1. Pirc\u0113js var atcelt pas\u016bt\u012bjumu p\u0113c apmaksas veik\u0161anas, bet pirms pas\u016bt\u012bjuma sa\u0146em\u0161anas bez papildu izmaks\u0101m.<\/p>\n<p>6.2. Lai atceltu pas\u016bt\u012bjumu, Pirc\u0113jam j\u0101nos\u016bta piepras\u012bjums kop\u0101 ar pas\u016bt\u012bjuma numuru uz <a href=\"m&#97;&#105;&#x6c;&#x74;&#x6f;:s&#117;&#112;&#x70;&#x6f;&#x72;t&#64;&#100;&#97;&#x6b;&#x61;&#x75;f&#46;&#101;&#x75;\">&#x73;&#x75;&#x70;&#x70;&#x6f;&#x72;&#x74;&#x40;&#x64;&#x61;&#x6b;&#x61;&#x75;&#x66;&#x2e;&#x65;&#x75;<\/a>. P\u0101rdev\u0113js atbild\u0113s ar pas\u016bt\u012bjuma atcel\u0161anas apstiprin\u0101jumu.<\/p>\n<h2 style=\"margin-bottom: .75em; font-size: 1.25em; line-height: 1.6;\">7. Atbild\u012bba un str\u012bdu iz\u0161\u0137ir\u0161ana<\/h2>\n<p>7.1. Pirc\u0113jam ir ties\u012bbas 1 (viena) gada laik\u0101 p\u0113c produktu sa\u0146em\u0161anas iesniegt p\u0101rdev\u0113jam s\u016bdz\u012bbu par produktiem, kas neatbilst l\u012bguma noteikumiem (ir boj\u0101ti).<\/p>\n<p>7.2. Atkl\u0101jot, ka prece neatbilst l\u012bguma noteikumiem, pirc\u0113jam ir ties\u012bbas piepras\u012bt preces remontu vai nomai\u0146u, vai ar\u012b atteikties no pirkuma l\u012bguma un atgriezt boj\u0101t\u0101s preces.<\/p>\n<p>7.3. Dakauf SIA nav atbild\u012bga:<\/p>\n<ul>\n<li>pirc\u0113ja izrais\u012btu produktu boj\u0101\u0161anos\/ boj\u0101jumus;<\/li>\n<li>defektiem, kas radu\u0161ies nepareizas izstr\u0101d\u0101jumu lieto\u0161anas rezult\u0101t\u0101;<\/li>\n<li>izstr\u0101d\u0101jumu norm\u0101lu fizisku nolietojumu, kas radies to norm\u0101las lieto\u0161anas rezult\u0101t\u0101;<\/li>\n<\/ul>\n<p>7.4. Visiem Dakauf e-veikala produktiem ir ES ties\u012bbu aktos noteikt\u0101 garantija.<\/p>\n<p>7.5. Lai n\u0101kotn\u0113 var\u0113tu risin\u0101t jebk\u0101das probl\u0113mas, pirc\u0113jam ir j\u0101saglab\u0101 Dakauf e-veikal\u0101 ieg\u0101d\u0101t\u0101 produkta ieg\u0101di apliecino\u0161ie dokumenti.<\/p>\n<p>7.6. Ja nav pirkumu apliecino\u0161a dokumenta, p\u0101rdev\u0113js vai cits pakalpojumu sniedz\u0113js var atteikties risin\u0101t probl\u0113mu.<\/p>\n<p>7.7. Ja jums rodas jaut\u0101jumi par interneta veikal\u0101 ieg\u0101d\u0101tajiem produktiem, l\u016bdzu, sazinieties ar mums, rakstot uz <a href=\"m&#97;&#105;&#x6c;&#x74;&#x6f;&#x3a;s&#117;&#112;&#112;&#x6f;&#x72;&#x74;&#64;d&#97;&#107;&#x61;&#x75;&#x66;&#46;e&#117;\">&#115;&#x75;&#112;&#x70;&#111;&#x72;t&#x40;d&#97;&#x6b;&#97;&#x75;&#102;&#x2e;e&#x75;<\/a>.<\/p>\n<p>7.8. Iesniedzot s\u016bdz\u012bbu, jums ir j\u0101iesniedz pier\u0101d\u012bjumi par boj\u0101tajiem produktiem, piem\u0113ram, j\u0101nos\u016bta videoieraksts vai fotogr\u0101fija.<\/p>\n<p>7.9. Ja izstr\u0101d\u0101jumi ir j\u0101nos\u016bta p\u0101rbaudei, lai noteiktu defekta raksturu un c\u0113loni, p\u0101rdev\u0113js un pirc\u0113js nosl\u0113dz l\u012bgumu par izstr\u0101d\u0101juma apkalpo\u0161anu un remontu.<\/p>\n<p>7.10. P\u0101rdev\u0113js garant\u0113, ka tie\u0161saistes veikal\u0101 p\u0101rdotie produkti atbilst sp\u0113k\u0101 eso\u0161ajiem Eiropas Savien\u012bbas standartiem. Attiec\u012bgajos standartos uzskait\u012btie nosac\u012bjumi netiek uzskat\u012bti par produktu defektiem.<\/p>\n<p>7.11. Lai atrisin\u0101tu str\u012bdus, Pirc\u0113js var konsult\u0113ties ar Pat\u0113r\u0113t\u0101ju ties\u012bbu aizsardz\u012bbas padomes vai Pat\u0113r\u0113t\u0101ju str\u012bdu padomes neatkar\u012bgajiem ekspertiem. Pat\u0113r\u0113t\u0101ju str\u012bdu padome ir kompetenta risin\u0101t str\u012bdus, kas izriet no l\u012bgumiem starp pirc\u0113ju un p\u0101rdev\u0113ju un kurus puses nav sp\u0113ju\u0161as atrisin\u0101t vienojoties.<\/p>\n<h2 style=\"margin-bottom: .75em; font-size: 1.25em; line-height: 1.6;\">8. Citi noteikumi un nosac\u012bjumi<\/h2>\n<p>8.1. Produktu att\u0113li ir tikai ilustrat\u012bvi.<\/p>\n<p>8.2. Produktu cenas un pieejam\u012bba var main\u012bties bez iepriek\u0161\u0113ja br\u012bdin\u0101juma. \u0160\u0101d\u0101 gad\u012bjum\u0101 Dakauf SIA patur ties\u012bbas atteikties no p\u0101rdo\u0161anas un samaksu par produktu atmaks\u0101t uz pirc\u0113ja kontu sapr\u0101t\u012bg\u0101 termi\u0146\u0101.<\/p>\n<p class=\"mb-0\">8.3. Inform\u0101cija par produktu tiek regul\u0101ri p\u0101rbaud\u012bta un atjaunin\u0101ta. \u0160\u012b inform\u0101cija var b\u016bt atjaunin\u0101ta kop\u0161 j\u016bsu p\u0113d\u0113j\u0101 apmekl\u0113juma. Dakauf interneta veikal\u0101 var b\u016bt neprec\u012bza inform\u0101cija par produktu, kas ieg\u016bta no ra\u017eot\u0101ja sniegtajiem tehniskajiem datiem. \u0160\u0101dos gad\u012bjumos Dakauf interneta veikals nav atbild\u012bgs par produktu inform\u0101cijas precizit\u0101ti. Iz\u0161\u0137iro\u0161u jaut\u0101jumu par tehnisko inform\u0101ciju gad\u012bjum\u0101 m\u0113s iesak\u0101m, ja iesp\u0113jams, pirms preces ieg\u0101des noskaidrot t\u0101s tehniskos datus pie ra\u017eot\u0101ja.<\/p>\n\t\t<\/div>\n\t\t\t\t\n<style>\n#col-1361059844 > .col-inner {\n  padding: 15px 0px 15px 0px;\n}\n<\/style>\n\t<\/div>\n\n\t\n<\/div>\n","protected":false},"excerpt":{"rendered":"","protected":false},"author":1,"featured_media":0,"parent":0,"menu_order":0,"comment_status":"closed","ping_status":"closed","template":"","meta":{"footnotes":""},"class_list":["post-727","page","type-page","status-publish","hentry"],"_links":{"self":[{"href":"https:\/\/dakauf.eu\/lv\/wp-json\/wp\/v2\/pages\/727"}],"collection":[{"href":"https:\/\/dakauf.eu\/lv\/wp-json\/wp\/v2\/pages"}],"about":[{"href":"https:\/\/dakauf.eu\/lv\/wp-json\/wp\/v2\/types\/page"}],"author":[{"embeddable":true,"href":"https:\/\/dakauf.eu\/lv\/wp-json\/wp\/v2\/users\/1"}],"replies":[{"embeddable":true,"href":"https:\/\/dakauf.eu\/lv\/wp-json\/wp\/v2\/comments?post=727"}],"version-history":[{"count":5,"href":"https:\/\/dakauf.eu\/lv\/wp-json\/wp\/v2\/pages\/727\/revisions"}],"predecessor-version":[{"id":24734,"href":"https:\/\/dakauf.eu\/lv\/wp-json\/wp\/v2\/pages\/727\/revisions\/24734"}],"wp:attachment":[{"href":"https:\/\/dakauf.eu\/lv\/wp-json\/wp\/v2\/media?parent=727"}],"curies":[{"name":"wp","href":"https:\/\/api.w.org\/{rel}","templated":true}]}}