{"id":731,"date":"2021-03-28T01:23:34","date_gmt":"2021-03-27T23:23:34","guid":{"rendered":"https:\/\/dakauf.eu\/?page_id=731"},"modified":"2024-11-25T18:45:07","modified_gmt":"2024-11-25T16:45:07","slug":"delivery","status":"publish","type":"page","link":"https:\/\/dakauf.eu\/lv\/delivery\/","title":{"rendered":"Pieg\u0101de"},"content":{"rendered":"<div class=\"row row-collapse align-center\"  id=\"row-1273742511\">\n\n\t<div id=\"col-1195478645\" class=\"col medium-10 small-12 large-8\"  >\n\t\t\t\t<div class=\"col-inner text-left\"  >\n\t\t\t\n\t\t\t\n<h1 style=\"margin-bottom: 1em; font-size: 1.6em;\">Pieg\u0101de<\/h1>\n<p>Valstu saraksts, uz kur\u0101m m\u0113s s\u016bt\u0101m: <strong>Latvija<\/strong>, <strong>Igaunija<\/strong>, <strong>Lietuva<\/strong>, <strong>Somija<\/strong>, <strong>Austrija<\/strong>, <strong>Be\u013c\u0123ija<\/strong>, <strong>Bulg\u0101rija<\/strong>, <strong>Horv\u0101tija<\/strong>, <strong>Kipra<\/strong>, <strong>\u010cehija<\/strong>, <strong>D\u0101nija<\/strong>, <strong>Francija<\/strong>, <strong>V\u0101cija<\/strong>, <strong>Grie\u0137ija<\/strong>, <strong>Ung\u0101rija<\/strong>, <strong>\u012arija<\/strong>, <strong>It\u0101lija<\/strong>, <strong>Luksemburga<\/strong>, <strong>Malta<\/strong>, <strong>N\u012bderlande<\/strong>, <strong>Polija<\/strong>, <strong>Portug\u0101le<\/strong>, <strong>Rum\u0101nija<\/strong>, <strong>Slov\u0101kija<\/strong>, <strong>Slov\u0113nija<\/strong>, <strong>Sp\u0101nija<\/strong>, <strong>Zviedrija<\/strong>.<\/p>\n<h2 style=\"margin-bottom: .75em; font-size: 1.25em; line-height: 1.6;\">S\u016bt\u012bjumu glab\u0101tuves<\/h2>\n<p>Pieg\u0101des Eirop\u0101 veic DPD. J\u016bs varat sa\u0146emt savu s\u016bt\u012bjumu DPD paku glab\u0101tuv\u0113 vai ar DPD kurjeru. Pieg\u0101de l\u012bdz paku skap\u012btim parasti aiz\u0146em 3-5 darba dienas.<\/p>\n<p>Ieg\u0101d\u0101joties preces un izv\u0113loties pieg\u0101di ar paku skap\u012bti, l\u016bdzu, p\u0101rliecinieties, vai pakas izm\u0113ri atbilst skap\u012b\u0161a izm\u0113riem.<\/p>\n<p>Pieg\u0101des laiks katr\u0101 zon\u0101 ir at\u0161\u0137ir\u012bgs. Veicot pas\u016bt\u012bjumu, l\u016bdzu, p\u0101rliecinieties, vai pieg\u0101des laiks j\u016bsu valst\u012b jums ir piem\u0113rots. Pas\u016bt\u012bjumi, kas iesniegti br\u012bvdien\u0101s un sv\u0113tku dien\u0101s, tiek pieg\u0101d\u0101ti saska\u0146\u0101 ar DPD nor\u0101d\u012bto pieg\u0101des laiku. E-veikals nevar ietekm\u0113t tre\u0161\u0101s puses nor\u0101d\u012bto pieg\u0101des laiku.<\/p>\n<h2 style=\"margin-bottom: .75em; font-size: 1.25em; line-height: 1.6;\">Kurjerpasta pieg\u0101de<\/h2>\n<p>Ja v\u0113laties, lai j\u016bsu s\u016bt\u012bjumu pieg\u0101d\u0101 kurjers uz jums \u0113rtu adresi, izmantojiet DPD kurjerpasta pakalpojumu. Maks\u0101jums j\u0101veic saska\u0146\u0101 ar r\u0113\u0137inu pirms s\u016bt\u012bjuma sa\u0146em\u0161anas. Pieg\u0101de ar DPD kurjerpastu parasti aiz\u0146em 1-7 darba dienas.<\/p>\n<p>Kurjers ar jums sazin\u0101sies iepriek\u0161, lai preciz\u0113tu jums \u0113rtu pieg\u0101des laiku.<\/p>\n<p>Sa\u0146emot s\u016bt\u012bjumu, jums ir j\u0101parakst\u0101s uz pieg\u0101des pazi\u0146ojuma. Pirms pieg\u0101des pazi\u0146ojuma parakst\u012b\u0161anas p\u0101rliecinieties, ka pakete nav boj\u0101ta. Ja konstat\u0113jat defektu, varat atgriezt s\u016bt\u012bjumu kurjeram, nor\u0101dot, ka tas ir boj\u0101ts. Ja ap\u0161aub\u0101t, ka prece ir nog\u0101d\u0101ta dro\u0161i, kurjera kl\u0101tb\u016btn\u0113 varat izpakot s\u016bt\u012bjumu un p\u0101rliecin\u0101ties par s\u016bt\u012bjuma satura nevainojam\u012bbu. Ja konstat\u0113jat boj\u0101jumus, l\u016bdziet kurjeram tos nov\u0113rst un nofotograf\u0113t. P\u0113c tam p\u0113c iesp\u0113jas \u0101tr\u0101k sazinieties ar mums.<\/p>\n\t\t<\/div>\n\t\t\t\t\n<style>\n#col-1195478645 > .col-inner {\n  padding: 15px 0px 15px 0px;\n}\n<\/style>\n\t<\/div>\n\n\t\n<\/div>\n","protected":false},"excerpt":{"rendered":"","protected":false},"author":1,"featured_media":0,"parent":0,"menu_order":0,"comment_status":"closed","ping_status":"closed","template":"","meta":{"footnotes":""},"class_list":["post-731","page","type-page","status-publish","hentry"],"_links":{"self":[{"href":"https:\/\/dakauf.eu\/lv\/wp-json\/wp\/v2\/pages\/731"}],"collection":[{"href":"https:\/\/dakauf.eu\/lv\/wp-json\/wp\/v2\/pages"}],"about":[{"href":"https:\/\/dakauf.eu\/lv\/wp-json\/wp\/v2\/types\/page"}],"author":[{"embeddable":true,"href":"https:\/\/dakauf.eu\/lv\/wp-json\/wp\/v2\/users\/1"}],"replies":[{"embeddable":true,"href":"https:\/\/dakauf.eu\/lv\/wp-json\/wp\/v2\/comments?post=731"}],"version-history":[{"count":5,"href":"https:\/\/dakauf.eu\/lv\/wp-json\/wp\/v2\/pages\/731\/revisions"}],"predecessor-version":[{"id":26245,"href":"https:\/\/dakauf.eu\/lv\/wp-json\/wp\/v2\/pages\/731\/revisions\/26245"}],"wp:attachment":[{"href":"https:\/\/dakauf.eu\/lv\/wp-json\/wp\/v2\/media?parent=731"}],"curies":[{"name":"wp","href":"https:\/\/api.w.org\/{rel}","templated":true}]}}